{"id":3344,"date":"2024-05-14T15:18:18","date_gmt":"2024-05-14T12:18:18","guid":{"rendered":"https:\/\/www.rsrmoto.ee\/?post_type=product&#038;p=3344"},"modified":"2024-06-13T15:53:53","modified_gmt":"2024-06-13T12:53:53","slug":"thermal-underwear-thermo-s","status":"publish","type":"product","link":"https:\/\/rsrmoto.ee\/en\/product\/thermal-underwear-thermo-s\/","title":{"rendered":"Soe aluspesu &#8220;Thermo-S&#8221;"},"content":{"rendered":"<p>See aluskihi komplekt on kohandatud jaheda ilmaga v\u00e4litegevusteks. See juhib t\u00f5husalt higi v\u00e4lja ja hoiab kehasoojust. Ergonoomilise disaini ja painduva kangaga v\u00f5imaldab see piiramatut liikumist. Lamedad \u00f5mblused ja mikropol\u00fcestri segu tagavad h\u00f5\u00f5rdumisevaba mugavuse.<\/p>\n<p>&nbsp;<\/p>","protected":false},"excerpt":{"rendered":"<p>Temperatuurivahemik: -25\u00b0C kuni +10\u00b0\u0421<br \/>\nAnatoomiline sobivus<br \/>\nLamedad \u00f5mblused<br \/>\nElastne kangas mikrofliisist sisemuses<\/p>","protected":false},"featured_media":3369,"template":"","meta":[],"product_brand":[],"product_cat":[30,15,16,99],"product_tag":[],"class_list":{"0":"post-3344","1":"product","2":"type-product","3":"status-publish","4":"has-post-thumbnail","6":"product_cat-lumi","7":"product_cat-meestele","8":"product_cat-metsarajale","9":"product_cat-soe-aluspesu","11":"first","12":"instock","13":"taxable","14":"shipping-taxable","15":"purchasable","16":"product-type-variable"},"ct_brands":[],"yoast_head":"<!-- This site is optimized with the Yoast SEO plugin v27.3 - https:\/\/yoast.com\/product\/yoast-seo-wordpress\/ -->\n<title>Soe aluspesu &quot;Thermo-S&quot; - RSR Moto<\/title>\n<meta name=\"description\" content=\"See aluskihi komplekt on kohandatud jaheda ilmaga v\u00e4litegevusteks. See juhib t\u00f5husalt higi v\u00e4lja ja hoiab kehasoojust. Ergonoomilise disaini ja painduva\" \/>\n<meta name=\"robots\" content=\"index, follow, max-snippet:-1, max-image-preview:large, max-video-preview:-1\" \/>\n<link rel=\"canonical\" href=\"https:\/\/rsrmoto.ee\/en\/product\/thermal-underwear-thermo-s\/\" \/>\n<meta property=\"og:locale\" content=\"en_GB\" \/>\n<meta property=\"og:type\" content=\"article\" \/>\n<meta property=\"og:title\" content=\"Soe aluspesu &quot;Thermo-S&quot; - RSR Moto\" \/>\n<meta property=\"og:description\" content=\"See aluskihi komplekt on kohandatud jaheda ilmaga v\u00e4litegevusteks. See juhib t\u00f5husalt higi v\u00e4lja ja hoiab kehasoojust. Ergonoomilise disaini ja painduva\" \/>\n<meta property=\"og:url\" content=\"https:\/\/rsrmoto.ee\/en\/product\/thermal-underwear-thermo-s\/\" \/>\n<meta property=\"og:site_name\" content=\"RSR Moto\" \/>\n<meta property=\"article:modified_time\" content=\"2024-06-13T12:53:53+00:00\" \/>\n<meta property=\"og:image\" content=\"https:\/\/rsrmoto.ee\/wp-content\/uploads\/2024\/05\/3c020e7c840d9791fc814df836f086c9.webp\" \/>\n\t<meta property=\"og:image:width\" content=\"1000\" \/>\n\t<meta property=\"og:image:height\" content=\"1000\" \/>\n\t<meta property=\"og:image:type\" content=\"image\/webp\" \/>\n<meta name=\"twitter:card\" content=\"summary_large_image\" \/>\n<meta name=\"twitter:label1\" content=\"Estimated reading time\" \/>\n\t<meta name=\"twitter:data1\" content=\"1 minute\" \/>\n<script type=\"application\/ld+json\" class=\"yoast-schema-graph\">{\"@context\":\"https:\\\/\\\/schema.org\",\"@graph\":[{\"@type\":\"WebPage\",\"@id\":\"https:\\\/\\\/rsrmoto.ee\\\/toode\\\/thermal-underwear-thermo-s\\\/\",\"url\":\"https:\\\/\\\/rsrmoto.ee\\\/toode\\\/thermal-underwear-thermo-s\\\/\",\"name\":\"Soe aluspesu \\\"Thermo-S\\\" - RSR Moto\",\"isPartOf\":{\"@id\":\"https:\\\/\\\/rsrmoto.ee\\\/#website\"},\"primaryImageOfPage\":{\"@id\":\"https:\\\/\\\/rsrmoto.ee\\\/toode\\\/thermal-underwear-thermo-s\\\/#primaryimage\"},\"image\":{\"@id\":\"https:\\\/\\\/rsrmoto.ee\\\/toode\\\/thermal-underwear-thermo-s\\\/#primaryimage\"},\"thumbnailUrl\":\"https:\\\/\\\/rsrmoto.ee\\\/wp-content\\\/uploads\\\/2024\\\/05\\\/3c020e7c840d9791fc814df836f086c9.webp\",\"datePublished\":\"2024-05-14T12:18:18+00:00\",\"dateModified\":\"2024-06-13T12:53:53+00:00\",\"description\":\"See aluskihi komplekt on kohandatud jaheda ilmaga v\u00e4litegevusteks. See juhib t\u00f5husalt higi v\u00e4lja ja hoiab kehasoojust. Ergonoomilise disaini ja painduva\",\"breadcrumb\":{\"@id\":\"https:\\\/\\\/rsrmoto.ee\\\/toode\\\/thermal-underwear-thermo-s\\\/#breadcrumb\"},\"inLanguage\":\"en-GB\",\"potentialAction\":[{\"@type\":\"ReadAction\",\"target\":[\"https:\\\/\\\/rsrmoto.ee\\\/toode\\\/thermal-underwear-thermo-s\\\/\"]}]},{\"@type\":\"ImageObject\",\"inLanguage\":\"en-GB\",\"@id\":\"https:\\\/\\\/rsrmoto.ee\\\/toode\\\/thermal-underwear-thermo-s\\\/#primaryimage\",\"url\":\"https:\\\/\\\/rsrmoto.ee\\\/wp-content\\\/uploads\\\/2024\\\/05\\\/3c020e7c840d9791fc814df836f086c9.webp\",\"contentUrl\":\"https:\\\/\\\/rsrmoto.ee\\\/wp-content\\\/uploads\\\/2024\\\/05\\\/3c020e7c840d9791fc814df836f086c9.webp\",\"width\":1000,\"height\":1000},{\"@type\":\"BreadcrumbList\",\"@id\":\"https:\\\/\\\/rsrmoto.ee\\\/toode\\\/thermal-underwear-thermo-s\\\/#breadcrumb\",\"itemListElement\":[{\"@type\":\"ListItem\",\"position\":1,\"name\":\"Esileht\",\"item\":\"https:\\\/\\\/rsrmoto.ee\\\/\"},{\"@type\":\"ListItem\",\"position\":2,\"name\":\"Pood\",\"item\":\"https:\\\/\\\/rsrmoto.ee\\\/pood\\\/\"},{\"@type\":\"ListItem\",\"position\":3,\"name\":\"Soe aluspesu &#8220;Thermo-S&#8221;\"}]},{\"@type\":\"WebSite\",\"@id\":\"https:\\\/\\\/rsrmoto.ee\\\/#website\",\"url\":\"https:\\\/\\\/rsrmoto.ee\\\/\",\"name\":\"RSR Moto\",\"description\":\"Kvalitseetsed matka- ja kalastusriided\",\"publisher\":{\"@id\":\"https:\\\/\\\/rsrmoto.ee\\\/#organization\"},\"potentialAction\":[{\"@type\":\"SearchAction\",\"target\":{\"@type\":\"EntryPoint\",\"urlTemplate\":\"https:\\\/\\\/rsrmoto.ee\\\/?s={search_term_string}\"},\"query-input\":{\"@type\":\"PropertyValueSpecification\",\"valueRequired\":true,\"valueName\":\"search_term_string\"}}],\"inLanguage\":\"en-GB\"},{\"@type\":\"Organization\",\"@id\":\"https:\\\/\\\/rsrmoto.ee\\\/#organization\",\"name\":\"RSR Moto\",\"url\":\"https:\\\/\\\/rsrmoto.ee\\\/\",\"logo\":{\"@type\":\"ImageObject\",\"inLanguage\":\"en-GB\",\"@id\":\"https:\\\/\\\/rsrmoto.ee\\\/#\\\/schema\\\/logo\\\/image\\\/\",\"url\":\"https:\\\/\\\/www.rsrmoto.ee\\\/wp-content\\\/uploads\\\/2024\\\/05\\\/mountain-300x300-1.png\",\"contentUrl\":\"https:\\\/\\\/www.rsrmoto.ee\\\/wp-content\\\/uploads\\\/2024\\\/05\\\/mountain-300x300-1.png\",\"width\":300,\"height\":300,\"caption\":\"RSR Moto\"},\"image\":{\"@id\":\"https:\\\/\\\/rsrmoto.ee\\\/#\\\/schema\\\/logo\\\/image\\\/\"}}]}<\/script>\n<!-- \/ Yoast SEO plugin. -->","yoast_head_json":{"title":"Soe aluspesu \"Thermo-S\" - RSR Moto","description":"See aluskihi komplekt on kohandatud jaheda ilmaga v\u00e4litegevusteks. See juhib t\u00f5husalt higi v\u00e4lja ja hoiab kehasoojust. Ergonoomilise disaini ja painduva","robots":{"index":"index","follow":"follow","max-snippet":"max-snippet:-1","max-image-preview":"max-image-preview:large","max-video-preview":"max-video-preview:-1"},"canonical":"https:\/\/rsrmoto.ee\/en\/product\/thermal-underwear-thermo-s\/","og_locale":"en_GB","og_type":"article","og_title":"Soe aluspesu \"Thermo-S\" - RSR Moto","og_description":"See aluskihi komplekt on kohandatud jaheda ilmaga v\u00e4litegevusteks. See juhib t\u00f5husalt higi v\u00e4lja ja hoiab kehasoojust. Ergonoomilise disaini ja painduva","og_url":"https:\/\/rsrmoto.ee\/en\/product\/thermal-underwear-thermo-s\/","og_site_name":"RSR Moto","article_modified_time":"2024-06-13T12:53:53+00:00","og_image":[{"width":1000,"height":1000,"url":"https:\/\/rsrmoto.ee\/wp-content\/uploads\/2024\/05\/3c020e7c840d9791fc814df836f086c9.webp","type":"image\/webp"}],"twitter_card":"summary_large_image","twitter_misc":{"Estimated reading time":"1 minute"},"schema":{"@context":"https:\/\/schema.org","@graph":[{"@type":"WebPage","@id":"https:\/\/rsrmoto.ee\/toode\/thermal-underwear-thermo-s\/","url":"https:\/\/rsrmoto.ee\/toode\/thermal-underwear-thermo-s\/","name":"Soe aluspesu \"Thermo-S\" - RSR Moto","isPartOf":{"@id":"https:\/\/rsrmoto.ee\/#website"},"primaryImageOfPage":{"@id":"https:\/\/rsrmoto.ee\/toode\/thermal-underwear-thermo-s\/#primaryimage"},"image":{"@id":"https:\/\/rsrmoto.ee\/toode\/thermal-underwear-thermo-s\/#primaryimage"},"thumbnailUrl":"https:\/\/rsrmoto.ee\/wp-content\/uploads\/2024\/05\/3c020e7c840d9791fc814df836f086c9.webp","datePublished":"2024-05-14T12:18:18+00:00","dateModified":"2024-06-13T12:53:53+00:00","description":"See aluskihi komplekt on kohandatud jaheda ilmaga v\u00e4litegevusteks. See juhib t\u00f5husalt higi v\u00e4lja ja hoiab kehasoojust. Ergonoomilise disaini ja painduva","breadcrumb":{"@id":"https:\/\/rsrmoto.ee\/toode\/thermal-underwear-thermo-s\/#breadcrumb"},"inLanguage":"en-GB","potentialAction":[{"@type":"ReadAction","target":["https:\/\/rsrmoto.ee\/toode\/thermal-underwear-thermo-s\/"]}]},{"@type":"ImageObject","inLanguage":"en-GB","@id":"https:\/\/rsrmoto.ee\/toode\/thermal-underwear-thermo-s\/#primaryimage","url":"https:\/\/rsrmoto.ee\/wp-content\/uploads\/2024\/05\/3c020e7c840d9791fc814df836f086c9.webp","contentUrl":"https:\/\/rsrmoto.ee\/wp-content\/uploads\/2024\/05\/3c020e7c840d9791fc814df836f086c9.webp","width":1000,"height":1000},{"@type":"BreadcrumbList","@id":"https:\/\/rsrmoto.ee\/toode\/thermal-underwear-thermo-s\/#breadcrumb","itemListElement":[{"@type":"ListItem","position":1,"name":"Esileht","item":"https:\/\/rsrmoto.ee\/"},{"@type":"ListItem","position":2,"name":"Pood","item":"https:\/\/rsrmoto.ee\/pood\/"},{"@type":"ListItem","position":3,"name":"Soe aluspesu &#8220;Thermo-S&#8221;"}]},{"@type":"WebSite","@id":"https:\/\/rsrmoto.ee\/#website","url":"https:\/\/rsrmoto.ee\/","name":"RSR Moto","description":"Kvalitseetsed matka- ja kalastusriided","publisher":{"@id":"https:\/\/rsrmoto.ee\/#organization"},"potentialAction":[{"@type":"SearchAction","target":{"@type":"EntryPoint","urlTemplate":"https:\/\/rsrmoto.ee\/?s={search_term_string}"},"query-input":{"@type":"PropertyValueSpecification","valueRequired":true,"valueName":"search_term_string"}}],"inLanguage":"en-GB"},{"@type":"Organization","@id":"https:\/\/rsrmoto.ee\/#organization","name":"RSR Moto","url":"https:\/\/rsrmoto.ee\/","logo":{"@type":"ImageObject","inLanguage":"en-GB","@id":"https:\/\/rsrmoto.ee\/#\/schema\/logo\/image\/","url":"https:\/\/www.rsrmoto.ee\/wp-content\/uploads\/2024\/05\/mountain-300x300-1.png","contentUrl":"https:\/\/www.rsrmoto.ee\/wp-content\/uploads\/2024\/05\/mountain-300x300-1.png","width":300,"height":300,"caption":"RSR Moto"},"image":{"@id":"https:\/\/rsrmoto.ee\/#\/schema\/logo\/image\/"}}]}},"_links":{"self":[{"href":"https:\/\/rsrmoto.ee\/en\/wp-json\/wp\/v2\/product\/3344","targetHints":{"allow":["GET"]}}],"collection":[{"href":"https:\/\/rsrmoto.ee\/en\/wp-json\/wp\/v2\/product"}],"about":[{"href":"https:\/\/rsrmoto.ee\/en\/wp-json\/wp\/v2\/types\/product"}],"wp:featuredmedia":[{"embeddable":true,"href":"https:\/\/rsrmoto.ee\/en\/wp-json\/wp\/v2\/media\/3369"}],"wp:attachment":[{"href":"https:\/\/rsrmoto.ee\/en\/wp-json\/wp\/v2\/media?parent=3344"}],"wp:term":[{"taxonomy":"product_brand","embeddable":true,"href":"https:\/\/rsrmoto.ee\/en\/wp-json\/wp\/v2\/product_brand?post=3344"},{"taxonomy":"product_cat","embeddable":true,"href":"https:\/\/rsrmoto.ee\/en\/wp-json\/wp\/v2\/product_cat?post=3344"},{"taxonomy":"product_tag","embeddable":true,"href":"https:\/\/rsrmoto.ee\/en\/wp-json\/wp\/v2\/product_tag?post=3344"}],"curies":[{"name":"wp","href":"https:\/\/api.w.org\/{rel}","templated":true}]}}