{"id":3392,"date":"2024-05-14T15:22:41","date_gmt":"2024-05-14T12:22:41","guid":{"rendered":"https:\/\/www.rsrmoto.ee\/?post_type=product&#038;p=3392"},"modified":"2024-06-13T15:52:53","modified_gmt":"2024-06-13T12:52:53","slug":"thermal-pants-polar-black","status":"publish","type":"product","link":"https:\/\/rsrmoto.ee\/en\/product\/thermal-pants-polar-black\/","title":{"rendered":"Termo p\u00fcksid &#8220;Polar&#8221; Must"},"content":{"rendered":"<p>Isoleerivad p\u00fcksid on ideaalsed kandmiseks k\u00fclmal ajal v\u00e4liskihina. Need h\u00fcpoallergeensest Polartec\u00ae fliisist valmistatud p\u00fcksid pakuvad m\u00e4rkimisv\u00e4\u00e4rset soojust, \u00fcletades villa \u00fche kolmandiku v\u00f5rra, imades samal ajal t\u00f5husalt niiskust ja pakkudes suurep\u00e4rast venitavust. Vastupidavuse tagamiseks oleme lisanud p\u00f5lvede \u00fcmber \u00f5hukese, kuid vastupidava kangakihi, mis hoiab \u00e4ra fliisi kulumise.<\/p>\n<p>&nbsp;<\/p>","protected":false},"excerpt":{"rendered":"<p>POLARTEC\u00ae fliis<br \/>\nH\u00fcpoallergeenne kangas<br \/>\nPehme ja meeldiv puudutusele<br \/>\n2 k\u00fclgmist lukuga taskut<br \/>\nReguleeritav elastne v\u00f6\u00f6koht<br \/>\nT\u00e4iendav kulumiskaitse p\u00f5lvedel<\/p>","protected":false},"featured_media":3411,"template":"","meta":[],"product_brand":[],"product_cat":[15,27,25],"product_tag":[],"class_list":{"0":"post-3392","1":"product","2":"type-product","3":"status-publish","4":"has-post-thumbnail","6":"product_cat-meestele","7":"product_cat-puksid","8":"product_cat-termoriided","10":"first","11":"instock","12":"taxable","13":"shipping-taxable","14":"purchasable","15":"product-type-variable"},"ct_brands":[],"yoast_head":"<!-- This site is optimized with the Yoast SEO plugin v27.3 - https:\/\/yoast.com\/product\/yoast-seo-wordpress\/ -->\n<title>Termo p\u00fcksid &quot;Polar&quot; Must - RSR Moto<\/title>\n<meta name=\"description\" content=\"Isoleerivad p\u00fcksid on ideaalsed kandmiseks k\u00fclmal ajal v\u00e4liskihina. Need h\u00fcpoallergeensest Polartec\u00ae fliisist valmistatud p\u00fcksid pakuvad\" \/>\n<meta name=\"robots\" content=\"index, follow, max-snippet:-1, max-image-preview:large, max-video-preview:-1\" \/>\n<link rel=\"canonical\" href=\"https:\/\/rsrmoto.ee\/en\/product\/thermal-pants-polar-black\/\" \/>\n<meta property=\"og:locale\" content=\"en_GB\" \/>\n<meta property=\"og:type\" content=\"article\" \/>\n<meta property=\"og:title\" content=\"Termo p\u00fcksid &quot;Polar&quot; Must - RSR Moto\" \/>\n<meta property=\"og:description\" content=\"Isoleerivad p\u00fcksid on ideaalsed kandmiseks k\u00fclmal ajal v\u00e4liskihina. Need h\u00fcpoallergeensest Polartec\u00ae fliisist valmistatud p\u00fcksid pakuvad\" \/>\n<meta property=\"og:url\" content=\"https:\/\/rsrmoto.ee\/en\/product\/thermal-pants-polar-black\/\" \/>\n<meta property=\"og:site_name\" content=\"RSR Moto\" \/>\n<meta property=\"article:modified_time\" content=\"2024-06-13T12:52:53+00:00\" \/>\n<meta property=\"og:image\" content=\"https:\/\/rsrmoto.ee\/wp-content\/uploads\/2024\/05\/w2dny4z5scydck4meeb8kyl6fgjkp5n7.webp\" \/>\n\t<meta property=\"og:image:width\" content=\"1000\" \/>\n\t<meta property=\"og:image:height\" content=\"1000\" \/>\n\t<meta property=\"og:image:type\" content=\"image\/webp\" \/>\n<meta name=\"twitter:card\" content=\"summary_large_image\" \/>\n<meta name=\"twitter:label1\" content=\"Estimated reading time\" \/>\n\t<meta name=\"twitter:data1\" content=\"1 minute\" \/>\n<script type=\"application\/ld+json\" class=\"yoast-schema-graph\">{\"@context\":\"https:\\\/\\\/schema.org\",\"@graph\":[{\"@type\":\"WebPage\",\"@id\":\"https:\\\/\\\/rsrmoto.ee\\\/toode\\\/thermal-pants-polar-black\\\/\",\"url\":\"https:\\\/\\\/rsrmoto.ee\\\/toode\\\/thermal-pants-polar-black\\\/\",\"name\":\"Termo p\u00fcksid \\\"Polar\\\" Must - RSR Moto\",\"isPartOf\":{\"@id\":\"https:\\\/\\\/rsrmoto.ee\\\/#website\"},\"primaryImageOfPage\":{\"@id\":\"https:\\\/\\\/rsrmoto.ee\\\/toode\\\/thermal-pants-polar-black\\\/#primaryimage\"},\"image\":{\"@id\":\"https:\\\/\\\/rsrmoto.ee\\\/toode\\\/thermal-pants-polar-black\\\/#primaryimage\"},\"thumbnailUrl\":\"https:\\\/\\\/rsrmoto.ee\\\/wp-content\\\/uploads\\\/2024\\\/05\\\/w2dny4z5scydck4meeb8kyl6fgjkp5n7.webp\",\"datePublished\":\"2024-05-14T12:22:41+00:00\",\"dateModified\":\"2024-06-13T12:52:53+00:00\",\"description\":\"Isoleerivad p\u00fcksid on ideaalsed kandmiseks k\u00fclmal ajal v\u00e4liskihina. Need h\u00fcpoallergeensest Polartec\u00ae fliisist valmistatud p\u00fcksid pakuvad\",\"breadcrumb\":{\"@id\":\"https:\\\/\\\/rsrmoto.ee\\\/toode\\\/thermal-pants-polar-black\\\/#breadcrumb\"},\"inLanguage\":\"en-GB\",\"potentialAction\":[{\"@type\":\"ReadAction\",\"target\":[\"https:\\\/\\\/rsrmoto.ee\\\/toode\\\/thermal-pants-polar-black\\\/\"]}]},{\"@type\":\"ImageObject\",\"inLanguage\":\"en-GB\",\"@id\":\"https:\\\/\\\/rsrmoto.ee\\\/toode\\\/thermal-pants-polar-black\\\/#primaryimage\",\"url\":\"https:\\\/\\\/rsrmoto.ee\\\/wp-content\\\/uploads\\\/2024\\\/05\\\/w2dny4z5scydck4meeb8kyl6fgjkp5n7.webp\",\"contentUrl\":\"https:\\\/\\\/rsrmoto.ee\\\/wp-content\\\/uploads\\\/2024\\\/05\\\/w2dny4z5scydck4meeb8kyl6fgjkp5n7.webp\",\"width\":1000,\"height\":1000},{\"@type\":\"BreadcrumbList\",\"@id\":\"https:\\\/\\\/rsrmoto.ee\\\/toode\\\/thermal-pants-polar-black\\\/#breadcrumb\",\"itemListElement\":[{\"@type\":\"ListItem\",\"position\":1,\"name\":\"Esileht\",\"item\":\"https:\\\/\\\/rsrmoto.ee\\\/\"},{\"@type\":\"ListItem\",\"position\":2,\"name\":\"Pood\",\"item\":\"https:\\\/\\\/rsrmoto.ee\\\/pood\\\/\"},{\"@type\":\"ListItem\",\"position\":3,\"name\":\"Termo p\u00fcksid &#8220;Polar&#8221; Must\"}]},{\"@type\":\"WebSite\",\"@id\":\"https:\\\/\\\/rsrmoto.ee\\\/#website\",\"url\":\"https:\\\/\\\/rsrmoto.ee\\\/\",\"name\":\"RSR Moto\",\"description\":\"Kvalitseetsed matka- ja kalastusriided\",\"publisher\":{\"@id\":\"https:\\\/\\\/rsrmoto.ee\\\/#organization\"},\"potentialAction\":[{\"@type\":\"SearchAction\",\"target\":{\"@type\":\"EntryPoint\",\"urlTemplate\":\"https:\\\/\\\/rsrmoto.ee\\\/?s={search_term_string}\"},\"query-input\":{\"@type\":\"PropertyValueSpecification\",\"valueRequired\":true,\"valueName\":\"search_term_string\"}}],\"inLanguage\":\"en-GB\"},{\"@type\":\"Organization\",\"@id\":\"https:\\\/\\\/rsrmoto.ee\\\/#organization\",\"name\":\"RSR Moto\",\"url\":\"https:\\\/\\\/rsrmoto.ee\\\/\",\"logo\":{\"@type\":\"ImageObject\",\"inLanguage\":\"en-GB\",\"@id\":\"https:\\\/\\\/rsrmoto.ee\\\/#\\\/schema\\\/logo\\\/image\\\/\",\"url\":\"https:\\\/\\\/www.rsrmoto.ee\\\/wp-content\\\/uploads\\\/2024\\\/05\\\/mountain-300x300-1.png\",\"contentUrl\":\"https:\\\/\\\/www.rsrmoto.ee\\\/wp-content\\\/uploads\\\/2024\\\/05\\\/mountain-300x300-1.png\",\"width\":300,\"height\":300,\"caption\":\"RSR Moto\"},\"image\":{\"@id\":\"https:\\\/\\\/rsrmoto.ee\\\/#\\\/schema\\\/logo\\\/image\\\/\"}}]}<\/script>\n<!-- \/ Yoast SEO plugin. -->","yoast_head_json":{"title":"Termo p\u00fcksid \"Polar\" Must - RSR Moto","description":"Isoleerivad p\u00fcksid on ideaalsed kandmiseks k\u00fclmal ajal v\u00e4liskihina. Need h\u00fcpoallergeensest Polartec\u00ae fliisist valmistatud p\u00fcksid pakuvad","robots":{"index":"index","follow":"follow","max-snippet":"max-snippet:-1","max-image-preview":"max-image-preview:large","max-video-preview":"max-video-preview:-1"},"canonical":"https:\/\/rsrmoto.ee\/en\/product\/thermal-pants-polar-black\/","og_locale":"en_GB","og_type":"article","og_title":"Termo p\u00fcksid \"Polar\" Must - RSR Moto","og_description":"Isoleerivad p\u00fcksid on ideaalsed kandmiseks k\u00fclmal ajal v\u00e4liskihina. Need h\u00fcpoallergeensest Polartec\u00ae fliisist valmistatud p\u00fcksid pakuvad","og_url":"https:\/\/rsrmoto.ee\/en\/product\/thermal-pants-polar-black\/","og_site_name":"RSR Moto","article_modified_time":"2024-06-13T12:52:53+00:00","og_image":[{"width":1000,"height":1000,"url":"https:\/\/rsrmoto.ee\/wp-content\/uploads\/2024\/05\/w2dny4z5scydck4meeb8kyl6fgjkp5n7.webp","type":"image\/webp"}],"twitter_card":"summary_large_image","twitter_misc":{"Estimated reading time":"1 minute"},"schema":{"@context":"https:\/\/schema.org","@graph":[{"@type":"WebPage","@id":"https:\/\/rsrmoto.ee\/toode\/thermal-pants-polar-black\/","url":"https:\/\/rsrmoto.ee\/toode\/thermal-pants-polar-black\/","name":"Termo p\u00fcksid \"Polar\" Must - RSR Moto","isPartOf":{"@id":"https:\/\/rsrmoto.ee\/#website"},"primaryImageOfPage":{"@id":"https:\/\/rsrmoto.ee\/toode\/thermal-pants-polar-black\/#primaryimage"},"image":{"@id":"https:\/\/rsrmoto.ee\/toode\/thermal-pants-polar-black\/#primaryimage"},"thumbnailUrl":"https:\/\/rsrmoto.ee\/wp-content\/uploads\/2024\/05\/w2dny4z5scydck4meeb8kyl6fgjkp5n7.webp","datePublished":"2024-05-14T12:22:41+00:00","dateModified":"2024-06-13T12:52:53+00:00","description":"Isoleerivad p\u00fcksid on ideaalsed kandmiseks k\u00fclmal ajal v\u00e4liskihina. Need h\u00fcpoallergeensest Polartec\u00ae fliisist valmistatud p\u00fcksid pakuvad","breadcrumb":{"@id":"https:\/\/rsrmoto.ee\/toode\/thermal-pants-polar-black\/#breadcrumb"},"inLanguage":"en-GB","potentialAction":[{"@type":"ReadAction","target":["https:\/\/rsrmoto.ee\/toode\/thermal-pants-polar-black\/"]}]},{"@type":"ImageObject","inLanguage":"en-GB","@id":"https:\/\/rsrmoto.ee\/toode\/thermal-pants-polar-black\/#primaryimage","url":"https:\/\/rsrmoto.ee\/wp-content\/uploads\/2024\/05\/w2dny4z5scydck4meeb8kyl6fgjkp5n7.webp","contentUrl":"https:\/\/rsrmoto.ee\/wp-content\/uploads\/2024\/05\/w2dny4z5scydck4meeb8kyl6fgjkp5n7.webp","width":1000,"height":1000},{"@type":"BreadcrumbList","@id":"https:\/\/rsrmoto.ee\/toode\/thermal-pants-polar-black\/#breadcrumb","itemListElement":[{"@type":"ListItem","position":1,"name":"Esileht","item":"https:\/\/rsrmoto.ee\/"},{"@type":"ListItem","position":2,"name":"Pood","item":"https:\/\/rsrmoto.ee\/pood\/"},{"@type":"ListItem","position":3,"name":"Termo p\u00fcksid &#8220;Polar&#8221; Must"}]},{"@type":"WebSite","@id":"https:\/\/rsrmoto.ee\/#website","url":"https:\/\/rsrmoto.ee\/","name":"RSR Moto","description":"Kvalitseetsed matka- ja kalastusriided","publisher":{"@id":"https:\/\/rsrmoto.ee\/#organization"},"potentialAction":[{"@type":"SearchAction","target":{"@type":"EntryPoint","urlTemplate":"https:\/\/rsrmoto.ee\/?s={search_term_string}"},"query-input":{"@type":"PropertyValueSpecification","valueRequired":true,"valueName":"search_term_string"}}],"inLanguage":"en-GB"},{"@type":"Organization","@id":"https:\/\/rsrmoto.ee\/#organization","name":"RSR Moto","url":"https:\/\/rsrmoto.ee\/","logo":{"@type":"ImageObject","inLanguage":"en-GB","@id":"https:\/\/rsrmoto.ee\/#\/schema\/logo\/image\/","url":"https:\/\/www.rsrmoto.ee\/wp-content\/uploads\/2024\/05\/mountain-300x300-1.png","contentUrl":"https:\/\/www.rsrmoto.ee\/wp-content\/uploads\/2024\/05\/mountain-300x300-1.png","width":300,"height":300,"caption":"RSR Moto"},"image":{"@id":"https:\/\/rsrmoto.ee\/#\/schema\/logo\/image\/"}}]}},"_links":{"self":[{"href":"https:\/\/rsrmoto.ee\/en\/wp-json\/wp\/v2\/product\/3392","targetHints":{"allow":["GET"]}}],"collection":[{"href":"https:\/\/rsrmoto.ee\/en\/wp-json\/wp\/v2\/product"}],"about":[{"href":"https:\/\/rsrmoto.ee\/en\/wp-json\/wp\/v2\/types\/product"}],"wp:featuredmedia":[{"embeddable":true,"href":"https:\/\/rsrmoto.ee\/en\/wp-json\/wp\/v2\/media\/3411"}],"wp:attachment":[{"href":"https:\/\/rsrmoto.ee\/en\/wp-json\/wp\/v2\/media?parent=3392"}],"wp:term":[{"taxonomy":"product_brand","embeddable":true,"href":"https:\/\/rsrmoto.ee\/en\/wp-json\/wp\/v2\/product_brand?post=3392"},{"taxonomy":"product_cat","embeddable":true,"href":"https:\/\/rsrmoto.ee\/en\/wp-json\/wp\/v2\/product_cat?post=3392"},{"taxonomy":"product_tag","embeddable":true,"href":"https:\/\/rsrmoto.ee\/en\/wp-json\/wp\/v2\/product_tag?post=3392"}],"curies":[{"name":"wp","href":"https:\/\/api.w.org\/{rel}","templated":true}]}}