{"id":3413,"date":"2024-05-14T15:24:46","date_gmt":"2024-05-14T12:24:46","guid":{"rendered":"https:\/\/www.rsrmoto.ee\/?post_type=product&#038;p=3413"},"modified":"2024-06-13T15:52:38","modified_gmt":"2024-06-13T12:52:38","slug":"thermal-overall-polar-m","status":"publish","type":"product","link":"https:\/\/rsrmoto.ee\/en\/product\/thermal-overall-polar-m\/","title":{"rendered":"Termo kombe &#8220;Polar M&#8221;"},"content":{"rendered":"<p>Need fliiskombinesoonid on loodud isolatsioonikihina k\u00fclma ilmaga \u00f5ues tegutsemiseks. Valmistatud h\u00fcpoallergeensest POLARTEC\u00ae fliisist, pakuvad erakordset soojuse ja niiskuse juhtimist. \u00d5huke istuvus ja veniv materjal tagavad tipptulemuse. \u00dclima tulemuse saavutamiseks \u00fchendage need meie aluskihtidega. Need fliiskombinesoonid on loodud isolatsioonikihina k\u00fclma ilmaga v\u00e4litegevuseks. Valmistatud h\u00fcpoallergeensest POLARTEC\u00ae fliisist, pakuvad erakordset soojuse ja niiskuse juhtimist. \u00d5huke istuvus ja veniv materjal tagavad tipptulemuse. \u00dclima tulemuse saavutamiseks \u00fchendage need meie aluskihtidega.<\/p>\n<p>&nbsp;<\/p>","protected":false},"excerpt":{"rendered":"<p>POLARTEC\u00ae fliis<br \/>\nH\u00fcpoallergeenne materjal<br \/>\nKahesuunaline t\u00f5mblukk<br \/>\nT\u00f5mblukuga rinnatasku<br \/>\nTihedad pahkluu mansetid<br \/>\n\u00dclemine osa on tugevdatud<\/p>","protected":false},"featured_media":3416,"template":"","meta":[],"product_brand":[],"product_cat":[26,15,25],"product_tag":[],"class_list":{"0":"post-3413","1":"product","2":"type-product","3":"status-publish","4":"has-post-thumbnail","6":"product_cat-komplektid","7":"product_cat-meestele","8":"product_cat-termoriided","10":"first","11":"instock","12":"taxable","13":"shipping-taxable","14":"purchasable","15":"product-type-variable"},"ct_brands":[],"yoast_head":"<!-- This site is optimized with the Yoast SEO plugin v27.3 - https:\/\/yoast.com\/product\/yoast-seo-wordpress\/ -->\n<title>Termo kombe &quot;Polar M&quot; - RSR Moto<\/title>\n<meta name=\"description\" content=\"Need fliiskombinesoonid on loodud isolatsioonikihina k\u00fclma ilmaga \u00f5ues tegutsemiseks. Valmistatud h\u00fcpoallergeensest POLARTEC\u00ae fliisist, pakuvad erakordset\" \/>\n<meta name=\"robots\" content=\"index, follow, max-snippet:-1, max-image-preview:large, max-video-preview:-1\" \/>\n<link rel=\"canonical\" href=\"https:\/\/rsrmoto.ee\/en\/product\/thermal-overall-polar-m\/\" \/>\n<meta property=\"og:locale\" content=\"en_GB\" \/>\n<meta property=\"og:type\" content=\"article\" \/>\n<meta property=\"og:title\" content=\"Termo kombe &quot;Polar M&quot; - RSR Moto\" \/>\n<meta property=\"og:description\" content=\"Need fliiskombinesoonid on loodud isolatsioonikihina k\u00fclma ilmaga \u00f5ues tegutsemiseks. Valmistatud h\u00fcpoallergeensest POLARTEC\u00ae fliisist, pakuvad erakordset\" \/>\n<meta property=\"og:url\" content=\"https:\/\/rsrmoto.ee\/en\/product\/thermal-overall-polar-m\/\" \/>\n<meta property=\"og:site_name\" content=\"RSR Moto\" \/>\n<meta property=\"article:modified_time\" content=\"2024-06-13T12:52:38+00:00\" \/>\n<meta property=\"og:image\" content=\"https:\/\/rsrmoto.ee\/wp-content\/uploads\/2024\/05\/88aoqfz6wmd0rfn7uyvfuxewhp1707g0.webp\" \/>\n\t<meta property=\"og:image:width\" content=\"1000\" \/>\n\t<meta property=\"og:image:height\" content=\"1000\" \/>\n\t<meta property=\"og:image:type\" content=\"image\/webp\" \/>\n<meta name=\"twitter:card\" content=\"summary_large_image\" \/>\n<meta name=\"twitter:label1\" content=\"Estimated reading time\" \/>\n\t<meta name=\"twitter:data1\" content=\"1 minute\" \/>\n<script type=\"application\/ld+json\" class=\"yoast-schema-graph\">{\"@context\":\"https:\\\/\\\/schema.org\",\"@graph\":[{\"@type\":\"WebPage\",\"@id\":\"https:\\\/\\\/rsrmoto.ee\\\/toode\\\/thermal-overall-polar-m\\\/\",\"url\":\"https:\\\/\\\/rsrmoto.ee\\\/toode\\\/thermal-overall-polar-m\\\/\",\"name\":\"Termo kombe \\\"Polar M\\\" - RSR Moto\",\"isPartOf\":{\"@id\":\"https:\\\/\\\/rsrmoto.ee\\\/#website\"},\"primaryImageOfPage\":{\"@id\":\"https:\\\/\\\/rsrmoto.ee\\\/toode\\\/thermal-overall-polar-m\\\/#primaryimage\"},\"image\":{\"@id\":\"https:\\\/\\\/rsrmoto.ee\\\/toode\\\/thermal-overall-polar-m\\\/#primaryimage\"},\"thumbnailUrl\":\"https:\\\/\\\/rsrmoto.ee\\\/wp-content\\\/uploads\\\/2024\\\/05\\\/88aoqfz6wmd0rfn7uyvfuxewhp1707g0.webp\",\"datePublished\":\"2024-05-14T12:24:46+00:00\",\"dateModified\":\"2024-06-13T12:52:38+00:00\",\"description\":\"Need fliiskombinesoonid on loodud isolatsioonikihina k\u00fclma ilmaga \u00f5ues tegutsemiseks. Valmistatud h\u00fcpoallergeensest POLARTEC\u00ae fliisist, pakuvad erakordset\",\"breadcrumb\":{\"@id\":\"https:\\\/\\\/rsrmoto.ee\\\/toode\\\/thermal-overall-polar-m\\\/#breadcrumb\"},\"inLanguage\":\"en-GB\",\"potentialAction\":[{\"@type\":\"ReadAction\",\"target\":[\"https:\\\/\\\/rsrmoto.ee\\\/toode\\\/thermal-overall-polar-m\\\/\"]}]},{\"@type\":\"ImageObject\",\"inLanguage\":\"en-GB\",\"@id\":\"https:\\\/\\\/rsrmoto.ee\\\/toode\\\/thermal-overall-polar-m\\\/#primaryimage\",\"url\":\"https:\\\/\\\/rsrmoto.ee\\\/wp-content\\\/uploads\\\/2024\\\/05\\\/88aoqfz6wmd0rfn7uyvfuxewhp1707g0.webp\",\"contentUrl\":\"https:\\\/\\\/rsrmoto.ee\\\/wp-content\\\/uploads\\\/2024\\\/05\\\/88aoqfz6wmd0rfn7uyvfuxewhp1707g0.webp\",\"width\":1000,\"height\":1000},{\"@type\":\"BreadcrumbList\",\"@id\":\"https:\\\/\\\/rsrmoto.ee\\\/toode\\\/thermal-overall-polar-m\\\/#breadcrumb\",\"itemListElement\":[{\"@type\":\"ListItem\",\"position\":1,\"name\":\"Esileht\",\"item\":\"https:\\\/\\\/rsrmoto.ee\\\/\"},{\"@type\":\"ListItem\",\"position\":2,\"name\":\"Pood\",\"item\":\"https:\\\/\\\/rsrmoto.ee\\\/pood\\\/\"},{\"@type\":\"ListItem\",\"position\":3,\"name\":\"Termo kombe &#8220;Polar M&#8221;\"}]},{\"@type\":\"WebSite\",\"@id\":\"https:\\\/\\\/rsrmoto.ee\\\/#website\",\"url\":\"https:\\\/\\\/rsrmoto.ee\\\/\",\"name\":\"RSR Moto\",\"description\":\"Kvalitseetsed matka- ja kalastusriided\",\"publisher\":{\"@id\":\"https:\\\/\\\/rsrmoto.ee\\\/#organization\"},\"potentialAction\":[{\"@type\":\"SearchAction\",\"target\":{\"@type\":\"EntryPoint\",\"urlTemplate\":\"https:\\\/\\\/rsrmoto.ee\\\/?s={search_term_string}\"},\"query-input\":{\"@type\":\"PropertyValueSpecification\",\"valueRequired\":true,\"valueName\":\"search_term_string\"}}],\"inLanguage\":\"en-GB\"},{\"@type\":\"Organization\",\"@id\":\"https:\\\/\\\/rsrmoto.ee\\\/#organization\",\"name\":\"RSR Moto\",\"url\":\"https:\\\/\\\/rsrmoto.ee\\\/\",\"logo\":{\"@type\":\"ImageObject\",\"inLanguage\":\"en-GB\",\"@id\":\"https:\\\/\\\/rsrmoto.ee\\\/#\\\/schema\\\/logo\\\/image\\\/\",\"url\":\"https:\\\/\\\/www.rsrmoto.ee\\\/wp-content\\\/uploads\\\/2024\\\/05\\\/mountain-300x300-1.png\",\"contentUrl\":\"https:\\\/\\\/www.rsrmoto.ee\\\/wp-content\\\/uploads\\\/2024\\\/05\\\/mountain-300x300-1.png\",\"width\":300,\"height\":300,\"caption\":\"RSR Moto\"},\"image\":{\"@id\":\"https:\\\/\\\/rsrmoto.ee\\\/#\\\/schema\\\/logo\\\/image\\\/\"}}]}<\/script>\n<!-- \/ Yoast SEO plugin. -->","yoast_head_json":{"title":"Termo kombe \"Polar M\" - RSR Moto","description":"Need fliiskombinesoonid on loodud isolatsioonikihina k\u00fclma ilmaga \u00f5ues tegutsemiseks. Valmistatud h\u00fcpoallergeensest POLARTEC\u00ae fliisist, pakuvad erakordset","robots":{"index":"index","follow":"follow","max-snippet":"max-snippet:-1","max-image-preview":"max-image-preview:large","max-video-preview":"max-video-preview:-1"},"canonical":"https:\/\/rsrmoto.ee\/en\/product\/thermal-overall-polar-m\/","og_locale":"en_GB","og_type":"article","og_title":"Termo kombe \"Polar M\" - RSR Moto","og_description":"Need fliiskombinesoonid on loodud isolatsioonikihina k\u00fclma ilmaga \u00f5ues tegutsemiseks. Valmistatud h\u00fcpoallergeensest POLARTEC\u00ae fliisist, pakuvad erakordset","og_url":"https:\/\/rsrmoto.ee\/en\/product\/thermal-overall-polar-m\/","og_site_name":"RSR Moto","article_modified_time":"2024-06-13T12:52:38+00:00","og_image":[{"width":1000,"height":1000,"url":"https:\/\/rsrmoto.ee\/wp-content\/uploads\/2024\/05\/88aoqfz6wmd0rfn7uyvfuxewhp1707g0.webp","type":"image\/webp"}],"twitter_card":"summary_large_image","twitter_misc":{"Estimated reading time":"1 minute"},"schema":{"@context":"https:\/\/schema.org","@graph":[{"@type":"WebPage","@id":"https:\/\/rsrmoto.ee\/toode\/thermal-overall-polar-m\/","url":"https:\/\/rsrmoto.ee\/toode\/thermal-overall-polar-m\/","name":"Termo kombe \"Polar M\" - RSR Moto","isPartOf":{"@id":"https:\/\/rsrmoto.ee\/#website"},"primaryImageOfPage":{"@id":"https:\/\/rsrmoto.ee\/toode\/thermal-overall-polar-m\/#primaryimage"},"image":{"@id":"https:\/\/rsrmoto.ee\/toode\/thermal-overall-polar-m\/#primaryimage"},"thumbnailUrl":"https:\/\/rsrmoto.ee\/wp-content\/uploads\/2024\/05\/88aoqfz6wmd0rfn7uyvfuxewhp1707g0.webp","datePublished":"2024-05-14T12:24:46+00:00","dateModified":"2024-06-13T12:52:38+00:00","description":"Need fliiskombinesoonid on loodud isolatsioonikihina k\u00fclma ilmaga \u00f5ues tegutsemiseks. Valmistatud h\u00fcpoallergeensest POLARTEC\u00ae fliisist, pakuvad erakordset","breadcrumb":{"@id":"https:\/\/rsrmoto.ee\/toode\/thermal-overall-polar-m\/#breadcrumb"},"inLanguage":"en-GB","potentialAction":[{"@type":"ReadAction","target":["https:\/\/rsrmoto.ee\/toode\/thermal-overall-polar-m\/"]}]},{"@type":"ImageObject","inLanguage":"en-GB","@id":"https:\/\/rsrmoto.ee\/toode\/thermal-overall-polar-m\/#primaryimage","url":"https:\/\/rsrmoto.ee\/wp-content\/uploads\/2024\/05\/88aoqfz6wmd0rfn7uyvfuxewhp1707g0.webp","contentUrl":"https:\/\/rsrmoto.ee\/wp-content\/uploads\/2024\/05\/88aoqfz6wmd0rfn7uyvfuxewhp1707g0.webp","width":1000,"height":1000},{"@type":"BreadcrumbList","@id":"https:\/\/rsrmoto.ee\/toode\/thermal-overall-polar-m\/#breadcrumb","itemListElement":[{"@type":"ListItem","position":1,"name":"Esileht","item":"https:\/\/rsrmoto.ee\/"},{"@type":"ListItem","position":2,"name":"Pood","item":"https:\/\/rsrmoto.ee\/pood\/"},{"@type":"ListItem","position":3,"name":"Termo kombe &#8220;Polar M&#8221;"}]},{"@type":"WebSite","@id":"https:\/\/rsrmoto.ee\/#website","url":"https:\/\/rsrmoto.ee\/","name":"RSR Moto","description":"Kvalitseetsed matka- ja kalastusriided","publisher":{"@id":"https:\/\/rsrmoto.ee\/#organization"},"potentialAction":[{"@type":"SearchAction","target":{"@type":"EntryPoint","urlTemplate":"https:\/\/rsrmoto.ee\/?s={search_term_string}"},"query-input":{"@type":"PropertyValueSpecification","valueRequired":true,"valueName":"search_term_string"}}],"inLanguage":"en-GB"},{"@type":"Organization","@id":"https:\/\/rsrmoto.ee\/#organization","name":"RSR Moto","url":"https:\/\/rsrmoto.ee\/","logo":{"@type":"ImageObject","inLanguage":"en-GB","@id":"https:\/\/rsrmoto.ee\/#\/schema\/logo\/image\/","url":"https:\/\/www.rsrmoto.ee\/wp-content\/uploads\/2024\/05\/mountain-300x300-1.png","contentUrl":"https:\/\/www.rsrmoto.ee\/wp-content\/uploads\/2024\/05\/mountain-300x300-1.png","width":300,"height":300,"caption":"RSR Moto"},"image":{"@id":"https:\/\/rsrmoto.ee\/#\/schema\/logo\/image\/"}}]}},"_links":{"self":[{"href":"https:\/\/rsrmoto.ee\/en\/wp-json\/wp\/v2\/product\/3413","targetHints":{"allow":["GET"]}}],"collection":[{"href":"https:\/\/rsrmoto.ee\/en\/wp-json\/wp\/v2\/product"}],"about":[{"href":"https:\/\/rsrmoto.ee\/en\/wp-json\/wp\/v2\/types\/product"}],"wp:featuredmedia":[{"embeddable":true,"href":"https:\/\/rsrmoto.ee\/en\/wp-json\/wp\/v2\/media\/3416"}],"wp:attachment":[{"href":"https:\/\/rsrmoto.ee\/en\/wp-json\/wp\/v2\/media?parent=3413"}],"wp:term":[{"taxonomy":"product_brand","embeddable":true,"href":"https:\/\/rsrmoto.ee\/en\/wp-json\/wp\/v2\/product_brand?post=3413"},{"taxonomy":"product_cat","embeddable":true,"href":"https:\/\/rsrmoto.ee\/en\/wp-json\/wp\/v2\/product_cat?post=3413"},{"taxonomy":"product_tag","embeddable":true,"href":"https:\/\/rsrmoto.ee\/en\/wp-json\/wp\/v2\/product_tag?post=3413"}],"curies":[{"name":"wp","href":"https:\/\/api.w.org\/{rel}","templated":true}]}}