{"id":3435,"date":"2024-05-14T15:27:56","date_gmt":"2024-05-14T12:27:56","guid":{"rendered":"https:\/\/www.rsrmoto.ee\/?post_type=product&#038;p=3435"},"modified":"2024-06-13T15:52:02","modified_gmt":"2024-06-13T12:52:02","slug":"mask-transformerbala","status":"publish","type":"product","link":"https:\/\/rsrmoto.ee\/en\/product\/mask-transformerbala\/","title":{"rendered":"Mask &#8220;Transformerbala&#8221;"},"content":{"rendered":"<p>Anatoomilise disainiga \u00f5hukesest elastsest materjalist vooder. V\u00f5imaldab h\u00f5lpsat reguleerimist, kui alumine osa t\u00f5mmatakse l\u00f5ua alla, \u00fclemine osa j\u00e4\u00e4b pea peale. Balaclava esik\u00fcljel on perforeeritud osa, mis suurendab hingavust ja mugavust liikumise ajal.<\/p>\n<p>Anatoomiline l\u00f5ige liibub<br \/>\nLamedad \u00f5mblused takistavad h\u00f5\u00f5rdumist<br \/>\nPeegeldav logo<br \/>\nEsik\u00fcljel perforeeritud osa<\/p>","protected":false},"excerpt":{"rendered":"<p>Anatoomilise disainiga \u00f5hukesest elastsest materjalist vooder. V\u00f5imaldab h\u00f5lpsat reguleerimist, kui alumine osa t\u00f5mmatakse l\u00f5ua alla, \u00fclemine osa j\u00e4\u00e4b pea peale. Balaclava esik\u00fcljel on perforeeritud osa, mis suurendab hingavust ja mugavust liikumise ajal. Anatoomiline l\u00f5ige liibub Lamedad \u00f5mblused takistavad h\u00f5\u00f5rdumist Peegeldav logo Esik\u00fcljel perforeeritud osa<\/p>","protected":false},"featured_media":3437,"template":"","meta":[],"product_brand":[],"product_cat":[15],"product_tag":[],"class_list":{"0":"post-3435","1":"product","2":"type-product","3":"status-publish","4":"has-post-thumbnail","6":"product_cat-meestele","8":"first","9":"instock","10":"taxable","11":"shipping-taxable","12":"purchasable","13":"product-type-simple"},"ct_brands":[],"yoast_head":"<!-- This site is optimized with the Yoast SEO plugin v27.3 - https:\/\/yoast.com\/product\/yoast-seo-wordpress\/ -->\n<title>Mask &quot;Transformerbala&quot; - RSR Moto<\/title>\n<meta name=\"description\" content=\"Anatoomilise disainiga \u00f5hukesest elastsest materjalist vooder. V\u00f5imaldab h\u00f5lpsat reguleerimist, kui alumine osa t\u00f5mmatakse l\u00f5ua alla, \u00fclemine osa...\" \/>\n<meta name=\"robots\" content=\"index, follow, max-snippet:-1, max-image-preview:large, max-video-preview:-1\" \/>\n<link rel=\"canonical\" href=\"https:\/\/rsrmoto.ee\/en\/product\/mask-transformerbala\/\" \/>\n<meta property=\"og:locale\" content=\"en_GB\" \/>\n<meta property=\"og:type\" content=\"article\" \/>\n<meta property=\"og:title\" content=\"Mask &quot;Transformerbala&quot; - RSR Moto\" \/>\n<meta property=\"og:description\" content=\"Anatoomilise disainiga \u00f5hukesest elastsest materjalist vooder. V\u00f5imaldab h\u00f5lpsat reguleerimist, kui alumine osa t\u00f5mmatakse l\u00f5ua alla, \u00fclemine osa...\" \/>\n<meta property=\"og:url\" content=\"https:\/\/rsrmoto.ee\/en\/product\/mask-transformerbala\/\" \/>\n<meta property=\"og:site_name\" content=\"RSR Moto\" \/>\n<meta property=\"article:modified_time\" content=\"2024-06-13T12:52:02+00:00\" \/>\n<meta property=\"og:image\" content=\"https:\/\/rsrmoto.ee\/wp-content\/uploads\/2024\/05\/0d69d7dc7080e2511b1b16beb394b9fe.webp\" \/>\n\t<meta property=\"og:image:width\" content=\"1000\" \/>\n\t<meta property=\"og:image:height\" content=\"1000\" \/>\n\t<meta property=\"og:image:type\" content=\"image\/webp\" \/>\n<meta name=\"twitter:card\" content=\"summary_large_image\" \/>\n<meta name=\"twitter:label1\" content=\"Estimated reading time\" \/>\n\t<meta name=\"twitter:data1\" content=\"1 minute\" \/>\n<script type=\"application\/ld+json\" class=\"yoast-schema-graph\">{\"@context\":\"https:\\\/\\\/schema.org\",\"@graph\":[{\"@type\":\"WebPage\",\"@id\":\"https:\\\/\\\/rsrmoto.ee\\\/toode\\\/mask-transformerbala\\\/\",\"url\":\"https:\\\/\\\/rsrmoto.ee\\\/toode\\\/mask-transformerbala\\\/\",\"name\":\"Mask \\\"Transformerbala\\\" - RSR Moto\",\"isPartOf\":{\"@id\":\"https:\\\/\\\/rsrmoto.ee\\\/#website\"},\"primaryImageOfPage\":{\"@id\":\"https:\\\/\\\/rsrmoto.ee\\\/toode\\\/mask-transformerbala\\\/#primaryimage\"},\"image\":{\"@id\":\"https:\\\/\\\/rsrmoto.ee\\\/toode\\\/mask-transformerbala\\\/#primaryimage\"},\"thumbnailUrl\":\"https:\\\/\\\/rsrmoto.ee\\\/wp-content\\\/uploads\\\/2024\\\/05\\\/0d69d7dc7080e2511b1b16beb394b9fe.webp\",\"datePublished\":\"2024-05-14T12:27:56+00:00\",\"dateModified\":\"2024-06-13T12:52:02+00:00\",\"description\":\"Anatoomilise disainiga \u00f5hukesest elastsest materjalist vooder. V\u00f5imaldab h\u00f5lpsat reguleerimist, kui alumine osa t\u00f5mmatakse l\u00f5ua alla, \u00fclemine osa...\",\"breadcrumb\":{\"@id\":\"https:\\\/\\\/rsrmoto.ee\\\/toode\\\/mask-transformerbala\\\/#breadcrumb\"},\"inLanguage\":\"en-GB\",\"potentialAction\":[{\"@type\":\"ReadAction\",\"target\":[\"https:\\\/\\\/rsrmoto.ee\\\/toode\\\/mask-transformerbala\\\/\"]}]},{\"@type\":\"ImageObject\",\"inLanguage\":\"en-GB\",\"@id\":\"https:\\\/\\\/rsrmoto.ee\\\/toode\\\/mask-transformerbala\\\/#primaryimage\",\"url\":\"https:\\\/\\\/rsrmoto.ee\\\/wp-content\\\/uploads\\\/2024\\\/05\\\/0d69d7dc7080e2511b1b16beb394b9fe.webp\",\"contentUrl\":\"https:\\\/\\\/rsrmoto.ee\\\/wp-content\\\/uploads\\\/2024\\\/05\\\/0d69d7dc7080e2511b1b16beb394b9fe.webp\",\"width\":1000,\"height\":1000},{\"@type\":\"BreadcrumbList\",\"@id\":\"https:\\\/\\\/rsrmoto.ee\\\/toode\\\/mask-transformerbala\\\/#breadcrumb\",\"itemListElement\":[{\"@type\":\"ListItem\",\"position\":1,\"name\":\"Esileht\",\"item\":\"https:\\\/\\\/rsrmoto.ee\\\/\"},{\"@type\":\"ListItem\",\"position\":2,\"name\":\"Pood\",\"item\":\"https:\\\/\\\/rsrmoto.ee\\\/pood\\\/\"},{\"@type\":\"ListItem\",\"position\":3,\"name\":\"Mask &#8220;Transformerbala&#8221;\"}]},{\"@type\":\"WebSite\",\"@id\":\"https:\\\/\\\/rsrmoto.ee\\\/#website\",\"url\":\"https:\\\/\\\/rsrmoto.ee\\\/\",\"name\":\"RSR Moto\",\"description\":\"Kvalitseetsed matka- ja kalastusriided\",\"publisher\":{\"@id\":\"https:\\\/\\\/rsrmoto.ee\\\/#organization\"},\"potentialAction\":[{\"@type\":\"SearchAction\",\"target\":{\"@type\":\"EntryPoint\",\"urlTemplate\":\"https:\\\/\\\/rsrmoto.ee\\\/?s={search_term_string}\"},\"query-input\":{\"@type\":\"PropertyValueSpecification\",\"valueRequired\":true,\"valueName\":\"search_term_string\"}}],\"inLanguage\":\"en-GB\"},{\"@type\":\"Organization\",\"@id\":\"https:\\\/\\\/rsrmoto.ee\\\/#organization\",\"name\":\"RSR Moto\",\"url\":\"https:\\\/\\\/rsrmoto.ee\\\/\",\"logo\":{\"@type\":\"ImageObject\",\"inLanguage\":\"en-GB\",\"@id\":\"https:\\\/\\\/rsrmoto.ee\\\/#\\\/schema\\\/logo\\\/image\\\/\",\"url\":\"https:\\\/\\\/www.rsrmoto.ee\\\/wp-content\\\/uploads\\\/2024\\\/05\\\/mountain-300x300-1.png\",\"contentUrl\":\"https:\\\/\\\/www.rsrmoto.ee\\\/wp-content\\\/uploads\\\/2024\\\/05\\\/mountain-300x300-1.png\",\"width\":300,\"height\":300,\"caption\":\"RSR Moto\"},\"image\":{\"@id\":\"https:\\\/\\\/rsrmoto.ee\\\/#\\\/schema\\\/logo\\\/image\\\/\"}}]}<\/script>\n<!-- \/ Yoast SEO plugin. -->","yoast_head_json":{"title":"Mask \"Transformerbala\" - RSR Moto","description":"Anatoomilise disainiga \u00f5hukesest elastsest materjalist vooder. V\u00f5imaldab h\u00f5lpsat reguleerimist, kui alumine osa t\u00f5mmatakse l\u00f5ua alla, \u00fclemine osa...","robots":{"index":"index","follow":"follow","max-snippet":"max-snippet:-1","max-image-preview":"max-image-preview:large","max-video-preview":"max-video-preview:-1"},"canonical":"https:\/\/rsrmoto.ee\/en\/product\/mask-transformerbala\/","og_locale":"en_GB","og_type":"article","og_title":"Mask \"Transformerbala\" - RSR Moto","og_description":"Anatoomilise disainiga \u00f5hukesest elastsest materjalist vooder. V\u00f5imaldab h\u00f5lpsat reguleerimist, kui alumine osa t\u00f5mmatakse l\u00f5ua alla, \u00fclemine osa...","og_url":"https:\/\/rsrmoto.ee\/en\/product\/mask-transformerbala\/","og_site_name":"RSR Moto","article_modified_time":"2024-06-13T12:52:02+00:00","og_image":[{"width":1000,"height":1000,"url":"https:\/\/rsrmoto.ee\/wp-content\/uploads\/2024\/05\/0d69d7dc7080e2511b1b16beb394b9fe.webp","type":"image\/webp"}],"twitter_card":"summary_large_image","twitter_misc":{"Estimated reading time":"1 minute"},"schema":{"@context":"https:\/\/schema.org","@graph":[{"@type":"WebPage","@id":"https:\/\/rsrmoto.ee\/toode\/mask-transformerbala\/","url":"https:\/\/rsrmoto.ee\/toode\/mask-transformerbala\/","name":"Mask \"Transformerbala\" - RSR Moto","isPartOf":{"@id":"https:\/\/rsrmoto.ee\/#website"},"primaryImageOfPage":{"@id":"https:\/\/rsrmoto.ee\/toode\/mask-transformerbala\/#primaryimage"},"image":{"@id":"https:\/\/rsrmoto.ee\/toode\/mask-transformerbala\/#primaryimage"},"thumbnailUrl":"https:\/\/rsrmoto.ee\/wp-content\/uploads\/2024\/05\/0d69d7dc7080e2511b1b16beb394b9fe.webp","datePublished":"2024-05-14T12:27:56+00:00","dateModified":"2024-06-13T12:52:02+00:00","description":"Anatoomilise disainiga \u00f5hukesest elastsest materjalist vooder. V\u00f5imaldab h\u00f5lpsat reguleerimist, kui alumine osa t\u00f5mmatakse l\u00f5ua alla, \u00fclemine osa...","breadcrumb":{"@id":"https:\/\/rsrmoto.ee\/toode\/mask-transformerbala\/#breadcrumb"},"inLanguage":"en-GB","potentialAction":[{"@type":"ReadAction","target":["https:\/\/rsrmoto.ee\/toode\/mask-transformerbala\/"]}]},{"@type":"ImageObject","inLanguage":"en-GB","@id":"https:\/\/rsrmoto.ee\/toode\/mask-transformerbala\/#primaryimage","url":"https:\/\/rsrmoto.ee\/wp-content\/uploads\/2024\/05\/0d69d7dc7080e2511b1b16beb394b9fe.webp","contentUrl":"https:\/\/rsrmoto.ee\/wp-content\/uploads\/2024\/05\/0d69d7dc7080e2511b1b16beb394b9fe.webp","width":1000,"height":1000},{"@type":"BreadcrumbList","@id":"https:\/\/rsrmoto.ee\/toode\/mask-transformerbala\/#breadcrumb","itemListElement":[{"@type":"ListItem","position":1,"name":"Esileht","item":"https:\/\/rsrmoto.ee\/"},{"@type":"ListItem","position":2,"name":"Pood","item":"https:\/\/rsrmoto.ee\/pood\/"},{"@type":"ListItem","position":3,"name":"Mask &#8220;Transformerbala&#8221;"}]},{"@type":"WebSite","@id":"https:\/\/rsrmoto.ee\/#website","url":"https:\/\/rsrmoto.ee\/","name":"RSR Moto","description":"Kvalitseetsed matka- ja kalastusriided","publisher":{"@id":"https:\/\/rsrmoto.ee\/#organization"},"potentialAction":[{"@type":"SearchAction","target":{"@type":"EntryPoint","urlTemplate":"https:\/\/rsrmoto.ee\/?s={search_term_string}"},"query-input":{"@type":"PropertyValueSpecification","valueRequired":true,"valueName":"search_term_string"}}],"inLanguage":"en-GB"},{"@type":"Organization","@id":"https:\/\/rsrmoto.ee\/#organization","name":"RSR Moto","url":"https:\/\/rsrmoto.ee\/","logo":{"@type":"ImageObject","inLanguage":"en-GB","@id":"https:\/\/rsrmoto.ee\/#\/schema\/logo\/image\/","url":"https:\/\/www.rsrmoto.ee\/wp-content\/uploads\/2024\/05\/mountain-300x300-1.png","contentUrl":"https:\/\/www.rsrmoto.ee\/wp-content\/uploads\/2024\/05\/mountain-300x300-1.png","width":300,"height":300,"caption":"RSR Moto"},"image":{"@id":"https:\/\/rsrmoto.ee\/#\/schema\/logo\/image\/"}}]}},"_links":{"self":[{"href":"https:\/\/rsrmoto.ee\/en\/wp-json\/wp\/v2\/product\/3435","targetHints":{"allow":["GET"]}}],"collection":[{"href":"https:\/\/rsrmoto.ee\/en\/wp-json\/wp\/v2\/product"}],"about":[{"href":"https:\/\/rsrmoto.ee\/en\/wp-json\/wp\/v2\/types\/product"}],"wp:featuredmedia":[{"embeddable":true,"href":"https:\/\/rsrmoto.ee\/en\/wp-json\/wp\/v2\/media\/3437"}],"wp:attachment":[{"href":"https:\/\/rsrmoto.ee\/en\/wp-json\/wp\/v2\/media?parent=3435"}],"wp:term":[{"taxonomy":"product_brand","embeddable":true,"href":"https:\/\/rsrmoto.ee\/en\/wp-json\/wp\/v2\/product_brand?post=3435"},{"taxonomy":"product_cat","embeddable":true,"href":"https:\/\/rsrmoto.ee\/en\/wp-json\/wp\/v2\/product_cat?post=3435"},{"taxonomy":"product_tag","embeddable":true,"href":"https:\/\/rsrmoto.ee\/en\/wp-json\/wp\/v2\/product_tag?post=3435"}],"curies":[{"name":"wp","href":"https:\/\/api.w.org\/{rel}","templated":true}]}}