{"id":3438,"date":"2024-05-14T15:29:07","date_gmt":"2024-05-14T12:29:07","guid":{"rendered":"https:\/\/www.rsrmoto.ee\/?post_type=product&#038;p=3438"},"modified":"2024-06-13T15:51:24","modified_gmt":"2024-06-13T12:51:24","slug":"mask-turbobala","status":"publish","type":"product","link":"https:\/\/rsrmoto.ee\/en\/product\/mask-turbobala\/","title":{"rendered":"Mask &#8220;Turbobala&#8221;"},"content":{"rendered":"<p>Anatoomilise disainiga \u00f5hukesest elastsest materjalist vooder. Alumise osa saab t\u00f5mmata l\u00f5ua alla, \u00fclemine osa j\u00e4\u00e4b pea peale. Balaclava esik\u00fcljel on perforeeritud osa, mis suurendab hingavust ja mugavust liikumise ajal.<\/p>\n<p>&nbsp;<\/p>","protected":false},"excerpt":{"rendered":"<p>Lamedad \u00f5mblused<br \/>\nPeegeldavad logod<br \/>\nEsik\u00fcljel perforeeritud osa<\/p>","protected":false},"featured_media":3439,"template":"","meta":[],"product_brand":[],"product_cat":[30,16,90,23],"product_tag":[],"class_list":{"0":"post-3438","1":"product","2":"type-product","3":"status-publish","4":"has-post-thumbnail","6":"product_cat-lumi","7":"product_cat-metsarajale","8":"product_cat-muud-tooted","9":"product_cat-naistele","11":"first","12":"instock","13":"taxable","14":"shipping-taxable","15":"purchasable","16":"product-type-simple"},"ct_brands":[],"yoast_head":"<!-- This site is optimized with the Yoast SEO plugin v27.3 - https:\/\/yoast.com\/product\/yoast-seo-wordpress\/ -->\n<title>Mask &quot;Turbobala&quot; - RSR Moto<\/title>\n<meta name=\"description\" content=\"Anatoomilise disainiga \u00f5hukesest elastsest materjalist vooder. Alumise osa saab t\u00f5mmata l\u00f5ua alla, \u00fclemine osa j\u00e4\u00e4b pea peale. Balaclava esik\u00fcljel on...\" \/>\n<meta name=\"robots\" content=\"index, follow, max-snippet:-1, max-image-preview:large, max-video-preview:-1\" \/>\n<link rel=\"canonical\" href=\"https:\/\/rsrmoto.ee\/en\/product\/mask-turbobala\/\" \/>\n<meta property=\"og:locale\" content=\"en_GB\" \/>\n<meta property=\"og:type\" content=\"article\" \/>\n<meta property=\"og:title\" content=\"Mask &quot;Turbobala&quot; - RSR Moto\" \/>\n<meta property=\"og:description\" content=\"Anatoomilise disainiga \u00f5hukesest elastsest materjalist vooder. Alumise osa saab t\u00f5mmata l\u00f5ua alla, \u00fclemine osa j\u00e4\u00e4b pea peale. Balaclava esik\u00fcljel on...\" \/>\n<meta property=\"og:url\" content=\"https:\/\/rsrmoto.ee\/en\/product\/mask-turbobala\/\" \/>\n<meta property=\"og:site_name\" content=\"RSR Moto\" \/>\n<meta property=\"article:modified_time\" content=\"2024-06-13T12:51:24+00:00\" \/>\n<meta property=\"og:image\" content=\"https:\/\/rsrmoto.ee\/wp-content\/uploads\/2024\/05\/3f6f4e1e11f324ae1d49e673f6d250bc.webp\" \/>\n\t<meta property=\"og:image:width\" content=\"1000\" \/>\n\t<meta property=\"og:image:height\" content=\"1000\" \/>\n\t<meta property=\"og:image:type\" content=\"image\/webp\" \/>\n<meta name=\"twitter:card\" content=\"summary_large_image\" \/>\n<meta name=\"twitter:label1\" content=\"Estimated reading time\" \/>\n\t<meta name=\"twitter:data1\" content=\"1 minute\" \/>\n<script type=\"application\/ld+json\" class=\"yoast-schema-graph\">{\"@context\":\"https:\\\/\\\/schema.org\",\"@graph\":[{\"@type\":\"WebPage\",\"@id\":\"https:\\\/\\\/rsrmoto.ee\\\/toode\\\/mask-turbobala\\\/\",\"url\":\"https:\\\/\\\/rsrmoto.ee\\\/toode\\\/mask-turbobala\\\/\",\"name\":\"Mask \\\"Turbobala\\\" - RSR Moto\",\"isPartOf\":{\"@id\":\"https:\\\/\\\/rsrmoto.ee\\\/#website\"},\"primaryImageOfPage\":{\"@id\":\"https:\\\/\\\/rsrmoto.ee\\\/toode\\\/mask-turbobala\\\/#primaryimage\"},\"image\":{\"@id\":\"https:\\\/\\\/rsrmoto.ee\\\/toode\\\/mask-turbobala\\\/#primaryimage\"},\"thumbnailUrl\":\"https:\\\/\\\/rsrmoto.ee\\\/wp-content\\\/uploads\\\/2024\\\/05\\\/3f6f4e1e11f324ae1d49e673f6d250bc.webp\",\"datePublished\":\"2024-05-14T12:29:07+00:00\",\"dateModified\":\"2024-06-13T12:51:24+00:00\",\"description\":\"Anatoomilise disainiga \u00f5hukesest elastsest materjalist vooder. Alumise osa saab t\u00f5mmata l\u00f5ua alla, \u00fclemine osa j\u00e4\u00e4b pea peale. Balaclava esik\u00fcljel on...\",\"breadcrumb\":{\"@id\":\"https:\\\/\\\/rsrmoto.ee\\\/toode\\\/mask-turbobala\\\/#breadcrumb\"},\"inLanguage\":\"en-GB\",\"potentialAction\":[{\"@type\":\"ReadAction\",\"target\":[\"https:\\\/\\\/rsrmoto.ee\\\/toode\\\/mask-turbobala\\\/\"]}]},{\"@type\":\"ImageObject\",\"inLanguage\":\"en-GB\",\"@id\":\"https:\\\/\\\/rsrmoto.ee\\\/toode\\\/mask-turbobala\\\/#primaryimage\",\"url\":\"https:\\\/\\\/rsrmoto.ee\\\/wp-content\\\/uploads\\\/2024\\\/05\\\/3f6f4e1e11f324ae1d49e673f6d250bc.webp\",\"contentUrl\":\"https:\\\/\\\/rsrmoto.ee\\\/wp-content\\\/uploads\\\/2024\\\/05\\\/3f6f4e1e11f324ae1d49e673f6d250bc.webp\",\"width\":1000,\"height\":1000},{\"@type\":\"BreadcrumbList\",\"@id\":\"https:\\\/\\\/rsrmoto.ee\\\/toode\\\/mask-turbobala\\\/#breadcrumb\",\"itemListElement\":[{\"@type\":\"ListItem\",\"position\":1,\"name\":\"Esileht\",\"item\":\"https:\\\/\\\/rsrmoto.ee\\\/\"},{\"@type\":\"ListItem\",\"position\":2,\"name\":\"Pood\",\"item\":\"https:\\\/\\\/rsrmoto.ee\\\/pood\\\/\"},{\"@type\":\"ListItem\",\"position\":3,\"name\":\"Mask &#8220;Turbobala&#8221;\"}]},{\"@type\":\"WebSite\",\"@id\":\"https:\\\/\\\/rsrmoto.ee\\\/#website\",\"url\":\"https:\\\/\\\/rsrmoto.ee\\\/\",\"name\":\"RSR Moto\",\"description\":\"Kvalitseetsed matka- ja kalastusriided\",\"publisher\":{\"@id\":\"https:\\\/\\\/rsrmoto.ee\\\/#organization\"},\"potentialAction\":[{\"@type\":\"SearchAction\",\"target\":{\"@type\":\"EntryPoint\",\"urlTemplate\":\"https:\\\/\\\/rsrmoto.ee\\\/?s={search_term_string}\"},\"query-input\":{\"@type\":\"PropertyValueSpecification\",\"valueRequired\":true,\"valueName\":\"search_term_string\"}}],\"inLanguage\":\"en-GB\"},{\"@type\":\"Organization\",\"@id\":\"https:\\\/\\\/rsrmoto.ee\\\/#organization\",\"name\":\"RSR Moto\",\"url\":\"https:\\\/\\\/rsrmoto.ee\\\/\",\"logo\":{\"@type\":\"ImageObject\",\"inLanguage\":\"en-GB\",\"@id\":\"https:\\\/\\\/rsrmoto.ee\\\/#\\\/schema\\\/logo\\\/image\\\/\",\"url\":\"https:\\\/\\\/www.rsrmoto.ee\\\/wp-content\\\/uploads\\\/2024\\\/05\\\/mountain-300x300-1.png\",\"contentUrl\":\"https:\\\/\\\/www.rsrmoto.ee\\\/wp-content\\\/uploads\\\/2024\\\/05\\\/mountain-300x300-1.png\",\"width\":300,\"height\":300,\"caption\":\"RSR Moto\"},\"image\":{\"@id\":\"https:\\\/\\\/rsrmoto.ee\\\/#\\\/schema\\\/logo\\\/image\\\/\"}}]}<\/script>\n<!-- \/ Yoast SEO plugin. -->","yoast_head_json":{"title":"Mask \"Turbobala\" - RSR Moto","description":"Anatoomilise disainiga \u00f5hukesest elastsest materjalist vooder. Alumise osa saab t\u00f5mmata l\u00f5ua alla, \u00fclemine osa j\u00e4\u00e4b pea peale. Balaclava esik\u00fcljel on...","robots":{"index":"index","follow":"follow","max-snippet":"max-snippet:-1","max-image-preview":"max-image-preview:large","max-video-preview":"max-video-preview:-1"},"canonical":"https:\/\/rsrmoto.ee\/en\/product\/mask-turbobala\/","og_locale":"en_GB","og_type":"article","og_title":"Mask \"Turbobala\" - RSR Moto","og_description":"Anatoomilise disainiga \u00f5hukesest elastsest materjalist vooder. Alumise osa saab t\u00f5mmata l\u00f5ua alla, \u00fclemine osa j\u00e4\u00e4b pea peale. Balaclava esik\u00fcljel on...","og_url":"https:\/\/rsrmoto.ee\/en\/product\/mask-turbobala\/","og_site_name":"RSR Moto","article_modified_time":"2024-06-13T12:51:24+00:00","og_image":[{"width":1000,"height":1000,"url":"https:\/\/rsrmoto.ee\/wp-content\/uploads\/2024\/05\/3f6f4e1e11f324ae1d49e673f6d250bc.webp","type":"image\/webp"}],"twitter_card":"summary_large_image","twitter_misc":{"Estimated reading time":"1 minute"},"schema":{"@context":"https:\/\/schema.org","@graph":[{"@type":"WebPage","@id":"https:\/\/rsrmoto.ee\/toode\/mask-turbobala\/","url":"https:\/\/rsrmoto.ee\/toode\/mask-turbobala\/","name":"Mask \"Turbobala\" - RSR Moto","isPartOf":{"@id":"https:\/\/rsrmoto.ee\/#website"},"primaryImageOfPage":{"@id":"https:\/\/rsrmoto.ee\/toode\/mask-turbobala\/#primaryimage"},"image":{"@id":"https:\/\/rsrmoto.ee\/toode\/mask-turbobala\/#primaryimage"},"thumbnailUrl":"https:\/\/rsrmoto.ee\/wp-content\/uploads\/2024\/05\/3f6f4e1e11f324ae1d49e673f6d250bc.webp","datePublished":"2024-05-14T12:29:07+00:00","dateModified":"2024-06-13T12:51:24+00:00","description":"Anatoomilise disainiga \u00f5hukesest elastsest materjalist vooder. Alumise osa saab t\u00f5mmata l\u00f5ua alla, \u00fclemine osa j\u00e4\u00e4b pea peale. Balaclava esik\u00fcljel on...","breadcrumb":{"@id":"https:\/\/rsrmoto.ee\/toode\/mask-turbobala\/#breadcrumb"},"inLanguage":"en-GB","potentialAction":[{"@type":"ReadAction","target":["https:\/\/rsrmoto.ee\/toode\/mask-turbobala\/"]}]},{"@type":"ImageObject","inLanguage":"en-GB","@id":"https:\/\/rsrmoto.ee\/toode\/mask-turbobala\/#primaryimage","url":"https:\/\/rsrmoto.ee\/wp-content\/uploads\/2024\/05\/3f6f4e1e11f324ae1d49e673f6d250bc.webp","contentUrl":"https:\/\/rsrmoto.ee\/wp-content\/uploads\/2024\/05\/3f6f4e1e11f324ae1d49e673f6d250bc.webp","width":1000,"height":1000},{"@type":"BreadcrumbList","@id":"https:\/\/rsrmoto.ee\/toode\/mask-turbobala\/#breadcrumb","itemListElement":[{"@type":"ListItem","position":1,"name":"Esileht","item":"https:\/\/rsrmoto.ee\/"},{"@type":"ListItem","position":2,"name":"Pood","item":"https:\/\/rsrmoto.ee\/pood\/"},{"@type":"ListItem","position":3,"name":"Mask &#8220;Turbobala&#8221;"}]},{"@type":"WebSite","@id":"https:\/\/rsrmoto.ee\/#website","url":"https:\/\/rsrmoto.ee\/","name":"RSR Moto","description":"Kvalitseetsed matka- ja kalastusriided","publisher":{"@id":"https:\/\/rsrmoto.ee\/#organization"},"potentialAction":[{"@type":"SearchAction","target":{"@type":"EntryPoint","urlTemplate":"https:\/\/rsrmoto.ee\/?s={search_term_string}"},"query-input":{"@type":"PropertyValueSpecification","valueRequired":true,"valueName":"search_term_string"}}],"inLanguage":"en-GB"},{"@type":"Organization","@id":"https:\/\/rsrmoto.ee\/#organization","name":"RSR Moto","url":"https:\/\/rsrmoto.ee\/","logo":{"@type":"ImageObject","inLanguage":"en-GB","@id":"https:\/\/rsrmoto.ee\/#\/schema\/logo\/image\/","url":"https:\/\/www.rsrmoto.ee\/wp-content\/uploads\/2024\/05\/mountain-300x300-1.png","contentUrl":"https:\/\/www.rsrmoto.ee\/wp-content\/uploads\/2024\/05\/mountain-300x300-1.png","width":300,"height":300,"caption":"RSR Moto"},"image":{"@id":"https:\/\/rsrmoto.ee\/#\/schema\/logo\/image\/"}}]}},"_links":{"self":[{"href":"https:\/\/rsrmoto.ee\/en\/wp-json\/wp\/v2\/product\/3438","targetHints":{"allow":["GET"]}}],"collection":[{"href":"https:\/\/rsrmoto.ee\/en\/wp-json\/wp\/v2\/product"}],"about":[{"href":"https:\/\/rsrmoto.ee\/en\/wp-json\/wp\/v2\/types\/product"}],"wp:featuredmedia":[{"embeddable":true,"href":"https:\/\/rsrmoto.ee\/en\/wp-json\/wp\/v2\/media\/3439"}],"wp:attachment":[{"href":"https:\/\/rsrmoto.ee\/en\/wp-json\/wp\/v2\/media?parent=3438"}],"wp:term":[{"taxonomy":"product_brand","embeddable":true,"href":"https:\/\/rsrmoto.ee\/en\/wp-json\/wp\/v2\/product_brand?post=3438"},{"taxonomy":"product_cat","embeddable":true,"href":"https:\/\/rsrmoto.ee\/en\/wp-json\/wp\/v2\/product_cat?post=3438"},{"taxonomy":"product_tag","embeddable":true,"href":"https:\/\/rsrmoto.ee\/en\/wp-json\/wp\/v2\/product_tag?post=3438"}],"curies":[{"name":"wp","href":"https:\/\/api.w.org\/{rel}","templated":true}]}}