{"id":3567,"date":"2024-05-14T15:50:36","date_gmt":"2024-05-14T12:50:36","guid":{"rendered":"https:\/\/www.rsrmoto.ee\/?post_type=product&#038;p=3567"},"modified":"2024-06-13T15:47:13","modified_gmt":"2024-06-13T12:47:13","slug":"t-shirt-logoqr-black","status":"publish","type":"product","link":"https:\/\/rsrmoto.ee\/en\/product\/t-shirt-logoqr-black\/","title":{"rendered":"T-s\u00e4rk &#8220;LogoQR&#8221; Must"},"content":{"rendered":"<p>Klassikaline O-kaelusega T-s\u00e4rk, mis on valmistatud puuvillasest elastaani segust, et tagada suurem kulumiskindlus. Selle r\u00f5ivaeseme esik\u00fcljele ja kapuutsile on julgelt tr\u00fckitud ikooniline Finntraili logo, mis n\u00e4itab oma kaubam\u00e4rgi identiteeti. Kaasaegset h\u00f5ngu lisab tagak\u00fcljel olev QR-kood, mis pakub kiiret juurdep\u00e4\u00e4su asjakohasele teabele.<\/p>\n<p>&nbsp;<\/p>","protected":false},"excerpt":{"rendered":"<p>&#8211; Klassikaline sirge siluett<br \/>\n&#8211; Pehme puuvillane elastaani segu<br \/>\n&#8211; O-kael<br \/>\n&#8211; Julge br\u00e4nding<\/p>","protected":false},"featured_media":3569,"template":"","meta":[],"product_brand":[],"product_cat":[15,88],"product_tag":[],"class_list":{"0":"post-3567","1":"product","2":"type-product","3":"status-publish","4":"has-post-thumbnail","6":"product_cat-meestele","7":"product_cat-sargid","9":"first","10":"instock","11":"taxable","12":"shipping-taxable","13":"purchasable","14":"product-type-variable"},"ct_brands":[],"yoast_head":"<!-- This site is optimized with the Yoast SEO plugin v27.3 - https:\/\/yoast.com\/product\/yoast-seo-wordpress\/ -->\n<title>T-s\u00e4rk &quot;LogoQR&quot; Must - RSR Moto<\/title>\n<meta name=\"description\" content=\"Klassikaline O-kaelusega T-s\u00e4rk, mis on valmistatud puuvillasest elastaani segust, et tagada suurem kulumiskindlus. Selle r\u00f5ivaeseme esik\u00fcljele...\" \/>\n<meta name=\"robots\" content=\"index, follow, max-snippet:-1, max-image-preview:large, max-video-preview:-1\" \/>\n<link rel=\"canonical\" href=\"https:\/\/rsrmoto.ee\/en\/product\/t-shirt-logoqr-black\/\" \/>\n<meta property=\"og:locale\" content=\"en_GB\" \/>\n<meta property=\"og:type\" content=\"article\" \/>\n<meta property=\"og:title\" content=\"T-s\u00e4rk &quot;LogoQR&quot; Must - RSR Moto\" \/>\n<meta property=\"og:description\" content=\"Klassikaline O-kaelusega T-s\u00e4rk, mis on valmistatud puuvillasest elastaani segust, et tagada suurem kulumiskindlus. Selle r\u00f5ivaeseme esik\u00fcljele...\" \/>\n<meta property=\"og:url\" content=\"https:\/\/rsrmoto.ee\/en\/product\/t-shirt-logoqr-black\/\" \/>\n<meta property=\"og:site_name\" content=\"RSR Moto\" \/>\n<meta property=\"article:modified_time\" content=\"2024-06-13T12:47:13+00:00\" \/>\n<meta property=\"og:image\" content=\"https:\/\/rsrmoto.ee\/wp-content\/uploads\/2024\/05\/eh4dk1507urhkrdg965xqaxdaaja7o2e.webp\" \/>\n\t<meta property=\"og:image:width\" content=\"1000\" \/>\n\t<meta property=\"og:image:height\" content=\"1000\" \/>\n\t<meta property=\"og:image:type\" content=\"image\/webp\" \/>\n<meta name=\"twitter:card\" content=\"summary_large_image\" \/>\n<meta name=\"twitter:label1\" content=\"Estimated reading time\" \/>\n\t<meta name=\"twitter:data1\" content=\"1 minute\" \/>\n<script type=\"application\/ld+json\" class=\"yoast-schema-graph\">{\"@context\":\"https:\\\/\\\/schema.org\",\"@graph\":[{\"@type\":\"WebPage\",\"@id\":\"https:\\\/\\\/rsrmoto.ee\\\/toode\\\/t-shirt-logoqr-black\\\/\",\"url\":\"https:\\\/\\\/rsrmoto.ee\\\/toode\\\/t-shirt-logoqr-black\\\/\",\"name\":\"T-s\u00e4rk \\\"LogoQR\\\" Must - RSR Moto\",\"isPartOf\":{\"@id\":\"https:\\\/\\\/rsrmoto.ee\\\/#website\"},\"primaryImageOfPage\":{\"@id\":\"https:\\\/\\\/rsrmoto.ee\\\/toode\\\/t-shirt-logoqr-black\\\/#primaryimage\"},\"image\":{\"@id\":\"https:\\\/\\\/rsrmoto.ee\\\/toode\\\/t-shirt-logoqr-black\\\/#primaryimage\"},\"thumbnailUrl\":\"https:\\\/\\\/rsrmoto.ee\\\/wp-content\\\/uploads\\\/2024\\\/05\\\/eh4dk1507urhkrdg965xqaxdaaja7o2e.webp\",\"datePublished\":\"2024-05-14T12:50:36+00:00\",\"dateModified\":\"2024-06-13T12:47:13+00:00\",\"description\":\"Klassikaline O-kaelusega T-s\u00e4rk, mis on valmistatud puuvillasest elastaani segust, et tagada suurem kulumiskindlus. Selle r\u00f5ivaeseme esik\u00fcljele...\",\"breadcrumb\":{\"@id\":\"https:\\\/\\\/rsrmoto.ee\\\/toode\\\/t-shirt-logoqr-black\\\/#breadcrumb\"},\"inLanguage\":\"en-GB\",\"potentialAction\":[{\"@type\":\"ReadAction\",\"target\":[\"https:\\\/\\\/rsrmoto.ee\\\/toode\\\/t-shirt-logoqr-black\\\/\"]}]},{\"@type\":\"ImageObject\",\"inLanguage\":\"en-GB\",\"@id\":\"https:\\\/\\\/rsrmoto.ee\\\/toode\\\/t-shirt-logoqr-black\\\/#primaryimage\",\"url\":\"https:\\\/\\\/rsrmoto.ee\\\/wp-content\\\/uploads\\\/2024\\\/05\\\/eh4dk1507urhkrdg965xqaxdaaja7o2e.webp\",\"contentUrl\":\"https:\\\/\\\/rsrmoto.ee\\\/wp-content\\\/uploads\\\/2024\\\/05\\\/eh4dk1507urhkrdg965xqaxdaaja7o2e.webp\",\"width\":1000,\"height\":1000},{\"@type\":\"BreadcrumbList\",\"@id\":\"https:\\\/\\\/rsrmoto.ee\\\/toode\\\/t-shirt-logoqr-black\\\/#breadcrumb\",\"itemListElement\":[{\"@type\":\"ListItem\",\"position\":1,\"name\":\"Esileht\",\"item\":\"https:\\\/\\\/rsrmoto.ee\\\/\"},{\"@type\":\"ListItem\",\"position\":2,\"name\":\"Pood\",\"item\":\"https:\\\/\\\/rsrmoto.ee\\\/pood\\\/\"},{\"@type\":\"ListItem\",\"position\":3,\"name\":\"T-s\u00e4rk &#8220;LogoQR&#8221; Must\"}]},{\"@type\":\"WebSite\",\"@id\":\"https:\\\/\\\/rsrmoto.ee\\\/#website\",\"url\":\"https:\\\/\\\/rsrmoto.ee\\\/\",\"name\":\"RSR Moto\",\"description\":\"Kvalitseetsed matka- ja kalastusriided\",\"publisher\":{\"@id\":\"https:\\\/\\\/rsrmoto.ee\\\/#organization\"},\"potentialAction\":[{\"@type\":\"SearchAction\",\"target\":{\"@type\":\"EntryPoint\",\"urlTemplate\":\"https:\\\/\\\/rsrmoto.ee\\\/?s={search_term_string}\"},\"query-input\":{\"@type\":\"PropertyValueSpecification\",\"valueRequired\":true,\"valueName\":\"search_term_string\"}}],\"inLanguage\":\"en-GB\"},{\"@type\":\"Organization\",\"@id\":\"https:\\\/\\\/rsrmoto.ee\\\/#organization\",\"name\":\"RSR Moto\",\"url\":\"https:\\\/\\\/rsrmoto.ee\\\/\",\"logo\":{\"@type\":\"ImageObject\",\"inLanguage\":\"en-GB\",\"@id\":\"https:\\\/\\\/rsrmoto.ee\\\/#\\\/schema\\\/logo\\\/image\\\/\",\"url\":\"https:\\\/\\\/www.rsrmoto.ee\\\/wp-content\\\/uploads\\\/2024\\\/05\\\/mountain-300x300-1.png\",\"contentUrl\":\"https:\\\/\\\/www.rsrmoto.ee\\\/wp-content\\\/uploads\\\/2024\\\/05\\\/mountain-300x300-1.png\",\"width\":300,\"height\":300,\"caption\":\"RSR Moto\"},\"image\":{\"@id\":\"https:\\\/\\\/rsrmoto.ee\\\/#\\\/schema\\\/logo\\\/image\\\/\"}}]}<\/script>\n<!-- \/ Yoast SEO plugin. -->","yoast_head_json":{"title":"T-s\u00e4rk \"LogoQR\" Must - RSR Moto","description":"Klassikaline O-kaelusega T-s\u00e4rk, mis on valmistatud puuvillasest elastaani segust, et tagada suurem kulumiskindlus. Selle r\u00f5ivaeseme esik\u00fcljele...","robots":{"index":"index","follow":"follow","max-snippet":"max-snippet:-1","max-image-preview":"max-image-preview:large","max-video-preview":"max-video-preview:-1"},"canonical":"https:\/\/rsrmoto.ee\/en\/product\/t-shirt-logoqr-black\/","og_locale":"en_GB","og_type":"article","og_title":"T-s\u00e4rk \"LogoQR\" Must - RSR Moto","og_description":"Klassikaline O-kaelusega T-s\u00e4rk, mis on valmistatud puuvillasest elastaani segust, et tagada suurem kulumiskindlus. Selle r\u00f5ivaeseme esik\u00fcljele...","og_url":"https:\/\/rsrmoto.ee\/en\/product\/t-shirt-logoqr-black\/","og_site_name":"RSR Moto","article_modified_time":"2024-06-13T12:47:13+00:00","og_image":[{"width":1000,"height":1000,"url":"https:\/\/rsrmoto.ee\/wp-content\/uploads\/2024\/05\/eh4dk1507urhkrdg965xqaxdaaja7o2e.webp","type":"image\/webp"}],"twitter_card":"summary_large_image","twitter_misc":{"Estimated reading time":"1 minute"},"schema":{"@context":"https:\/\/schema.org","@graph":[{"@type":"WebPage","@id":"https:\/\/rsrmoto.ee\/toode\/t-shirt-logoqr-black\/","url":"https:\/\/rsrmoto.ee\/toode\/t-shirt-logoqr-black\/","name":"T-s\u00e4rk \"LogoQR\" Must - RSR Moto","isPartOf":{"@id":"https:\/\/rsrmoto.ee\/#website"},"primaryImageOfPage":{"@id":"https:\/\/rsrmoto.ee\/toode\/t-shirt-logoqr-black\/#primaryimage"},"image":{"@id":"https:\/\/rsrmoto.ee\/toode\/t-shirt-logoqr-black\/#primaryimage"},"thumbnailUrl":"https:\/\/rsrmoto.ee\/wp-content\/uploads\/2024\/05\/eh4dk1507urhkrdg965xqaxdaaja7o2e.webp","datePublished":"2024-05-14T12:50:36+00:00","dateModified":"2024-06-13T12:47:13+00:00","description":"Klassikaline O-kaelusega T-s\u00e4rk, mis on valmistatud puuvillasest elastaani segust, et tagada suurem kulumiskindlus. Selle r\u00f5ivaeseme esik\u00fcljele...","breadcrumb":{"@id":"https:\/\/rsrmoto.ee\/toode\/t-shirt-logoqr-black\/#breadcrumb"},"inLanguage":"en-GB","potentialAction":[{"@type":"ReadAction","target":["https:\/\/rsrmoto.ee\/toode\/t-shirt-logoqr-black\/"]}]},{"@type":"ImageObject","inLanguage":"en-GB","@id":"https:\/\/rsrmoto.ee\/toode\/t-shirt-logoqr-black\/#primaryimage","url":"https:\/\/rsrmoto.ee\/wp-content\/uploads\/2024\/05\/eh4dk1507urhkrdg965xqaxdaaja7o2e.webp","contentUrl":"https:\/\/rsrmoto.ee\/wp-content\/uploads\/2024\/05\/eh4dk1507urhkrdg965xqaxdaaja7o2e.webp","width":1000,"height":1000},{"@type":"BreadcrumbList","@id":"https:\/\/rsrmoto.ee\/toode\/t-shirt-logoqr-black\/#breadcrumb","itemListElement":[{"@type":"ListItem","position":1,"name":"Esileht","item":"https:\/\/rsrmoto.ee\/"},{"@type":"ListItem","position":2,"name":"Pood","item":"https:\/\/rsrmoto.ee\/pood\/"},{"@type":"ListItem","position":3,"name":"T-s\u00e4rk &#8220;LogoQR&#8221; Must"}]},{"@type":"WebSite","@id":"https:\/\/rsrmoto.ee\/#website","url":"https:\/\/rsrmoto.ee\/","name":"RSR Moto","description":"Kvalitseetsed matka- ja kalastusriided","publisher":{"@id":"https:\/\/rsrmoto.ee\/#organization"},"potentialAction":[{"@type":"SearchAction","target":{"@type":"EntryPoint","urlTemplate":"https:\/\/rsrmoto.ee\/?s={search_term_string}"},"query-input":{"@type":"PropertyValueSpecification","valueRequired":true,"valueName":"search_term_string"}}],"inLanguage":"en-GB"},{"@type":"Organization","@id":"https:\/\/rsrmoto.ee\/#organization","name":"RSR Moto","url":"https:\/\/rsrmoto.ee\/","logo":{"@type":"ImageObject","inLanguage":"en-GB","@id":"https:\/\/rsrmoto.ee\/#\/schema\/logo\/image\/","url":"https:\/\/www.rsrmoto.ee\/wp-content\/uploads\/2024\/05\/mountain-300x300-1.png","contentUrl":"https:\/\/www.rsrmoto.ee\/wp-content\/uploads\/2024\/05\/mountain-300x300-1.png","width":300,"height":300,"caption":"RSR Moto"},"image":{"@id":"https:\/\/rsrmoto.ee\/#\/schema\/logo\/image\/"}}]}},"_links":{"self":[{"href":"https:\/\/rsrmoto.ee\/en\/wp-json\/wp\/v2\/product\/3567","targetHints":{"allow":["GET"]}}],"collection":[{"href":"https:\/\/rsrmoto.ee\/en\/wp-json\/wp\/v2\/product"}],"about":[{"href":"https:\/\/rsrmoto.ee\/en\/wp-json\/wp\/v2\/types\/product"}],"wp:featuredmedia":[{"embeddable":true,"href":"https:\/\/rsrmoto.ee\/en\/wp-json\/wp\/v2\/media\/3569"}],"wp:attachment":[{"href":"https:\/\/rsrmoto.ee\/en\/wp-json\/wp\/v2\/media?parent=3567"}],"wp:term":[{"taxonomy":"product_brand","embeddable":true,"href":"https:\/\/rsrmoto.ee\/en\/wp-json\/wp\/v2\/product_brand?post=3567"},{"taxonomy":"product_cat","embeddable":true,"href":"https:\/\/rsrmoto.ee\/en\/wp-json\/wp\/v2\/product_cat?post=3567"},{"taxonomy":"product_tag","embeddable":true,"href":"https:\/\/rsrmoto.ee\/en\/wp-json\/wp\/v2\/product_tag?post=3567"}],"curies":[{"name":"wp","href":"https:\/\/api.w.org\/{rel}","templated":true}]}}