{"id":3595,"date":"2024-05-14T15:59:57","date_gmt":"2024-05-14T12:59:57","guid":{"rendered":"https:\/\/www.rsrmoto.ee\/?post_type=product&#038;p=3595"},"modified":"2024-06-13T15:45:59","modified_gmt":"2024-06-13T12:45:59","slug":"hoody-atv-skull-black","status":"publish","type":"product","link":"https:\/\/rsrmoto.ee\/en\/product\/hoody-atv-skull-black\/","title":{"rendered":"Pusa &#8220;ATV skull&#8221; Must"},"content":{"rendered":"<p>See klassikaline kapuuts toob ellu mugavuse ja kerguse tunde. Valmistatud 320 gsm harjatud fliisist, sellel on tavaline istuvus, reguleeritav kapuuts, k\u00e4ngurutasku, elastsed k\u00e4tised ja soonik all\u00e4\u00e4r. Finntraili logo ja unikaalse tr\u00fckiga esik\u00fcljel.<\/p>\n<p>&nbsp;<\/p>","protected":false},"excerpt":{"rendered":"<p>&#8211; Regulaarne sobivus meestele ja naistele<br \/>\n&#8211; 320 gsm harjatud fliis<br \/>\n&#8211; Reguleeritav voodriga kapuuts<br \/>\n&#8211; Suur k\u00e4ngurutasku<br \/>\n&#8211; Elastsed mansetid ja soonik all\u00e4\u00e4r<br \/>\n&#8211; Julge br\u00e4nding<\/p>","protected":false},"featured_media":3597,"template":"","meta":[],"product_brand":[],"product_cat":[15],"product_tag":[],"class_list":{"0":"post-3595","1":"product","2":"type-product","3":"status-publish","4":"has-post-thumbnail","6":"product_cat-meestele","8":"first","9":"instock","10":"taxable","11":"shipping-taxable","12":"purchasable","13":"product-type-variable"},"ct_brands":[],"yoast_head":"<!-- This site is optimized with the Yoast SEO plugin v27.3 - https:\/\/yoast.com\/product\/yoast-seo-wordpress\/ -->\n<title>Pusa &quot;ATV skull&quot; Must - RSR Moto<\/title>\n<meta name=\"description\" content=\"See klassikaline kapuuts toob ellu mugavuse ja kerguse tunde. Valmistatud 320 gsm harjatud fliisist, sellel on tavaline istuvus, reguleeritav kapuuts.\" \/>\n<meta name=\"robots\" content=\"index, follow, max-snippet:-1, max-image-preview:large, max-video-preview:-1\" \/>\n<link rel=\"canonical\" href=\"https:\/\/rsrmoto.ee\/en\/product\/hoody-atv-skull-black\/\" \/>\n<meta property=\"og:locale\" content=\"en_GB\" \/>\n<meta property=\"og:type\" content=\"article\" \/>\n<meta property=\"og:title\" content=\"Pusa &quot;ATV skull&quot; Must - RSR Moto\" \/>\n<meta property=\"og:description\" content=\"See klassikaline kapuuts toob ellu mugavuse ja kerguse tunde. Valmistatud 320 gsm harjatud fliisist, sellel on tavaline istuvus, reguleeritav kapuuts.\" \/>\n<meta property=\"og:url\" content=\"https:\/\/rsrmoto.ee\/en\/product\/hoody-atv-skull-black\/\" \/>\n<meta property=\"og:site_name\" content=\"RSR Moto\" \/>\n<meta property=\"article:modified_time\" content=\"2024-06-13T12:45:59+00:00\" \/>\n<meta property=\"og:image\" content=\"https:\/\/rsrmoto.ee\/wp-content\/uploads\/2024\/05\/4mkdgu17rqs1v9dffg53w0cl9gd80vbm.webp\" \/>\n\t<meta property=\"og:image:width\" content=\"1000\" \/>\n\t<meta property=\"og:image:height\" content=\"1000\" \/>\n\t<meta property=\"og:image:type\" content=\"image\/webp\" \/>\n<meta name=\"twitter:card\" content=\"summary_large_image\" \/>\n<meta name=\"twitter:label1\" content=\"Estimated reading time\" \/>\n\t<meta name=\"twitter:data1\" content=\"1 minute\" \/>\n<script type=\"application\/ld+json\" class=\"yoast-schema-graph\">{\"@context\":\"https:\\\/\\\/schema.org\",\"@graph\":[{\"@type\":\"WebPage\",\"@id\":\"https:\\\/\\\/rsrmoto.ee\\\/toode\\\/hoody-atv-skull-black\\\/\",\"url\":\"https:\\\/\\\/rsrmoto.ee\\\/toode\\\/hoody-atv-skull-black\\\/\",\"name\":\"Pusa \\\"ATV skull\\\" Must - RSR Moto\",\"isPartOf\":{\"@id\":\"https:\\\/\\\/rsrmoto.ee\\\/#website\"},\"primaryImageOfPage\":{\"@id\":\"https:\\\/\\\/rsrmoto.ee\\\/toode\\\/hoody-atv-skull-black\\\/#primaryimage\"},\"image\":{\"@id\":\"https:\\\/\\\/rsrmoto.ee\\\/toode\\\/hoody-atv-skull-black\\\/#primaryimage\"},\"thumbnailUrl\":\"https:\\\/\\\/rsrmoto.ee\\\/wp-content\\\/uploads\\\/2024\\\/05\\\/4mkdgu17rqs1v9dffg53w0cl9gd80vbm.webp\",\"datePublished\":\"2024-05-14T12:59:57+00:00\",\"dateModified\":\"2024-06-13T12:45:59+00:00\",\"description\":\"See klassikaline kapuuts toob ellu mugavuse ja kerguse tunde. Valmistatud 320 gsm harjatud fliisist, sellel on tavaline istuvus, reguleeritav kapuuts.\",\"breadcrumb\":{\"@id\":\"https:\\\/\\\/rsrmoto.ee\\\/toode\\\/hoody-atv-skull-black\\\/#breadcrumb\"},\"inLanguage\":\"en-GB\",\"potentialAction\":[{\"@type\":\"ReadAction\",\"target\":[\"https:\\\/\\\/rsrmoto.ee\\\/toode\\\/hoody-atv-skull-black\\\/\"]}]},{\"@type\":\"ImageObject\",\"inLanguage\":\"en-GB\",\"@id\":\"https:\\\/\\\/rsrmoto.ee\\\/toode\\\/hoody-atv-skull-black\\\/#primaryimage\",\"url\":\"https:\\\/\\\/rsrmoto.ee\\\/wp-content\\\/uploads\\\/2024\\\/05\\\/4mkdgu17rqs1v9dffg53w0cl9gd80vbm.webp\",\"contentUrl\":\"https:\\\/\\\/rsrmoto.ee\\\/wp-content\\\/uploads\\\/2024\\\/05\\\/4mkdgu17rqs1v9dffg53w0cl9gd80vbm.webp\",\"width\":1000,\"height\":1000},{\"@type\":\"BreadcrumbList\",\"@id\":\"https:\\\/\\\/rsrmoto.ee\\\/toode\\\/hoody-atv-skull-black\\\/#breadcrumb\",\"itemListElement\":[{\"@type\":\"ListItem\",\"position\":1,\"name\":\"Esileht\",\"item\":\"https:\\\/\\\/rsrmoto.ee\\\/\"},{\"@type\":\"ListItem\",\"position\":2,\"name\":\"Pood\",\"item\":\"https:\\\/\\\/rsrmoto.ee\\\/pood\\\/\"},{\"@type\":\"ListItem\",\"position\":3,\"name\":\"Pusa &#8220;ATV skull&#8221; Must\"}]},{\"@type\":\"WebSite\",\"@id\":\"https:\\\/\\\/rsrmoto.ee\\\/#website\",\"url\":\"https:\\\/\\\/rsrmoto.ee\\\/\",\"name\":\"RSR Moto\",\"description\":\"Kvalitseetsed matka- ja kalastusriided\",\"publisher\":{\"@id\":\"https:\\\/\\\/rsrmoto.ee\\\/#organization\"},\"potentialAction\":[{\"@type\":\"SearchAction\",\"target\":{\"@type\":\"EntryPoint\",\"urlTemplate\":\"https:\\\/\\\/rsrmoto.ee\\\/?s={search_term_string}\"},\"query-input\":{\"@type\":\"PropertyValueSpecification\",\"valueRequired\":true,\"valueName\":\"search_term_string\"}}],\"inLanguage\":\"en-GB\"},{\"@type\":\"Organization\",\"@id\":\"https:\\\/\\\/rsrmoto.ee\\\/#organization\",\"name\":\"RSR Moto\",\"url\":\"https:\\\/\\\/rsrmoto.ee\\\/\",\"logo\":{\"@type\":\"ImageObject\",\"inLanguage\":\"en-GB\",\"@id\":\"https:\\\/\\\/rsrmoto.ee\\\/#\\\/schema\\\/logo\\\/image\\\/\",\"url\":\"https:\\\/\\\/www.rsrmoto.ee\\\/wp-content\\\/uploads\\\/2024\\\/05\\\/mountain-300x300-1.png\",\"contentUrl\":\"https:\\\/\\\/www.rsrmoto.ee\\\/wp-content\\\/uploads\\\/2024\\\/05\\\/mountain-300x300-1.png\",\"width\":300,\"height\":300,\"caption\":\"RSR Moto\"},\"image\":{\"@id\":\"https:\\\/\\\/rsrmoto.ee\\\/#\\\/schema\\\/logo\\\/image\\\/\"}}]}<\/script>\n<!-- \/ Yoast SEO plugin. -->","yoast_head_json":{"title":"Pusa \"ATV skull\" Must - RSR Moto","description":"See klassikaline kapuuts toob ellu mugavuse ja kerguse tunde. Valmistatud 320 gsm harjatud fliisist, sellel on tavaline istuvus, reguleeritav kapuuts.","robots":{"index":"index","follow":"follow","max-snippet":"max-snippet:-1","max-image-preview":"max-image-preview:large","max-video-preview":"max-video-preview:-1"},"canonical":"https:\/\/rsrmoto.ee\/en\/product\/hoody-atv-skull-black\/","og_locale":"en_GB","og_type":"article","og_title":"Pusa \"ATV skull\" Must - RSR Moto","og_description":"See klassikaline kapuuts toob ellu mugavuse ja kerguse tunde. Valmistatud 320 gsm harjatud fliisist, sellel on tavaline istuvus, reguleeritav kapuuts.","og_url":"https:\/\/rsrmoto.ee\/en\/product\/hoody-atv-skull-black\/","og_site_name":"RSR Moto","article_modified_time":"2024-06-13T12:45:59+00:00","og_image":[{"width":1000,"height":1000,"url":"https:\/\/rsrmoto.ee\/wp-content\/uploads\/2024\/05\/4mkdgu17rqs1v9dffg53w0cl9gd80vbm.webp","type":"image\/webp"}],"twitter_card":"summary_large_image","twitter_misc":{"Estimated reading time":"1 minute"},"schema":{"@context":"https:\/\/schema.org","@graph":[{"@type":"WebPage","@id":"https:\/\/rsrmoto.ee\/toode\/hoody-atv-skull-black\/","url":"https:\/\/rsrmoto.ee\/toode\/hoody-atv-skull-black\/","name":"Pusa \"ATV skull\" Must - RSR Moto","isPartOf":{"@id":"https:\/\/rsrmoto.ee\/#website"},"primaryImageOfPage":{"@id":"https:\/\/rsrmoto.ee\/toode\/hoody-atv-skull-black\/#primaryimage"},"image":{"@id":"https:\/\/rsrmoto.ee\/toode\/hoody-atv-skull-black\/#primaryimage"},"thumbnailUrl":"https:\/\/rsrmoto.ee\/wp-content\/uploads\/2024\/05\/4mkdgu17rqs1v9dffg53w0cl9gd80vbm.webp","datePublished":"2024-05-14T12:59:57+00:00","dateModified":"2024-06-13T12:45:59+00:00","description":"See klassikaline kapuuts toob ellu mugavuse ja kerguse tunde. Valmistatud 320 gsm harjatud fliisist, sellel on tavaline istuvus, reguleeritav kapuuts.","breadcrumb":{"@id":"https:\/\/rsrmoto.ee\/toode\/hoody-atv-skull-black\/#breadcrumb"},"inLanguage":"en-GB","potentialAction":[{"@type":"ReadAction","target":["https:\/\/rsrmoto.ee\/toode\/hoody-atv-skull-black\/"]}]},{"@type":"ImageObject","inLanguage":"en-GB","@id":"https:\/\/rsrmoto.ee\/toode\/hoody-atv-skull-black\/#primaryimage","url":"https:\/\/rsrmoto.ee\/wp-content\/uploads\/2024\/05\/4mkdgu17rqs1v9dffg53w0cl9gd80vbm.webp","contentUrl":"https:\/\/rsrmoto.ee\/wp-content\/uploads\/2024\/05\/4mkdgu17rqs1v9dffg53w0cl9gd80vbm.webp","width":1000,"height":1000},{"@type":"BreadcrumbList","@id":"https:\/\/rsrmoto.ee\/toode\/hoody-atv-skull-black\/#breadcrumb","itemListElement":[{"@type":"ListItem","position":1,"name":"Esileht","item":"https:\/\/rsrmoto.ee\/"},{"@type":"ListItem","position":2,"name":"Pood","item":"https:\/\/rsrmoto.ee\/pood\/"},{"@type":"ListItem","position":3,"name":"Pusa &#8220;ATV skull&#8221; Must"}]},{"@type":"WebSite","@id":"https:\/\/rsrmoto.ee\/#website","url":"https:\/\/rsrmoto.ee\/","name":"RSR Moto","description":"Kvalitseetsed matka- ja kalastusriided","publisher":{"@id":"https:\/\/rsrmoto.ee\/#organization"},"potentialAction":[{"@type":"SearchAction","target":{"@type":"EntryPoint","urlTemplate":"https:\/\/rsrmoto.ee\/?s={search_term_string}"},"query-input":{"@type":"PropertyValueSpecification","valueRequired":true,"valueName":"search_term_string"}}],"inLanguage":"en-GB"},{"@type":"Organization","@id":"https:\/\/rsrmoto.ee\/#organization","name":"RSR Moto","url":"https:\/\/rsrmoto.ee\/","logo":{"@type":"ImageObject","inLanguage":"en-GB","@id":"https:\/\/rsrmoto.ee\/#\/schema\/logo\/image\/","url":"https:\/\/www.rsrmoto.ee\/wp-content\/uploads\/2024\/05\/mountain-300x300-1.png","contentUrl":"https:\/\/www.rsrmoto.ee\/wp-content\/uploads\/2024\/05\/mountain-300x300-1.png","width":300,"height":300,"caption":"RSR Moto"},"image":{"@id":"https:\/\/rsrmoto.ee\/#\/schema\/logo\/image\/"}}]}},"_links":{"self":[{"href":"https:\/\/rsrmoto.ee\/en\/wp-json\/wp\/v2\/product\/3595","targetHints":{"allow":["GET"]}}],"collection":[{"href":"https:\/\/rsrmoto.ee\/en\/wp-json\/wp\/v2\/product"}],"about":[{"href":"https:\/\/rsrmoto.ee\/en\/wp-json\/wp\/v2\/types\/product"}],"wp:featuredmedia":[{"embeddable":true,"href":"https:\/\/rsrmoto.ee\/en\/wp-json\/wp\/v2\/media\/3597"}],"wp:attachment":[{"href":"https:\/\/rsrmoto.ee\/en\/wp-json\/wp\/v2\/media?parent=3595"}],"wp:term":[{"taxonomy":"product_brand","embeddable":true,"href":"https:\/\/rsrmoto.ee\/en\/wp-json\/wp\/v2\/product_brand?post=3595"},{"taxonomy":"product_cat","embeddable":true,"href":"https:\/\/rsrmoto.ee\/en\/wp-json\/wp\/v2\/product_cat?post=3595"},{"taxonomy":"product_tag","embeddable":true,"href":"https:\/\/rsrmoto.ee\/en\/wp-json\/wp\/v2\/product_tag?post=3595"}],"curies":[{"name":"wp","href":"https:\/\/api.w.org\/{rel}","templated":true}]}}