{"id":3626,"date":"2024-05-14T16:08:45","date_gmt":"2024-05-14T13:08:45","guid":{"rendered":"https:\/\/www.rsrmoto.ee\/?post_type=product&#038;p=3626"},"modified":"2024-06-13T15:39:44","modified_gmt":"2024-06-13T12:39:44","slug":"hoody-atv-khaki-2","status":"publish","type":"product","link":"https:\/\/rsrmoto.ee\/en\/product\/hoody-atv-khaki-2\/","title":{"rendered":"Pusa &#8220;ATV&#8221; Roheline"},"content":{"rendered":"<p>See must kapuuts on ajatu klassika, mis sobib ideaalselt igale ATV entusiastile. Valmistatud kvaliteetsest fliiskangast, on pehme ja mugav kanda. Pusa on varustatud laheda tr\u00fckiga, mis lisab teie riietusele stiili ja isikup\u00e4ra. Avar siluett v\u00f5imaldab h\u00f5lpsalt liikuda, samas kui esikoti tasku pakub palju ruumi teie oluliste asjade jaoks.<\/p>","protected":false},"excerpt":{"rendered":"<p>Reguleeritav n\u00f6\u00f6riga kapuuts v\u00f5imaldab teil oma sobivust kohandada ning elastsed mansetid ja all\u00e4\u00e4r annavad kapuutsile mugava ja turvalise tunde.<\/p>","protected":false},"featured_media":3694,"template":"","meta":[],"product_brand":[],"product_cat":[15],"product_tag":[],"class_list":{"0":"post-3626","1":"product","2":"type-product","3":"status-publish","4":"has-post-thumbnail","6":"product_cat-meestele","8":"first","9":"instock","10":"taxable","11":"shipping-taxable","12":"purchasable","13":"product-type-variable"},"ct_brands":[],"yoast_head":"<!-- This site is optimized with the Yoast SEO plugin v27.3 - https:\/\/yoast.com\/product\/yoast-seo-wordpress\/ -->\n<title>Pusa &quot;ATV&quot; Roheline - RSR Moto<\/title>\n<meta name=\"description\" content=\"See must kapuuts on ajatu klassika, mis sobib ideaalselt igale ATV entusiastile. Valmistatud kvaliteetsest fliiskangast, on pehme ja mugav kanda.\" \/>\n<meta name=\"robots\" content=\"index, follow, max-snippet:-1, max-image-preview:large, max-video-preview:-1\" \/>\n<link rel=\"canonical\" href=\"https:\/\/rsrmoto.ee\/en\/product\/hoody-atv-khaki-2\/\" \/>\n<meta property=\"og:locale\" content=\"en_GB\" \/>\n<meta property=\"og:type\" content=\"article\" \/>\n<meta property=\"og:title\" content=\"Pusa &quot;ATV&quot; Roheline - RSR Moto\" \/>\n<meta property=\"og:description\" content=\"See must kapuuts on ajatu klassika, mis sobib ideaalselt igale ATV entusiastile. Valmistatud kvaliteetsest fliiskangast, on pehme ja mugav kanda.\" \/>\n<meta property=\"og:url\" content=\"https:\/\/rsrmoto.ee\/en\/product\/hoody-atv-khaki-2\/\" \/>\n<meta property=\"og:site_name\" content=\"RSR Moto\" \/>\n<meta property=\"article:modified_time\" content=\"2024-06-13T12:39:44+00:00\" \/>\n<meta property=\"og:image\" content=\"https:\/\/rsrmoto.ee\/wp-content\/uploads\/2024\/05\/cdf2y0jp3dx7ue2lar98g57jhiprsank-1-600x900-1.png\" \/>\n\t<meta property=\"og:image:width\" content=\"600\" \/>\n\t<meta property=\"og:image:height\" content=\"600\" \/>\n\t<meta property=\"og:image:type\" content=\"image\/png\" \/>\n<meta name=\"twitter:card\" content=\"summary_large_image\" \/>\n<meta name=\"twitter:label1\" content=\"Estimated reading time\" \/>\n\t<meta name=\"twitter:data1\" content=\"1 minute\" \/>\n<script type=\"application\/ld+json\" class=\"yoast-schema-graph\">{\"@context\":\"https:\\\/\\\/schema.org\",\"@graph\":[{\"@type\":\"WebPage\",\"@id\":\"https:\\\/\\\/rsrmoto.ee\\\/toode\\\/hoody-atv-khaki-2\\\/\",\"url\":\"https:\\\/\\\/rsrmoto.ee\\\/toode\\\/hoody-atv-khaki-2\\\/\",\"name\":\"Pusa \\\"ATV\\\" Roheline - RSR Moto\",\"isPartOf\":{\"@id\":\"https:\\\/\\\/rsrmoto.ee\\\/#website\"},\"primaryImageOfPage\":{\"@id\":\"https:\\\/\\\/rsrmoto.ee\\\/toode\\\/hoody-atv-khaki-2\\\/#primaryimage\"},\"image\":{\"@id\":\"https:\\\/\\\/rsrmoto.ee\\\/toode\\\/hoody-atv-khaki-2\\\/#primaryimage\"},\"thumbnailUrl\":\"https:\\\/\\\/rsrmoto.ee\\\/wp-content\\\/uploads\\\/2024\\\/05\\\/cdf2y0jp3dx7ue2lar98g57jhiprsank-1-600x900-1.png\",\"datePublished\":\"2024-05-14T13:08:45+00:00\",\"dateModified\":\"2024-06-13T12:39:44+00:00\",\"description\":\"See must kapuuts on ajatu klassika, mis sobib ideaalselt igale ATV entusiastile. Valmistatud kvaliteetsest fliiskangast, on pehme ja mugav kanda.\",\"breadcrumb\":{\"@id\":\"https:\\\/\\\/rsrmoto.ee\\\/toode\\\/hoody-atv-khaki-2\\\/#breadcrumb\"},\"inLanguage\":\"en-GB\",\"potentialAction\":[{\"@type\":\"ReadAction\",\"target\":[\"https:\\\/\\\/rsrmoto.ee\\\/toode\\\/hoody-atv-khaki-2\\\/\"]}]},{\"@type\":\"ImageObject\",\"inLanguage\":\"en-GB\",\"@id\":\"https:\\\/\\\/rsrmoto.ee\\\/toode\\\/hoody-atv-khaki-2\\\/#primaryimage\",\"url\":\"https:\\\/\\\/rsrmoto.ee\\\/wp-content\\\/uploads\\\/2024\\\/05\\\/cdf2y0jp3dx7ue2lar98g57jhiprsank-1-600x900-1.png\",\"contentUrl\":\"https:\\\/\\\/rsrmoto.ee\\\/wp-content\\\/uploads\\\/2024\\\/05\\\/cdf2y0jp3dx7ue2lar98g57jhiprsank-1-600x900-1.png\",\"width\":600,\"height\":600,\"caption\":\"Kvalitseetsed matka- ja kalastusriided\"},{\"@type\":\"BreadcrumbList\",\"@id\":\"https:\\\/\\\/rsrmoto.ee\\\/toode\\\/hoody-atv-khaki-2\\\/#breadcrumb\",\"itemListElement\":[{\"@type\":\"ListItem\",\"position\":1,\"name\":\"Esileht\",\"item\":\"https:\\\/\\\/rsrmoto.ee\\\/\"},{\"@type\":\"ListItem\",\"position\":2,\"name\":\"Pood\",\"item\":\"https:\\\/\\\/rsrmoto.ee\\\/pood\\\/\"},{\"@type\":\"ListItem\",\"position\":3,\"name\":\"Pusa &#8220;ATV&#8221; Roheline\"}]},{\"@type\":\"WebSite\",\"@id\":\"https:\\\/\\\/rsrmoto.ee\\\/#website\",\"url\":\"https:\\\/\\\/rsrmoto.ee\\\/\",\"name\":\"RSR Moto\",\"description\":\"Kvalitseetsed matka- ja kalastusriided\",\"publisher\":{\"@id\":\"https:\\\/\\\/rsrmoto.ee\\\/#organization\"},\"potentialAction\":[{\"@type\":\"SearchAction\",\"target\":{\"@type\":\"EntryPoint\",\"urlTemplate\":\"https:\\\/\\\/rsrmoto.ee\\\/?s={search_term_string}\"},\"query-input\":{\"@type\":\"PropertyValueSpecification\",\"valueRequired\":true,\"valueName\":\"search_term_string\"}}],\"inLanguage\":\"en-GB\"},{\"@type\":\"Organization\",\"@id\":\"https:\\\/\\\/rsrmoto.ee\\\/#organization\",\"name\":\"RSR Moto\",\"url\":\"https:\\\/\\\/rsrmoto.ee\\\/\",\"logo\":{\"@type\":\"ImageObject\",\"inLanguage\":\"en-GB\",\"@id\":\"https:\\\/\\\/rsrmoto.ee\\\/#\\\/schema\\\/logo\\\/image\\\/\",\"url\":\"https:\\\/\\\/www.rsrmoto.ee\\\/wp-content\\\/uploads\\\/2024\\\/05\\\/mountain-300x300-1.png\",\"contentUrl\":\"https:\\\/\\\/www.rsrmoto.ee\\\/wp-content\\\/uploads\\\/2024\\\/05\\\/mountain-300x300-1.png\",\"width\":300,\"height\":300,\"caption\":\"RSR Moto\"},\"image\":{\"@id\":\"https:\\\/\\\/rsrmoto.ee\\\/#\\\/schema\\\/logo\\\/image\\\/\"}}]}<\/script>\n<!-- \/ Yoast SEO plugin. -->","yoast_head_json":{"title":"Pusa \"ATV\" Roheline - RSR Moto","description":"See must kapuuts on ajatu klassika, mis sobib ideaalselt igale ATV entusiastile. Valmistatud kvaliteetsest fliiskangast, on pehme ja mugav kanda.","robots":{"index":"index","follow":"follow","max-snippet":"max-snippet:-1","max-image-preview":"max-image-preview:large","max-video-preview":"max-video-preview:-1"},"canonical":"https:\/\/rsrmoto.ee\/en\/product\/hoody-atv-khaki-2\/","og_locale":"en_GB","og_type":"article","og_title":"Pusa \"ATV\" Roheline - RSR Moto","og_description":"See must kapuuts on ajatu klassika, mis sobib ideaalselt igale ATV entusiastile. Valmistatud kvaliteetsest fliiskangast, on pehme ja mugav kanda.","og_url":"https:\/\/rsrmoto.ee\/en\/product\/hoody-atv-khaki-2\/","og_site_name":"RSR Moto","article_modified_time":"2024-06-13T12:39:44+00:00","og_image":[{"width":600,"height":600,"url":"https:\/\/rsrmoto.ee\/wp-content\/uploads\/2024\/05\/cdf2y0jp3dx7ue2lar98g57jhiprsank-1-600x900-1.png","type":"image\/png"}],"twitter_card":"summary_large_image","twitter_misc":{"Estimated reading time":"1 minute"},"schema":{"@context":"https:\/\/schema.org","@graph":[{"@type":"WebPage","@id":"https:\/\/rsrmoto.ee\/toode\/hoody-atv-khaki-2\/","url":"https:\/\/rsrmoto.ee\/toode\/hoody-atv-khaki-2\/","name":"Pusa \"ATV\" Roheline - RSR Moto","isPartOf":{"@id":"https:\/\/rsrmoto.ee\/#website"},"primaryImageOfPage":{"@id":"https:\/\/rsrmoto.ee\/toode\/hoody-atv-khaki-2\/#primaryimage"},"image":{"@id":"https:\/\/rsrmoto.ee\/toode\/hoody-atv-khaki-2\/#primaryimage"},"thumbnailUrl":"https:\/\/rsrmoto.ee\/wp-content\/uploads\/2024\/05\/cdf2y0jp3dx7ue2lar98g57jhiprsank-1-600x900-1.png","datePublished":"2024-05-14T13:08:45+00:00","dateModified":"2024-06-13T12:39:44+00:00","description":"See must kapuuts on ajatu klassika, mis sobib ideaalselt igale ATV entusiastile. Valmistatud kvaliteetsest fliiskangast, on pehme ja mugav kanda.","breadcrumb":{"@id":"https:\/\/rsrmoto.ee\/toode\/hoody-atv-khaki-2\/#breadcrumb"},"inLanguage":"en-GB","potentialAction":[{"@type":"ReadAction","target":["https:\/\/rsrmoto.ee\/toode\/hoody-atv-khaki-2\/"]}]},{"@type":"ImageObject","inLanguage":"en-GB","@id":"https:\/\/rsrmoto.ee\/toode\/hoody-atv-khaki-2\/#primaryimage","url":"https:\/\/rsrmoto.ee\/wp-content\/uploads\/2024\/05\/cdf2y0jp3dx7ue2lar98g57jhiprsank-1-600x900-1.png","contentUrl":"https:\/\/rsrmoto.ee\/wp-content\/uploads\/2024\/05\/cdf2y0jp3dx7ue2lar98g57jhiprsank-1-600x900-1.png","width":600,"height":600,"caption":"Kvalitseetsed matka- ja kalastusriided"},{"@type":"BreadcrumbList","@id":"https:\/\/rsrmoto.ee\/toode\/hoody-atv-khaki-2\/#breadcrumb","itemListElement":[{"@type":"ListItem","position":1,"name":"Esileht","item":"https:\/\/rsrmoto.ee\/"},{"@type":"ListItem","position":2,"name":"Pood","item":"https:\/\/rsrmoto.ee\/pood\/"},{"@type":"ListItem","position":3,"name":"Pusa &#8220;ATV&#8221; Roheline"}]},{"@type":"WebSite","@id":"https:\/\/rsrmoto.ee\/#website","url":"https:\/\/rsrmoto.ee\/","name":"RSR Moto","description":"Kvalitseetsed matka- ja kalastusriided","publisher":{"@id":"https:\/\/rsrmoto.ee\/#organization"},"potentialAction":[{"@type":"SearchAction","target":{"@type":"EntryPoint","urlTemplate":"https:\/\/rsrmoto.ee\/?s={search_term_string}"},"query-input":{"@type":"PropertyValueSpecification","valueRequired":true,"valueName":"search_term_string"}}],"inLanguage":"en-GB"},{"@type":"Organization","@id":"https:\/\/rsrmoto.ee\/#organization","name":"RSR Moto","url":"https:\/\/rsrmoto.ee\/","logo":{"@type":"ImageObject","inLanguage":"en-GB","@id":"https:\/\/rsrmoto.ee\/#\/schema\/logo\/image\/","url":"https:\/\/www.rsrmoto.ee\/wp-content\/uploads\/2024\/05\/mountain-300x300-1.png","contentUrl":"https:\/\/www.rsrmoto.ee\/wp-content\/uploads\/2024\/05\/mountain-300x300-1.png","width":300,"height":300,"caption":"RSR Moto"},"image":{"@id":"https:\/\/rsrmoto.ee\/#\/schema\/logo\/image\/"}}]}},"_links":{"self":[{"href":"https:\/\/rsrmoto.ee\/en\/wp-json\/wp\/v2\/product\/3626","targetHints":{"allow":["GET"]}}],"collection":[{"href":"https:\/\/rsrmoto.ee\/en\/wp-json\/wp\/v2\/product"}],"about":[{"href":"https:\/\/rsrmoto.ee\/en\/wp-json\/wp\/v2\/types\/product"}],"wp:featuredmedia":[{"embeddable":true,"href":"https:\/\/rsrmoto.ee\/en\/wp-json\/wp\/v2\/media\/3694"}],"wp:attachment":[{"href":"https:\/\/rsrmoto.ee\/en\/wp-json\/wp\/v2\/media?parent=3626"}],"wp:term":[{"taxonomy":"product_brand","embeddable":true,"href":"https:\/\/rsrmoto.ee\/en\/wp-json\/wp\/v2\/product_brand?post=3626"},{"taxonomy":"product_cat","embeddable":true,"href":"https:\/\/rsrmoto.ee\/en\/wp-json\/wp\/v2\/product_cat?post=3626"},{"taxonomy":"product_tag","embeddable":true,"href":"https:\/\/rsrmoto.ee\/en\/wp-json\/wp\/v2\/product_tag?post=3626"}],"curies":[{"name":"wp","href":"https:\/\/api.w.org\/{rel}","templated":true}]}}