{"id":3677,"date":"2024-05-14T16:17:24","date_gmt":"2024-05-14T13:17:24","guid":{"rendered":"https:\/\/www.rsrmoto.ee\/?post_type=product&#038;p=3677"},"modified":"2024-06-13T15:38:20","modified_gmt":"2024-06-13T12:38:20","slug":"t-shirt-big-fish-blackyellow","status":"publish","type":"product","link":"https:\/\/rsrmoto.ee\/en\/product\/t-shirt-big-fish-blackyellow\/","title":{"rendered":"T-s\u00e4rk &#8220;Big Fish&#8221; Must-kollane"},"content":{"rendered":"<p>See klanitud must T-s\u00e4rk on valmistatud kvaliteetsest puuvillast, mis on segatud elastaaniga, et suurendada vastupidavust, tagades, et see peab vastu igap\u00e4evase kasutamise kulumisele. Avar disain tagab mugava ja pingevaba istuvuse, samas kui elastse \u00e4\u00e4ristusega O-kaelus lisab \u00fcldilmele moodsa stiili.<\/p>","protected":false},"excerpt":{"rendered":"<p>Pehme ja hingav kangas tagab, et tunnete end kogu p\u00e4eva jahedana ja mugavalt, muutes selle T-s\u00e4rgi mitmek\u00fclgseks ja stiilseks lisandiks igasse garderoobi.<\/p>","protected":false},"featured_media":3698,"template":"","meta":[],"product_brand":[],"product_cat":[15],"product_tag":[],"class_list":{"0":"post-3677","1":"product","2":"type-product","3":"status-publish","4":"has-post-thumbnail","6":"product_cat-meestele","8":"first","9":"instock","10":"taxable","11":"shipping-taxable","12":"purchasable","13":"product-type-variable"},"ct_brands":[],"yoast_head":"<!-- This site is optimized with the Yoast SEO plugin v27.3 - https:\/\/yoast.com\/product\/yoast-seo-wordpress\/ -->\n<title>T-s\u00e4rk &quot;Big Fish&quot; Must-kollane - RSR Moto<\/title>\n<meta name=\"description\" content=\"See klanitud must T-s\u00e4rk on valmistatud kvaliteetsest puuvillast, mis on segatud elastaaniga, et suurendada vastupidavust, tagades, et see peab vastu...\" \/>\n<meta name=\"robots\" content=\"index, follow, max-snippet:-1, max-image-preview:large, max-video-preview:-1\" \/>\n<link rel=\"canonical\" href=\"https:\/\/rsrmoto.ee\/en\/product\/t-shirt-big-fish-blackyellow\/\" \/>\n<meta property=\"og:locale\" content=\"en_GB\" \/>\n<meta property=\"og:type\" content=\"article\" \/>\n<meta property=\"og:title\" content=\"T-s\u00e4rk &quot;Big Fish&quot; Must-kollane - RSR Moto\" \/>\n<meta property=\"og:description\" content=\"See klanitud must T-s\u00e4rk on valmistatud kvaliteetsest puuvillast, mis on segatud elastaaniga, et suurendada vastupidavust, tagades, et see peab vastu...\" \/>\n<meta property=\"og:url\" content=\"https:\/\/rsrmoto.ee\/en\/product\/t-shirt-big-fish-blackyellow\/\" \/>\n<meta property=\"og:site_name\" content=\"RSR Moto\" \/>\n<meta property=\"article:modified_time\" content=\"2024-06-13T12:38:20+00:00\" \/>\n<meta property=\"og:image\" content=\"https:\/\/rsrmoto.ee\/wp-content\/uploads\/2024\/05\/0egg0wnimkcuik7f1ktt3lgxyzra9s2u.png\" \/>\n\t<meta property=\"og:image:width\" content=\"600\" \/>\n\t<meta property=\"og:image:height\" content=\"600\" \/>\n\t<meta property=\"og:image:type\" content=\"image\/png\" \/>\n<meta name=\"twitter:card\" content=\"summary_large_image\" \/>\n<meta name=\"twitter:label1\" content=\"Estimated reading time\" \/>\n\t<meta name=\"twitter:data1\" content=\"1 minute\" \/>\n<script type=\"application\/ld+json\" class=\"yoast-schema-graph\">{\"@context\":\"https:\\\/\\\/schema.org\",\"@graph\":[{\"@type\":\"WebPage\",\"@id\":\"https:\\\/\\\/rsrmoto.ee\\\/toode\\\/t-shirt-big-fish-blackyellow\\\/\",\"url\":\"https:\\\/\\\/rsrmoto.ee\\\/toode\\\/t-shirt-big-fish-blackyellow\\\/\",\"name\":\"T-s\u00e4rk \\\"Big Fish\\\" Must-kollane - RSR Moto\",\"isPartOf\":{\"@id\":\"https:\\\/\\\/rsrmoto.ee\\\/#website\"},\"primaryImageOfPage\":{\"@id\":\"https:\\\/\\\/rsrmoto.ee\\\/toode\\\/t-shirt-big-fish-blackyellow\\\/#primaryimage\"},\"image\":{\"@id\":\"https:\\\/\\\/rsrmoto.ee\\\/toode\\\/t-shirt-big-fish-blackyellow\\\/#primaryimage\"},\"thumbnailUrl\":\"https:\\\/\\\/rsrmoto.ee\\\/wp-content\\\/uploads\\\/2024\\\/05\\\/0egg0wnimkcuik7f1ktt3lgxyzra9s2u.png\",\"datePublished\":\"2024-05-14T13:17:24+00:00\",\"dateModified\":\"2024-06-13T12:38:20+00:00\",\"description\":\"See klanitud must T-s\u00e4rk on valmistatud kvaliteetsest puuvillast, mis on segatud elastaaniga, et suurendada vastupidavust, tagades, et see peab vastu...\",\"breadcrumb\":{\"@id\":\"https:\\\/\\\/rsrmoto.ee\\\/toode\\\/t-shirt-big-fish-blackyellow\\\/#breadcrumb\"},\"inLanguage\":\"en-GB\",\"potentialAction\":[{\"@type\":\"ReadAction\",\"target\":[\"https:\\\/\\\/rsrmoto.ee\\\/toode\\\/t-shirt-big-fish-blackyellow\\\/\"]}]},{\"@type\":\"ImageObject\",\"inLanguage\":\"en-GB\",\"@id\":\"https:\\\/\\\/rsrmoto.ee\\\/toode\\\/t-shirt-big-fish-blackyellow\\\/#primaryimage\",\"url\":\"https:\\\/\\\/rsrmoto.ee\\\/wp-content\\\/uploads\\\/2024\\\/05\\\/0egg0wnimkcuik7f1ktt3lgxyzra9s2u.png\",\"contentUrl\":\"https:\\\/\\\/rsrmoto.ee\\\/wp-content\\\/uploads\\\/2024\\\/05\\\/0egg0wnimkcuik7f1ktt3lgxyzra9s2u.png\",\"width\":600,\"height\":600,\"caption\":\"Kvalitseetsed matka- ja kalastusriided\"},{\"@type\":\"BreadcrumbList\",\"@id\":\"https:\\\/\\\/rsrmoto.ee\\\/toode\\\/t-shirt-big-fish-blackyellow\\\/#breadcrumb\",\"itemListElement\":[{\"@type\":\"ListItem\",\"position\":1,\"name\":\"Esileht\",\"item\":\"https:\\\/\\\/rsrmoto.ee\\\/\"},{\"@type\":\"ListItem\",\"position\":2,\"name\":\"Pood\",\"item\":\"https:\\\/\\\/rsrmoto.ee\\\/pood\\\/\"},{\"@type\":\"ListItem\",\"position\":3,\"name\":\"T-s\u00e4rk &#8220;Big Fish&#8221; Must-kollane\"}]},{\"@type\":\"WebSite\",\"@id\":\"https:\\\/\\\/rsrmoto.ee\\\/#website\",\"url\":\"https:\\\/\\\/rsrmoto.ee\\\/\",\"name\":\"RSR Moto\",\"description\":\"Kvalitseetsed matka- ja kalastusriided\",\"publisher\":{\"@id\":\"https:\\\/\\\/rsrmoto.ee\\\/#organization\"},\"potentialAction\":[{\"@type\":\"SearchAction\",\"target\":{\"@type\":\"EntryPoint\",\"urlTemplate\":\"https:\\\/\\\/rsrmoto.ee\\\/?s={search_term_string}\"},\"query-input\":{\"@type\":\"PropertyValueSpecification\",\"valueRequired\":true,\"valueName\":\"search_term_string\"}}],\"inLanguage\":\"en-GB\"},{\"@type\":\"Organization\",\"@id\":\"https:\\\/\\\/rsrmoto.ee\\\/#organization\",\"name\":\"RSR Moto\",\"url\":\"https:\\\/\\\/rsrmoto.ee\\\/\",\"logo\":{\"@type\":\"ImageObject\",\"inLanguage\":\"en-GB\",\"@id\":\"https:\\\/\\\/rsrmoto.ee\\\/#\\\/schema\\\/logo\\\/image\\\/\",\"url\":\"https:\\\/\\\/www.rsrmoto.ee\\\/wp-content\\\/uploads\\\/2024\\\/05\\\/mountain-300x300-1.png\",\"contentUrl\":\"https:\\\/\\\/www.rsrmoto.ee\\\/wp-content\\\/uploads\\\/2024\\\/05\\\/mountain-300x300-1.png\",\"width\":300,\"height\":300,\"caption\":\"RSR Moto\"},\"image\":{\"@id\":\"https:\\\/\\\/rsrmoto.ee\\\/#\\\/schema\\\/logo\\\/image\\\/\"}}]}<\/script>\n<!-- \/ Yoast SEO plugin. -->","yoast_head_json":{"title":"T-s\u00e4rk \"Big Fish\" Must-kollane - RSR Moto","description":"See klanitud must T-s\u00e4rk on valmistatud kvaliteetsest puuvillast, mis on segatud elastaaniga, et suurendada vastupidavust, tagades, et see peab vastu...","robots":{"index":"index","follow":"follow","max-snippet":"max-snippet:-1","max-image-preview":"max-image-preview:large","max-video-preview":"max-video-preview:-1"},"canonical":"https:\/\/rsrmoto.ee\/en\/product\/t-shirt-big-fish-blackyellow\/","og_locale":"en_GB","og_type":"article","og_title":"T-s\u00e4rk \"Big Fish\" Must-kollane - RSR Moto","og_description":"See klanitud must T-s\u00e4rk on valmistatud kvaliteetsest puuvillast, mis on segatud elastaaniga, et suurendada vastupidavust, tagades, et see peab vastu...","og_url":"https:\/\/rsrmoto.ee\/en\/product\/t-shirt-big-fish-blackyellow\/","og_site_name":"RSR Moto","article_modified_time":"2024-06-13T12:38:20+00:00","og_image":[{"width":600,"height":600,"url":"https:\/\/rsrmoto.ee\/wp-content\/uploads\/2024\/05\/0egg0wnimkcuik7f1ktt3lgxyzra9s2u.png","type":"image\/png"}],"twitter_card":"summary_large_image","twitter_misc":{"Estimated reading time":"1 minute"},"schema":{"@context":"https:\/\/schema.org","@graph":[{"@type":"WebPage","@id":"https:\/\/rsrmoto.ee\/toode\/t-shirt-big-fish-blackyellow\/","url":"https:\/\/rsrmoto.ee\/toode\/t-shirt-big-fish-blackyellow\/","name":"T-s\u00e4rk \"Big Fish\" Must-kollane - RSR Moto","isPartOf":{"@id":"https:\/\/rsrmoto.ee\/#website"},"primaryImageOfPage":{"@id":"https:\/\/rsrmoto.ee\/toode\/t-shirt-big-fish-blackyellow\/#primaryimage"},"image":{"@id":"https:\/\/rsrmoto.ee\/toode\/t-shirt-big-fish-blackyellow\/#primaryimage"},"thumbnailUrl":"https:\/\/rsrmoto.ee\/wp-content\/uploads\/2024\/05\/0egg0wnimkcuik7f1ktt3lgxyzra9s2u.png","datePublished":"2024-05-14T13:17:24+00:00","dateModified":"2024-06-13T12:38:20+00:00","description":"See klanitud must T-s\u00e4rk on valmistatud kvaliteetsest puuvillast, mis on segatud elastaaniga, et suurendada vastupidavust, tagades, et see peab vastu...","breadcrumb":{"@id":"https:\/\/rsrmoto.ee\/toode\/t-shirt-big-fish-blackyellow\/#breadcrumb"},"inLanguage":"en-GB","potentialAction":[{"@type":"ReadAction","target":["https:\/\/rsrmoto.ee\/toode\/t-shirt-big-fish-blackyellow\/"]}]},{"@type":"ImageObject","inLanguage":"en-GB","@id":"https:\/\/rsrmoto.ee\/toode\/t-shirt-big-fish-blackyellow\/#primaryimage","url":"https:\/\/rsrmoto.ee\/wp-content\/uploads\/2024\/05\/0egg0wnimkcuik7f1ktt3lgxyzra9s2u.png","contentUrl":"https:\/\/rsrmoto.ee\/wp-content\/uploads\/2024\/05\/0egg0wnimkcuik7f1ktt3lgxyzra9s2u.png","width":600,"height":600,"caption":"Kvalitseetsed matka- ja kalastusriided"},{"@type":"BreadcrumbList","@id":"https:\/\/rsrmoto.ee\/toode\/t-shirt-big-fish-blackyellow\/#breadcrumb","itemListElement":[{"@type":"ListItem","position":1,"name":"Esileht","item":"https:\/\/rsrmoto.ee\/"},{"@type":"ListItem","position":2,"name":"Pood","item":"https:\/\/rsrmoto.ee\/pood\/"},{"@type":"ListItem","position":3,"name":"T-s\u00e4rk &#8220;Big Fish&#8221; Must-kollane"}]},{"@type":"WebSite","@id":"https:\/\/rsrmoto.ee\/#website","url":"https:\/\/rsrmoto.ee\/","name":"RSR Moto","description":"Kvalitseetsed matka- ja kalastusriided","publisher":{"@id":"https:\/\/rsrmoto.ee\/#organization"},"potentialAction":[{"@type":"SearchAction","target":{"@type":"EntryPoint","urlTemplate":"https:\/\/rsrmoto.ee\/?s={search_term_string}"},"query-input":{"@type":"PropertyValueSpecification","valueRequired":true,"valueName":"search_term_string"}}],"inLanguage":"en-GB"},{"@type":"Organization","@id":"https:\/\/rsrmoto.ee\/#organization","name":"RSR Moto","url":"https:\/\/rsrmoto.ee\/","logo":{"@type":"ImageObject","inLanguage":"en-GB","@id":"https:\/\/rsrmoto.ee\/#\/schema\/logo\/image\/","url":"https:\/\/www.rsrmoto.ee\/wp-content\/uploads\/2024\/05\/mountain-300x300-1.png","contentUrl":"https:\/\/www.rsrmoto.ee\/wp-content\/uploads\/2024\/05\/mountain-300x300-1.png","width":300,"height":300,"caption":"RSR Moto"},"image":{"@id":"https:\/\/rsrmoto.ee\/#\/schema\/logo\/image\/"}}]}},"_links":{"self":[{"href":"https:\/\/rsrmoto.ee\/en\/wp-json\/wp\/v2\/product\/3677","targetHints":{"allow":["GET"]}}],"collection":[{"href":"https:\/\/rsrmoto.ee\/en\/wp-json\/wp\/v2\/product"}],"about":[{"href":"https:\/\/rsrmoto.ee\/en\/wp-json\/wp\/v2\/types\/product"}],"wp:featuredmedia":[{"embeddable":true,"href":"https:\/\/rsrmoto.ee\/en\/wp-json\/wp\/v2\/media\/3698"}],"wp:attachment":[{"href":"https:\/\/rsrmoto.ee\/en\/wp-json\/wp\/v2\/media?parent=3677"}],"wp:term":[{"taxonomy":"product_brand","embeddable":true,"href":"https:\/\/rsrmoto.ee\/en\/wp-json\/wp\/v2\/product_brand?post=3677"},{"taxonomy":"product_cat","embeddable":true,"href":"https:\/\/rsrmoto.ee\/en\/wp-json\/wp\/v2\/product_cat?post=3677"},{"taxonomy":"product_tag","embeddable":true,"href":"https:\/\/rsrmoto.ee\/en\/wp-json\/wp\/v2\/product_tag?post=3677"}],"curies":[{"name":"wp","href":"https:\/\/api.w.org\/{rel}","templated":true}]}}