{"id":66,"date":"2020-03-13T10:24:27","date_gmt":"2020-03-13T10:24:27","guid":{"rendered":"https:\/\/demo.creativethemes.com\/blocksy\/modern-shop\/?post_type=product&#038;p=66"},"modified":"2025-03-07T13:18:07","modified_gmt":"2025-03-07T11:18:07","slug":"old-school-graphiteyellow-waders","status":"publish","type":"product","link":"https:\/\/rsrmoto.ee\/en\/product\/old-school-graphiteyellow-waders\/","title":{"rendered":"OLD SCHOOL &#8220;Graphite&#8221; Kollane &#8211; kahlamisp\u00fcksid"},"content":{"rendered":"<p>Need neopreenist kahlajad on loodud selleks, et hoida teid k\u00fclmal aastaajal \u00f5uesaikluste ajal mugavalt ja soojas. T\u00e4nu neopreeni suurep\u00e4rastele isoleerivatele omadustele saate k\u00fclmaga julgelt toime tulla.<\/p>\n<p>Teie mugavuse suurendamiseks on kahladel mugav k\u00e4tesoojenduse tasku Velcro rinnatasku taga. See l\u00e4bim\u00f5eldud funktsioon v\u00f5imaldab teil pauside ajal k\u00e4si soojendada, tagades, et j\u00e4\u00e4te hubaseks ja keskendute oma kahlamistegevusele.<\/p>\n<p>Tunnistades, et p\u00f5lved on suurem h\u00f5\u00f5rdumisele kalduv piirkond, oleme seda olulist piirkonda oma kahlamismasina disainis tugevdanud. See t\u00e4iendav tugevdus tagab parema kaitse ja vastupidavuse, tagades, et teie kahlajad taluvad sagedast kasutamist n\u00f5udlikes tingimustes.<\/p>\n<p>&nbsp;<\/p>","protected":false},"excerpt":{"rendered":"<p>Kaasas on veekindel nutitelefonikott ja kandekott.<\/p>\n<p>Kulumiskindel 4,5 mm neopreen<br \/>\nP\u00f5lvedel kaitsev kate<br \/>\nTugevad traksid ja v\u00f6\u00f6<br \/>\nMahukas Velcro rinnatasku<br \/>\nK\u00e4esoojendaja tasku<br \/>\nKuivatussilmused<br \/>\nVastupidavad kummisaapad neopreenvoodriga<br \/>\nKaasas veekindel kott nutitelefonile ja dokumentidele<\/p>","protected":false},"featured_media":722,"template":"","meta":[],"product_brand":[],"product_cat":[107,15],"product_tag":[],"class_list":{"0":"post-66","1":"product","2":"type-product","3":"status-publish","4":"has-post-thumbnail","6":"product_cat-kahlamispuksid","7":"product_cat-meestele","9":"first","10":"instock","11":"taxable","12":"shipping-taxable","13":"purchasable","14":"product-type-simple"},"ct_brands":[],"yoast_head":"<!-- This site is optimized with the Yoast SEO plugin v27.3 - https:\/\/yoast.com\/product\/yoast-seo-wordpress\/ -->\n<title>OLD SCHOOL &quot;Graphite&quot; Kollane - kahlamisp\u00fcksid - RSR Moto<\/title>\n<meta name=\"robots\" content=\"index, follow, max-snippet:-1, max-image-preview:large, max-video-preview:-1\" \/>\n<link rel=\"canonical\" href=\"https:\/\/rsrmoto.ee\/en\/product\/old-school-graphiteyellow-waders\/\" \/>\n<meta property=\"og:locale\" content=\"en_GB\" \/>\n<meta property=\"og:type\" content=\"article\" \/>\n<meta property=\"og:title\" content=\"OLD SCHOOL &quot;Graphite&quot; Kollane - kahlamisp\u00fcksid - RSR Moto\" \/>\n<meta property=\"og:description\" content=\"Kaasas on veekindel nutitelefonikott ja kandekott.  Kulumiskindel 4,5 mm neopreen P\u00f5lvedel kaitsev kate Tugevad traksid ja v\u00f6\u00f6 Mahukas Velcro rinnatasku K\u00e4esoojendaja tasku Kuivatussilmused Vastupidavad kummisaapad neopreenvoodriga Kaasas veekindel kott nutitelefonile ja dokumentidele\" \/>\n<meta property=\"og:url\" content=\"https:\/\/rsrmoto.ee\/en\/product\/old-school-graphiteyellow-waders\/\" \/>\n<meta property=\"og:site_name\" content=\"RSR Moto\" \/>\n<meta property=\"article:modified_time\" content=\"2025-03-07T11:18:07+00:00\" \/>\n<meta property=\"og:image\" content=\"https:\/\/rsrmoto.ee\/wp-content\/uploads\/2020\/03\/d336da4aba3144ade96699edbea8171b.webp\" \/>\n\t<meta property=\"og:image:width\" content=\"1000\" \/>\n\t<meta property=\"og:image:height\" content=\"1000\" \/>\n\t<meta property=\"og:image:type\" content=\"image\/webp\" \/>\n<meta name=\"twitter:card\" content=\"summary_large_image\" \/>\n<meta name=\"twitter:label1\" content=\"Estimated reading time\" \/>\n\t<meta name=\"twitter:data1\" content=\"1 minute\" \/>\n<script type=\"application\/ld+json\" class=\"yoast-schema-graph\">{\"@context\":\"https:\\\/\\\/schema.org\",\"@graph\":[{\"@type\":\"WebPage\",\"@id\":\"https:\\\/\\\/rsrmoto.ee\\\/toode\\\/old-school-graphiteyellow-waders\\\/\",\"url\":\"https:\\\/\\\/rsrmoto.ee\\\/toode\\\/old-school-graphiteyellow-waders\\\/\",\"name\":\"OLD SCHOOL \\\"Graphite\\\" Kollane - kahlamisp\u00fcksid - RSR Moto\",\"isPartOf\":{\"@id\":\"https:\\\/\\\/rsrmoto.ee\\\/#website\"},\"primaryImageOfPage\":{\"@id\":\"https:\\\/\\\/rsrmoto.ee\\\/toode\\\/old-school-graphiteyellow-waders\\\/#primaryimage\"},\"image\":{\"@id\":\"https:\\\/\\\/rsrmoto.ee\\\/toode\\\/old-school-graphiteyellow-waders\\\/#primaryimage\"},\"thumbnailUrl\":\"https:\\\/\\\/rsrmoto.ee\\\/wp-content\\\/uploads\\\/2020\\\/03\\\/d336da4aba3144ade96699edbea8171b.webp\",\"datePublished\":\"2020-03-13T10:24:27+00:00\",\"dateModified\":\"2025-03-07T11:18:07+00:00\",\"breadcrumb\":{\"@id\":\"https:\\\/\\\/rsrmoto.ee\\\/toode\\\/old-school-graphiteyellow-waders\\\/#breadcrumb\"},\"inLanguage\":\"en-GB\",\"potentialAction\":[{\"@type\":\"ReadAction\",\"target\":[\"https:\\\/\\\/rsrmoto.ee\\\/toode\\\/old-school-graphiteyellow-waders\\\/\"]}]},{\"@type\":\"ImageObject\",\"inLanguage\":\"en-GB\",\"@id\":\"https:\\\/\\\/rsrmoto.ee\\\/toode\\\/old-school-graphiteyellow-waders\\\/#primaryimage\",\"url\":\"https:\\\/\\\/rsrmoto.ee\\\/wp-content\\\/uploads\\\/2020\\\/03\\\/d336da4aba3144ade96699edbea8171b.webp\",\"contentUrl\":\"https:\\\/\\\/rsrmoto.ee\\\/wp-content\\\/uploads\\\/2020\\\/03\\\/d336da4aba3144ade96699edbea8171b.webp\",\"width\":1000,\"height\":1000},{\"@type\":\"BreadcrumbList\",\"@id\":\"https:\\\/\\\/rsrmoto.ee\\\/toode\\\/old-school-graphiteyellow-waders\\\/#breadcrumb\",\"itemListElement\":[{\"@type\":\"ListItem\",\"position\":1,\"name\":\"Esileht\",\"item\":\"https:\\\/\\\/rsrmoto.ee\\\/\"},{\"@type\":\"ListItem\",\"position\":2,\"name\":\"Pood\",\"item\":\"https:\\\/\\\/rsrmoto.ee\\\/pood\\\/\"},{\"@type\":\"ListItem\",\"position\":3,\"name\":\"OLD SCHOOL &#8220;Graphite&#8221; Kollane &#8211; kahlamisp\u00fcksid\"}]},{\"@type\":\"WebSite\",\"@id\":\"https:\\\/\\\/rsrmoto.ee\\\/#website\",\"url\":\"https:\\\/\\\/rsrmoto.ee\\\/\",\"name\":\"RSR Moto\",\"description\":\"Kvalitseetsed matka- ja kalastusriided\",\"publisher\":{\"@id\":\"https:\\\/\\\/rsrmoto.ee\\\/#organization\"},\"potentialAction\":[{\"@type\":\"SearchAction\",\"target\":{\"@type\":\"EntryPoint\",\"urlTemplate\":\"https:\\\/\\\/rsrmoto.ee\\\/?s={search_term_string}\"},\"query-input\":{\"@type\":\"PropertyValueSpecification\",\"valueRequired\":true,\"valueName\":\"search_term_string\"}}],\"inLanguage\":\"en-GB\"},{\"@type\":\"Organization\",\"@id\":\"https:\\\/\\\/rsrmoto.ee\\\/#organization\",\"name\":\"RSR Moto\",\"url\":\"https:\\\/\\\/rsrmoto.ee\\\/\",\"logo\":{\"@type\":\"ImageObject\",\"inLanguage\":\"en-GB\",\"@id\":\"https:\\\/\\\/rsrmoto.ee\\\/#\\\/schema\\\/logo\\\/image\\\/\",\"url\":\"https:\\\/\\\/www.rsrmoto.ee\\\/wp-content\\\/uploads\\\/2024\\\/05\\\/mountain-300x300-1.png\",\"contentUrl\":\"https:\\\/\\\/www.rsrmoto.ee\\\/wp-content\\\/uploads\\\/2024\\\/05\\\/mountain-300x300-1.png\",\"width\":300,\"height\":300,\"caption\":\"RSR Moto\"},\"image\":{\"@id\":\"https:\\\/\\\/rsrmoto.ee\\\/#\\\/schema\\\/logo\\\/image\\\/\"}}]}<\/script>\n<!-- \/ Yoast SEO plugin. -->","yoast_head_json":{"title":"OLD SCHOOL \"Graphite\" Kollane - kahlamisp\u00fcksid - RSR Moto","robots":{"index":"index","follow":"follow","max-snippet":"max-snippet:-1","max-image-preview":"max-image-preview:large","max-video-preview":"max-video-preview:-1"},"canonical":"https:\/\/rsrmoto.ee\/en\/product\/old-school-graphiteyellow-waders\/","og_locale":"en_GB","og_type":"article","og_title":"OLD SCHOOL \"Graphite\" Kollane - kahlamisp\u00fcksid - RSR Moto","og_description":"Kaasas on veekindel nutitelefonikott ja kandekott.  Kulumiskindel 4,5 mm neopreen P\u00f5lvedel kaitsev kate Tugevad traksid ja v\u00f6\u00f6 Mahukas Velcro rinnatasku K\u00e4esoojendaja tasku Kuivatussilmused Vastupidavad kummisaapad neopreenvoodriga Kaasas veekindel kott nutitelefonile ja dokumentidele","og_url":"https:\/\/rsrmoto.ee\/en\/product\/old-school-graphiteyellow-waders\/","og_site_name":"RSR Moto","article_modified_time":"2025-03-07T11:18:07+00:00","og_image":[{"width":1000,"height":1000,"url":"https:\/\/rsrmoto.ee\/wp-content\/uploads\/2020\/03\/d336da4aba3144ade96699edbea8171b.webp","type":"image\/webp"}],"twitter_card":"summary_large_image","twitter_misc":{"Estimated reading time":"1 minute"},"schema":{"@context":"https:\/\/schema.org","@graph":[{"@type":"WebPage","@id":"https:\/\/rsrmoto.ee\/toode\/old-school-graphiteyellow-waders\/","url":"https:\/\/rsrmoto.ee\/toode\/old-school-graphiteyellow-waders\/","name":"OLD SCHOOL \"Graphite\" Kollane - kahlamisp\u00fcksid - RSR Moto","isPartOf":{"@id":"https:\/\/rsrmoto.ee\/#website"},"primaryImageOfPage":{"@id":"https:\/\/rsrmoto.ee\/toode\/old-school-graphiteyellow-waders\/#primaryimage"},"image":{"@id":"https:\/\/rsrmoto.ee\/toode\/old-school-graphiteyellow-waders\/#primaryimage"},"thumbnailUrl":"https:\/\/rsrmoto.ee\/wp-content\/uploads\/2020\/03\/d336da4aba3144ade96699edbea8171b.webp","datePublished":"2020-03-13T10:24:27+00:00","dateModified":"2025-03-07T11:18:07+00:00","breadcrumb":{"@id":"https:\/\/rsrmoto.ee\/toode\/old-school-graphiteyellow-waders\/#breadcrumb"},"inLanguage":"en-GB","potentialAction":[{"@type":"ReadAction","target":["https:\/\/rsrmoto.ee\/toode\/old-school-graphiteyellow-waders\/"]}]},{"@type":"ImageObject","inLanguage":"en-GB","@id":"https:\/\/rsrmoto.ee\/toode\/old-school-graphiteyellow-waders\/#primaryimage","url":"https:\/\/rsrmoto.ee\/wp-content\/uploads\/2020\/03\/d336da4aba3144ade96699edbea8171b.webp","contentUrl":"https:\/\/rsrmoto.ee\/wp-content\/uploads\/2020\/03\/d336da4aba3144ade96699edbea8171b.webp","width":1000,"height":1000},{"@type":"BreadcrumbList","@id":"https:\/\/rsrmoto.ee\/toode\/old-school-graphiteyellow-waders\/#breadcrumb","itemListElement":[{"@type":"ListItem","position":1,"name":"Esileht","item":"https:\/\/rsrmoto.ee\/"},{"@type":"ListItem","position":2,"name":"Pood","item":"https:\/\/rsrmoto.ee\/pood\/"},{"@type":"ListItem","position":3,"name":"OLD SCHOOL &#8220;Graphite&#8221; Kollane &#8211; kahlamisp\u00fcksid"}]},{"@type":"WebSite","@id":"https:\/\/rsrmoto.ee\/#website","url":"https:\/\/rsrmoto.ee\/","name":"RSR Moto","description":"Kvalitseetsed matka- ja kalastusriided","publisher":{"@id":"https:\/\/rsrmoto.ee\/#organization"},"potentialAction":[{"@type":"SearchAction","target":{"@type":"EntryPoint","urlTemplate":"https:\/\/rsrmoto.ee\/?s={search_term_string}"},"query-input":{"@type":"PropertyValueSpecification","valueRequired":true,"valueName":"search_term_string"}}],"inLanguage":"en-GB"},{"@type":"Organization","@id":"https:\/\/rsrmoto.ee\/#organization","name":"RSR Moto","url":"https:\/\/rsrmoto.ee\/","logo":{"@type":"ImageObject","inLanguage":"en-GB","@id":"https:\/\/rsrmoto.ee\/#\/schema\/logo\/image\/","url":"https:\/\/www.rsrmoto.ee\/wp-content\/uploads\/2024\/05\/mountain-300x300-1.png","contentUrl":"https:\/\/www.rsrmoto.ee\/wp-content\/uploads\/2024\/05\/mountain-300x300-1.png","width":300,"height":300,"caption":"RSR Moto"},"image":{"@id":"https:\/\/rsrmoto.ee\/#\/schema\/logo\/image\/"}}]}},"_links":{"self":[{"href":"https:\/\/rsrmoto.ee\/en\/wp-json\/wp\/v2\/product\/66","targetHints":{"allow":["GET"]}}],"collection":[{"href":"https:\/\/rsrmoto.ee\/en\/wp-json\/wp\/v2\/product"}],"about":[{"href":"https:\/\/rsrmoto.ee\/en\/wp-json\/wp\/v2\/types\/product"}],"wp:featuredmedia":[{"embeddable":true,"href":"https:\/\/rsrmoto.ee\/en\/wp-json\/wp\/v2\/media\/722"}],"wp:attachment":[{"href":"https:\/\/rsrmoto.ee\/en\/wp-json\/wp\/v2\/media?parent=66"}],"wp:term":[{"taxonomy":"product_brand","embeddable":true,"href":"https:\/\/rsrmoto.ee\/en\/wp-json\/wp\/v2\/product_brand?post=66"},{"taxonomy":"product_cat","embeddable":true,"href":"https:\/\/rsrmoto.ee\/en\/wp-json\/wp\/v2\/product_cat?post=66"},{"taxonomy":"product_tag","embeddable":true,"href":"https:\/\/rsrmoto.ee\/en\/wp-json\/wp\/v2\/product_tag?post=66"}],"curies":[{"name":"wp","href":"https:\/\/api.w.org\/{rel}","templated":true}]}}