{"id":68,"date":"2020-03-13T10:27:32","date_gmt":"2020-03-13T10:27:32","guid":{"rendered":"https:\/\/demo.creativethemes.com\/blocksy\/modern-shop\/?post_type=product&#038;p=68"},"modified":"2025-03-07T16:00:19","modified_gmt":"2025-03-07T14:00:19","slug":"blackwater-max-5-5291-waders","status":"publish","type":"product","link":"https:\/\/rsrmoto.ee\/en\/product\/blackwater-max-5-5291-waders\/","title":{"rendered":"BLACKWATER Max-5 5291 kahlamisp\u00fcksid"},"content":{"rendered":"<p>BLACKWATER kahlajad on m\u00f5eldud k\u00fclma ilmaga m\u00e4rgadeks seiklusteks, pakkudes erakordset mugavust ja j\u00f5udlust. 4,5 mm veekindlast neopreenist valmistatud kahlajad on suurep\u00e4rase isolatsiooniga, et hoida teid vee peal soojas. Vastupidavatel kummisaabastel on neopreenvooder, mis suurendab polsterdust ja mugavust. Velcro rinnatasku taga asuva peidetud k\u00e4tesoojenduse taskuga saate h\u00f5lpsalt k\u00e4si soojendada, kui vaja.<\/p>\n<p>&nbsp;<\/p>","protected":false},"excerpt":{"rendered":"<p>Kulumiskindel 4,5 mm neopreen<br \/>\nK\u00f5ik \u00f5mblused ja t\u00f5mblukud on usaldusv\u00e4\u00e4rselt liimitud<br \/>\nP\u00f5lvedel kaitsev kate<br \/>\nTugevad traksid ja v\u00f6\u00f6<br \/>\nMahukas veekindel Velcro rinnatasku<br \/>\nMuhv tasku<br \/>\nKuivatussilmused<br \/>\nSisseehitatud t\u00f6\u00f6kindlad neopreenvoodriga kummisaapad<br \/>\nSpetsiaalne mudavaba turvis<br \/>\nKaasas veekindel kott nutitelefonile ja dokumentidele<br \/>\nSuurenenud kahlajate k\u00f5rgus<br \/>\nT\u00e4iendav tugevdus p\u00f5lvedel<\/p>","protected":false},"featured_media":742,"template":"","meta":[],"product_brand":[],"product_cat":[107,15],"product_tag":[],"class_list":{"0":"post-68","1":"product","2":"type-product","3":"status-publish","4":"has-post-thumbnail","6":"product_cat-kahlamispuksid","7":"product_cat-meestele","9":"first","10":"instock","11":"taxable","12":"shipping-taxable","13":"purchasable","14":"product-type-simple"},"ct_brands":[],"yoast_head":"<!-- This site is optimized with the Yoast SEO plugin v27.3 - https:\/\/yoast.com\/product\/yoast-seo-wordpress\/ -->\n<title>BLACKWATER Max-5 5291 kahlamisp\u00fcksid - RSR Moto<\/title>\n<meta name=\"robots\" content=\"index, follow, max-snippet:-1, max-image-preview:large, max-video-preview:-1\" \/>\n<link rel=\"canonical\" href=\"https:\/\/rsrmoto.ee\/en\/product\/blackwater-max-5-5291-waders\/\" \/>\n<meta property=\"og:locale\" content=\"en_GB\" \/>\n<meta property=\"og:type\" content=\"article\" \/>\n<meta property=\"og:title\" content=\"BLACKWATER Max-5 5291 kahlamisp\u00fcksid - RSR Moto\" \/>\n<meta property=\"og:description\" content=\"Kulumiskindel 4,5 mm neopreen K\u00f5ik \u00f5mblused ja t\u00f5mblukud on usaldusv\u00e4\u00e4rselt liimitud P\u00f5lvedel kaitsev kate Tugevad traksid ja v\u00f6\u00f6 Mahukas veekindel Velcro rinnatasku Muhv tasku Kuivatussilmused Sisseehitatud t\u00f6\u00f6kindlad neopreenvoodriga kummisaapad Spetsiaalne mudavaba turvis Kaasas veekindel kott nutitelefonile ja dokumentidele Suurenenud kahlajate k\u00f5rgus T\u00e4iendav tugevdus p\u00f5lvedel\" \/>\n<meta property=\"og:url\" content=\"https:\/\/rsrmoto.ee\/en\/product\/blackwater-max-5-5291-waders\/\" \/>\n<meta property=\"og:site_name\" content=\"RSR Moto\" \/>\n<meta property=\"article:modified_time\" content=\"2025-03-07T14:00:19+00:00\" \/>\n<meta property=\"og:image\" content=\"https:\/\/rsrmoto.ee\/wp-content\/uploads\/2020\/03\/fg8dkapop1zy0xnebr3vko92nbvtj41a.webp\" \/>\n\t<meta property=\"og:image:width\" content=\"1000\" \/>\n\t<meta property=\"og:image:height\" content=\"1000\" \/>\n\t<meta property=\"og:image:type\" content=\"image\/webp\" \/>\n<meta name=\"twitter:card\" content=\"summary_large_image\" \/>\n<meta name=\"twitter:label1\" content=\"Estimated reading time\" \/>\n\t<meta name=\"twitter:data1\" content=\"1 minute\" \/>\n<script type=\"application\/ld+json\" class=\"yoast-schema-graph\">{\"@context\":\"https:\\\/\\\/schema.org\",\"@graph\":[{\"@type\":\"WebPage\",\"@id\":\"https:\\\/\\\/rsrmoto.ee\\\/toode\\\/blackwater-max-5-5291-waders\\\/\",\"url\":\"https:\\\/\\\/rsrmoto.ee\\\/toode\\\/blackwater-max-5-5291-waders\\\/\",\"name\":\"BLACKWATER Max-5 5291 kahlamisp\u00fcksid - RSR Moto\",\"isPartOf\":{\"@id\":\"https:\\\/\\\/rsrmoto.ee\\\/#website\"},\"primaryImageOfPage\":{\"@id\":\"https:\\\/\\\/rsrmoto.ee\\\/toode\\\/blackwater-max-5-5291-waders\\\/#primaryimage\"},\"image\":{\"@id\":\"https:\\\/\\\/rsrmoto.ee\\\/toode\\\/blackwater-max-5-5291-waders\\\/#primaryimage\"},\"thumbnailUrl\":\"https:\\\/\\\/rsrmoto.ee\\\/wp-content\\\/uploads\\\/2020\\\/03\\\/fg8dkapop1zy0xnebr3vko92nbvtj41a.webp\",\"datePublished\":\"2020-03-13T10:27:32+00:00\",\"dateModified\":\"2025-03-07T14:00:19+00:00\",\"breadcrumb\":{\"@id\":\"https:\\\/\\\/rsrmoto.ee\\\/toode\\\/blackwater-max-5-5291-waders\\\/#breadcrumb\"},\"inLanguage\":\"en-GB\",\"potentialAction\":[{\"@type\":\"ReadAction\",\"target\":[\"https:\\\/\\\/rsrmoto.ee\\\/toode\\\/blackwater-max-5-5291-waders\\\/\"]}]},{\"@type\":\"ImageObject\",\"inLanguage\":\"en-GB\",\"@id\":\"https:\\\/\\\/rsrmoto.ee\\\/toode\\\/blackwater-max-5-5291-waders\\\/#primaryimage\",\"url\":\"https:\\\/\\\/rsrmoto.ee\\\/wp-content\\\/uploads\\\/2020\\\/03\\\/fg8dkapop1zy0xnebr3vko92nbvtj41a.webp\",\"contentUrl\":\"https:\\\/\\\/rsrmoto.ee\\\/wp-content\\\/uploads\\\/2020\\\/03\\\/fg8dkapop1zy0xnebr3vko92nbvtj41a.webp\",\"width\":1000,\"height\":1000},{\"@type\":\"BreadcrumbList\",\"@id\":\"https:\\\/\\\/rsrmoto.ee\\\/toode\\\/blackwater-max-5-5291-waders\\\/#breadcrumb\",\"itemListElement\":[{\"@type\":\"ListItem\",\"position\":1,\"name\":\"Esileht\",\"item\":\"https:\\\/\\\/rsrmoto.ee\\\/\"},{\"@type\":\"ListItem\",\"position\":2,\"name\":\"Pood\",\"item\":\"https:\\\/\\\/rsrmoto.ee\\\/pood\\\/\"},{\"@type\":\"ListItem\",\"position\":3,\"name\":\"BLACKWATER Max-5 5291 kahlamisp\u00fcksid\"}]},{\"@type\":\"WebSite\",\"@id\":\"https:\\\/\\\/rsrmoto.ee\\\/#website\",\"url\":\"https:\\\/\\\/rsrmoto.ee\\\/\",\"name\":\"RSR Moto\",\"description\":\"Kvalitseetsed matka- ja kalastusriided\",\"publisher\":{\"@id\":\"https:\\\/\\\/rsrmoto.ee\\\/#organization\"},\"potentialAction\":[{\"@type\":\"SearchAction\",\"target\":{\"@type\":\"EntryPoint\",\"urlTemplate\":\"https:\\\/\\\/rsrmoto.ee\\\/?s={search_term_string}\"},\"query-input\":{\"@type\":\"PropertyValueSpecification\",\"valueRequired\":true,\"valueName\":\"search_term_string\"}}],\"inLanguage\":\"en-GB\"},{\"@type\":\"Organization\",\"@id\":\"https:\\\/\\\/rsrmoto.ee\\\/#organization\",\"name\":\"RSR Moto\",\"url\":\"https:\\\/\\\/rsrmoto.ee\\\/\",\"logo\":{\"@type\":\"ImageObject\",\"inLanguage\":\"en-GB\",\"@id\":\"https:\\\/\\\/rsrmoto.ee\\\/#\\\/schema\\\/logo\\\/image\\\/\",\"url\":\"https:\\\/\\\/www.rsrmoto.ee\\\/wp-content\\\/uploads\\\/2024\\\/05\\\/mountain-300x300-1.png\",\"contentUrl\":\"https:\\\/\\\/www.rsrmoto.ee\\\/wp-content\\\/uploads\\\/2024\\\/05\\\/mountain-300x300-1.png\",\"width\":300,\"height\":300,\"caption\":\"RSR Moto\"},\"image\":{\"@id\":\"https:\\\/\\\/rsrmoto.ee\\\/#\\\/schema\\\/logo\\\/image\\\/\"}}]}<\/script>\n<!-- \/ Yoast SEO plugin. -->","yoast_head_json":{"title":"BLACKWATER Max-5 5291 kahlamisp\u00fcksid - RSR Moto","robots":{"index":"index","follow":"follow","max-snippet":"max-snippet:-1","max-image-preview":"max-image-preview:large","max-video-preview":"max-video-preview:-1"},"canonical":"https:\/\/rsrmoto.ee\/en\/product\/blackwater-max-5-5291-waders\/","og_locale":"en_GB","og_type":"article","og_title":"BLACKWATER Max-5 5291 kahlamisp\u00fcksid - RSR Moto","og_description":"Kulumiskindel 4,5 mm neopreen K\u00f5ik \u00f5mblused ja t\u00f5mblukud on usaldusv\u00e4\u00e4rselt liimitud P\u00f5lvedel kaitsev kate Tugevad traksid ja v\u00f6\u00f6 Mahukas veekindel Velcro rinnatasku Muhv tasku Kuivatussilmused Sisseehitatud t\u00f6\u00f6kindlad neopreenvoodriga kummisaapad Spetsiaalne mudavaba turvis Kaasas veekindel kott nutitelefonile ja dokumentidele Suurenenud kahlajate k\u00f5rgus T\u00e4iendav tugevdus p\u00f5lvedel","og_url":"https:\/\/rsrmoto.ee\/en\/product\/blackwater-max-5-5291-waders\/","og_site_name":"RSR Moto","article_modified_time":"2025-03-07T14:00:19+00:00","og_image":[{"width":1000,"height":1000,"url":"https:\/\/rsrmoto.ee\/wp-content\/uploads\/2020\/03\/fg8dkapop1zy0xnebr3vko92nbvtj41a.webp","type":"image\/webp"}],"twitter_card":"summary_large_image","twitter_misc":{"Estimated reading time":"1 minute"},"schema":{"@context":"https:\/\/schema.org","@graph":[{"@type":"WebPage","@id":"https:\/\/rsrmoto.ee\/toode\/blackwater-max-5-5291-waders\/","url":"https:\/\/rsrmoto.ee\/toode\/blackwater-max-5-5291-waders\/","name":"BLACKWATER Max-5 5291 kahlamisp\u00fcksid - RSR Moto","isPartOf":{"@id":"https:\/\/rsrmoto.ee\/#website"},"primaryImageOfPage":{"@id":"https:\/\/rsrmoto.ee\/toode\/blackwater-max-5-5291-waders\/#primaryimage"},"image":{"@id":"https:\/\/rsrmoto.ee\/toode\/blackwater-max-5-5291-waders\/#primaryimage"},"thumbnailUrl":"https:\/\/rsrmoto.ee\/wp-content\/uploads\/2020\/03\/fg8dkapop1zy0xnebr3vko92nbvtj41a.webp","datePublished":"2020-03-13T10:27:32+00:00","dateModified":"2025-03-07T14:00:19+00:00","breadcrumb":{"@id":"https:\/\/rsrmoto.ee\/toode\/blackwater-max-5-5291-waders\/#breadcrumb"},"inLanguage":"en-GB","potentialAction":[{"@type":"ReadAction","target":["https:\/\/rsrmoto.ee\/toode\/blackwater-max-5-5291-waders\/"]}]},{"@type":"ImageObject","inLanguage":"en-GB","@id":"https:\/\/rsrmoto.ee\/toode\/blackwater-max-5-5291-waders\/#primaryimage","url":"https:\/\/rsrmoto.ee\/wp-content\/uploads\/2020\/03\/fg8dkapop1zy0xnebr3vko92nbvtj41a.webp","contentUrl":"https:\/\/rsrmoto.ee\/wp-content\/uploads\/2020\/03\/fg8dkapop1zy0xnebr3vko92nbvtj41a.webp","width":1000,"height":1000},{"@type":"BreadcrumbList","@id":"https:\/\/rsrmoto.ee\/toode\/blackwater-max-5-5291-waders\/#breadcrumb","itemListElement":[{"@type":"ListItem","position":1,"name":"Esileht","item":"https:\/\/rsrmoto.ee\/"},{"@type":"ListItem","position":2,"name":"Pood","item":"https:\/\/rsrmoto.ee\/pood\/"},{"@type":"ListItem","position":3,"name":"BLACKWATER Max-5 5291 kahlamisp\u00fcksid"}]},{"@type":"WebSite","@id":"https:\/\/rsrmoto.ee\/#website","url":"https:\/\/rsrmoto.ee\/","name":"RSR Moto","description":"Kvalitseetsed matka- ja kalastusriided","publisher":{"@id":"https:\/\/rsrmoto.ee\/#organization"},"potentialAction":[{"@type":"SearchAction","target":{"@type":"EntryPoint","urlTemplate":"https:\/\/rsrmoto.ee\/?s={search_term_string}"},"query-input":{"@type":"PropertyValueSpecification","valueRequired":true,"valueName":"search_term_string"}}],"inLanguage":"en-GB"},{"@type":"Organization","@id":"https:\/\/rsrmoto.ee\/#organization","name":"RSR Moto","url":"https:\/\/rsrmoto.ee\/","logo":{"@type":"ImageObject","inLanguage":"en-GB","@id":"https:\/\/rsrmoto.ee\/#\/schema\/logo\/image\/","url":"https:\/\/www.rsrmoto.ee\/wp-content\/uploads\/2024\/05\/mountain-300x300-1.png","contentUrl":"https:\/\/www.rsrmoto.ee\/wp-content\/uploads\/2024\/05\/mountain-300x300-1.png","width":300,"height":300,"caption":"RSR Moto"},"image":{"@id":"https:\/\/rsrmoto.ee\/#\/schema\/logo\/image\/"}}]}},"_links":{"self":[{"href":"https:\/\/rsrmoto.ee\/en\/wp-json\/wp\/v2\/product\/68","targetHints":{"allow":["GET"]}}],"collection":[{"href":"https:\/\/rsrmoto.ee\/en\/wp-json\/wp\/v2\/product"}],"about":[{"href":"https:\/\/rsrmoto.ee\/en\/wp-json\/wp\/v2\/types\/product"}],"wp:featuredmedia":[{"embeddable":true,"href":"https:\/\/rsrmoto.ee\/en\/wp-json\/wp\/v2\/media\/742"}],"wp:attachment":[{"href":"https:\/\/rsrmoto.ee\/en\/wp-json\/wp\/v2\/media?parent=68"}],"wp:term":[{"taxonomy":"product_brand","embeddable":true,"href":"https:\/\/rsrmoto.ee\/en\/wp-json\/wp\/v2\/product_brand?post=68"},{"taxonomy":"product_cat","embeddable":true,"href":"https:\/\/rsrmoto.ee\/en\/wp-json\/wp\/v2\/product_cat?post=68"},{"taxonomy":"product_tag","embeddable":true,"href":"https:\/\/rsrmoto.ee\/en\/wp-json\/wp\/v2\/product_tag?post=68"}],"curies":[{"name":"wp","href":"https:\/\/api.w.org\/{rel}","templated":true}]}}