{"id":830,"date":"2024-04-25T20:02:44","date_gmt":"2024-04-25T17:02:44","guid":{"rendered":"https:\/\/www.rsrmoto.ee\/?post_type=product&#038;p=830"},"modified":"2024-05-16T14:29:55","modified_gmt":"2024-05-16T11:29:55","slug":"evolution-22-red-3812-snowmobile-overall","status":"publish","type":"product","link":"https:\/\/rsrmoto.ee\/en\/product\/evolution-22-red-3812-snowmobile-overall\/","title":{"rendered":"EVOLUTION 22 Punane 3812 mootorsaani riided"},"content":{"rendered":"<p>EVOLUTION 22 mono\u00fclikond sobib suurep\u00e4raselt d\u00fcnaamilisteks \u00f5uetegevusteks talvel, nagu aktiivne mootorsaani v\u00f5i ATV-ga s\u00f5itmine kuni -20\u00b0C temperatuuriga. Unikaalse anatoomilise l\u00f5ikega tagab nii mugavuse kui ka t\u00f6\u00f6kindluse. Vastupidavast 2,5-kihilisest HARD-TEX membraani ja kiiresti kuivava v\u00f5rkvoodriga kangast valmistatud mono\u00fclikond pakub kiiret niiskuse aurustumist ning kaitset tuule ja l\u00f6rtsi eest. Tugevdatud v\u00e4limised kihid suure kulumispinnaga aladel, nagu p\u00f5lved ja iste, suurendavad vastupidavust. K\u00f5ik \u00f5mblused on hermeetiliselt liimitud.<\/p>\n<p>Mono\u00fclikonnal on mugavuse ja k\u00f5rguse reguleerimiseks reguleeritava pikkusega integreeritud traksid. P\u00f6idlaaukudega sisemised Lycra mansetid pakuvad mugavust ning kaitsevad tuule ja lume eest. S\u00e4\u00e4rte sisekedrid takistavad lume ja niiskuse sissep\u00e4\u00e4su. Niiskuskindel kahesuunaline t\u00f5mblukk pakub mugavust, eriti loodusk\u00f5nede ajal.<\/p>\n<p>&nbsp;<\/p>","protected":false},"excerpt":{"rendered":"<p>Kahes dimensioonis reguleeritava kapuutsiga, h\u00fcgroskoopse mikrofliisist kraega ja strateegilise ventilatsiooniga kubeme-, kaenla- ja kaelapiirkonnas tagab monokost\u00fc\u00fcm mugavuse kogu s\u00f5idu v\u00e4ltel. Sellel on sisemine aas k\u00f5rvaklappide jaoks, liigendatud 3D-p\u00f5lved, kaks sooja lukuga k\u00fcljetaskut ja \u00fcks suur sisemine v\u00f5rktasku. Mugavuse suurendamiseks on seljatugi vooderdatud v\u00f5rguga. See mudel on loodud tehnoloogiatega, mis seavad esikohale mugavuse ja vastupidavuse.<\/p>","protected":false},"featured_media":841,"template":"","meta":[],"product_brand":[],"product_cat":[30,15,111],"product_tag":[],"class_list":{"0":"post-830","1":"product","2":"type-product","3":"status-publish","4":"has-post-thumbnail","6":"product_cat-lumi","7":"product_cat-meestele","8":"product_cat-mootorsaani-riided","10":"first","11":"instock","12":"taxable","13":"shipping-taxable","14":"purchasable","15":"product-type-simple"},"ct_brands":[],"yoast_head":"<!-- This site is optimized with the Yoast SEO plugin v27.3 - https:\/\/yoast.com\/product\/yoast-seo-wordpress\/ -->\n<title>EVOLUTION 22 Punane 3812 mootorsaani riided - RSR Moto<\/title>\n<meta name=\"robots\" content=\"index, follow, max-snippet:-1, max-image-preview:large, max-video-preview:-1\" \/>\n<link rel=\"canonical\" href=\"https:\/\/rsrmoto.ee\/en\/product\/evolution-22-red-3812-snowmobile-overall\/\" \/>\n<meta property=\"og:locale\" content=\"en_GB\" \/>\n<meta property=\"og:type\" content=\"article\" \/>\n<meta property=\"og:title\" content=\"EVOLUTION 22 Punane 3812 mootorsaani riided - RSR Moto\" \/>\n<meta property=\"og:description\" content=\"Kahes dimensioonis reguleeritava kapuutsiga, h\u00fcgroskoopse mikrofliisist kraega ja strateegilise ventilatsiooniga kubeme-, kaenla- ja kaelapiirkonnas tagab monokost\u00fc\u00fcm mugavuse kogu s\u00f5idu v\u00e4ltel. Sellel on sisemine aas k\u00f5rvaklappide jaoks, liigendatud 3D-p\u00f5lved, kaks sooja lukuga k\u00fcljetaskut ja \u00fcks suur sisemine v\u00f5rktasku. Mugavuse suurendamiseks on seljatugi vooderdatud v\u00f5rguga. See mudel on loodud tehnoloogiatega, mis seavad esikohale mugavuse ja vastupidavuse.\" \/>\n<meta property=\"og:url\" content=\"https:\/\/rsrmoto.ee\/en\/product\/evolution-22-red-3812-snowmobile-overall\/\" \/>\n<meta property=\"og:site_name\" content=\"RSR Moto\" \/>\n<meta property=\"article:modified_time\" content=\"2024-05-16T11:29:55+00:00\" \/>\n<meta property=\"og:image\" content=\"https:\/\/rsrmoto.ee\/wp-content\/uploads\/2024\/04\/tf9jtkv2egfhvj4yc1s267a0oscee7hq.png\" \/>\n\t<meta property=\"og:image:width\" content=\"1000\" \/>\n\t<meta property=\"og:image:height\" content=\"1000\" \/>\n\t<meta property=\"og:image:type\" content=\"image\/png\" \/>\n<meta name=\"twitter:card\" content=\"summary_large_image\" \/>\n<meta name=\"twitter:label1\" content=\"Estimated reading time\" \/>\n\t<meta name=\"twitter:data1\" content=\"1 minute\" \/>\n<script type=\"application\/ld+json\" class=\"yoast-schema-graph\">{\"@context\":\"https:\\\/\\\/schema.org\",\"@graph\":[{\"@type\":\"WebPage\",\"@id\":\"https:\\\/\\\/rsrmoto.ee\\\/toode\\\/evolution-22-red-3812-snowmobile-overall\\\/\",\"url\":\"https:\\\/\\\/rsrmoto.ee\\\/toode\\\/evolution-22-red-3812-snowmobile-overall\\\/\",\"name\":\"EVOLUTION 22 Punane 3812 mootorsaani riided - RSR Moto\",\"isPartOf\":{\"@id\":\"https:\\\/\\\/rsrmoto.ee\\\/#website\"},\"primaryImageOfPage\":{\"@id\":\"https:\\\/\\\/rsrmoto.ee\\\/toode\\\/evolution-22-red-3812-snowmobile-overall\\\/#primaryimage\"},\"image\":{\"@id\":\"https:\\\/\\\/rsrmoto.ee\\\/toode\\\/evolution-22-red-3812-snowmobile-overall\\\/#primaryimage\"},\"thumbnailUrl\":\"https:\\\/\\\/rsrmoto.ee\\\/wp-content\\\/uploads\\\/2024\\\/04\\\/tf9jtkv2egfhvj4yc1s267a0oscee7hq.png\",\"datePublished\":\"2024-04-25T17:02:44+00:00\",\"dateModified\":\"2024-05-16T11:29:55+00:00\",\"breadcrumb\":{\"@id\":\"https:\\\/\\\/rsrmoto.ee\\\/toode\\\/evolution-22-red-3812-snowmobile-overall\\\/#breadcrumb\"},\"inLanguage\":\"en-GB\",\"potentialAction\":[{\"@type\":\"ReadAction\",\"target\":[\"https:\\\/\\\/rsrmoto.ee\\\/toode\\\/evolution-22-red-3812-snowmobile-overall\\\/\"]}]},{\"@type\":\"ImageObject\",\"inLanguage\":\"en-GB\",\"@id\":\"https:\\\/\\\/rsrmoto.ee\\\/toode\\\/evolution-22-red-3812-snowmobile-overall\\\/#primaryimage\",\"url\":\"https:\\\/\\\/rsrmoto.ee\\\/wp-content\\\/uploads\\\/2024\\\/04\\\/tf9jtkv2egfhvj4yc1s267a0oscee7hq.png\",\"contentUrl\":\"https:\\\/\\\/rsrmoto.ee\\\/wp-content\\\/uploads\\\/2024\\\/04\\\/tf9jtkv2egfhvj4yc1s267a0oscee7hq.png\",\"width\":1000,\"height\":1000},{\"@type\":\"BreadcrumbList\",\"@id\":\"https:\\\/\\\/rsrmoto.ee\\\/toode\\\/evolution-22-red-3812-snowmobile-overall\\\/#breadcrumb\",\"itemListElement\":[{\"@type\":\"ListItem\",\"position\":1,\"name\":\"Esileht\",\"item\":\"https:\\\/\\\/rsrmoto.ee\\\/\"},{\"@type\":\"ListItem\",\"position\":2,\"name\":\"Pood\",\"item\":\"https:\\\/\\\/rsrmoto.ee\\\/pood\\\/\"},{\"@type\":\"ListItem\",\"position\":3,\"name\":\"EVOLUTION 22 Punane 3812 mootorsaani riided\"}]},{\"@type\":\"WebSite\",\"@id\":\"https:\\\/\\\/rsrmoto.ee\\\/#website\",\"url\":\"https:\\\/\\\/rsrmoto.ee\\\/\",\"name\":\"RSR Moto\",\"description\":\"Kvalitseetsed matka- ja kalastusriided\",\"publisher\":{\"@id\":\"https:\\\/\\\/rsrmoto.ee\\\/#organization\"},\"potentialAction\":[{\"@type\":\"SearchAction\",\"target\":{\"@type\":\"EntryPoint\",\"urlTemplate\":\"https:\\\/\\\/rsrmoto.ee\\\/?s={search_term_string}\"},\"query-input\":{\"@type\":\"PropertyValueSpecification\",\"valueRequired\":true,\"valueName\":\"search_term_string\"}}],\"inLanguage\":\"en-GB\"},{\"@type\":\"Organization\",\"@id\":\"https:\\\/\\\/rsrmoto.ee\\\/#organization\",\"name\":\"RSR Moto\",\"url\":\"https:\\\/\\\/rsrmoto.ee\\\/\",\"logo\":{\"@type\":\"ImageObject\",\"inLanguage\":\"en-GB\",\"@id\":\"https:\\\/\\\/rsrmoto.ee\\\/#\\\/schema\\\/logo\\\/image\\\/\",\"url\":\"https:\\\/\\\/www.rsrmoto.ee\\\/wp-content\\\/uploads\\\/2024\\\/05\\\/mountain-300x300-1.png\",\"contentUrl\":\"https:\\\/\\\/www.rsrmoto.ee\\\/wp-content\\\/uploads\\\/2024\\\/05\\\/mountain-300x300-1.png\",\"width\":300,\"height\":300,\"caption\":\"RSR Moto\"},\"image\":{\"@id\":\"https:\\\/\\\/rsrmoto.ee\\\/#\\\/schema\\\/logo\\\/image\\\/\"}}]}<\/script>\n<!-- \/ Yoast SEO plugin. -->","yoast_head_json":{"title":"EVOLUTION 22 Punane 3812 mootorsaani riided - RSR Moto","robots":{"index":"index","follow":"follow","max-snippet":"max-snippet:-1","max-image-preview":"max-image-preview:large","max-video-preview":"max-video-preview:-1"},"canonical":"https:\/\/rsrmoto.ee\/en\/product\/evolution-22-red-3812-snowmobile-overall\/","og_locale":"en_GB","og_type":"article","og_title":"EVOLUTION 22 Punane 3812 mootorsaani riided - RSR Moto","og_description":"Kahes dimensioonis reguleeritava kapuutsiga, h\u00fcgroskoopse mikrofliisist kraega ja strateegilise ventilatsiooniga kubeme-, kaenla- ja kaelapiirkonnas tagab monokost\u00fc\u00fcm mugavuse kogu s\u00f5idu v\u00e4ltel. Sellel on sisemine aas k\u00f5rvaklappide jaoks, liigendatud 3D-p\u00f5lved, kaks sooja lukuga k\u00fcljetaskut ja \u00fcks suur sisemine v\u00f5rktasku. Mugavuse suurendamiseks on seljatugi vooderdatud v\u00f5rguga. See mudel on loodud tehnoloogiatega, mis seavad esikohale mugavuse ja vastupidavuse.","og_url":"https:\/\/rsrmoto.ee\/en\/product\/evolution-22-red-3812-snowmobile-overall\/","og_site_name":"RSR Moto","article_modified_time":"2024-05-16T11:29:55+00:00","og_image":[{"width":1000,"height":1000,"url":"https:\/\/rsrmoto.ee\/wp-content\/uploads\/2024\/04\/tf9jtkv2egfhvj4yc1s267a0oscee7hq.png","type":"image\/png"}],"twitter_card":"summary_large_image","twitter_misc":{"Estimated reading time":"1 minute"},"schema":{"@context":"https:\/\/schema.org","@graph":[{"@type":"WebPage","@id":"https:\/\/rsrmoto.ee\/toode\/evolution-22-red-3812-snowmobile-overall\/","url":"https:\/\/rsrmoto.ee\/toode\/evolution-22-red-3812-snowmobile-overall\/","name":"EVOLUTION 22 Punane 3812 mootorsaani riided - RSR Moto","isPartOf":{"@id":"https:\/\/rsrmoto.ee\/#website"},"primaryImageOfPage":{"@id":"https:\/\/rsrmoto.ee\/toode\/evolution-22-red-3812-snowmobile-overall\/#primaryimage"},"image":{"@id":"https:\/\/rsrmoto.ee\/toode\/evolution-22-red-3812-snowmobile-overall\/#primaryimage"},"thumbnailUrl":"https:\/\/rsrmoto.ee\/wp-content\/uploads\/2024\/04\/tf9jtkv2egfhvj4yc1s267a0oscee7hq.png","datePublished":"2024-04-25T17:02:44+00:00","dateModified":"2024-05-16T11:29:55+00:00","breadcrumb":{"@id":"https:\/\/rsrmoto.ee\/toode\/evolution-22-red-3812-snowmobile-overall\/#breadcrumb"},"inLanguage":"en-GB","potentialAction":[{"@type":"ReadAction","target":["https:\/\/rsrmoto.ee\/toode\/evolution-22-red-3812-snowmobile-overall\/"]}]},{"@type":"ImageObject","inLanguage":"en-GB","@id":"https:\/\/rsrmoto.ee\/toode\/evolution-22-red-3812-snowmobile-overall\/#primaryimage","url":"https:\/\/rsrmoto.ee\/wp-content\/uploads\/2024\/04\/tf9jtkv2egfhvj4yc1s267a0oscee7hq.png","contentUrl":"https:\/\/rsrmoto.ee\/wp-content\/uploads\/2024\/04\/tf9jtkv2egfhvj4yc1s267a0oscee7hq.png","width":1000,"height":1000},{"@type":"BreadcrumbList","@id":"https:\/\/rsrmoto.ee\/toode\/evolution-22-red-3812-snowmobile-overall\/#breadcrumb","itemListElement":[{"@type":"ListItem","position":1,"name":"Esileht","item":"https:\/\/rsrmoto.ee\/"},{"@type":"ListItem","position":2,"name":"Pood","item":"https:\/\/rsrmoto.ee\/pood\/"},{"@type":"ListItem","position":3,"name":"EVOLUTION 22 Punane 3812 mootorsaani riided"}]},{"@type":"WebSite","@id":"https:\/\/rsrmoto.ee\/#website","url":"https:\/\/rsrmoto.ee\/","name":"RSR Moto","description":"Kvalitseetsed matka- ja kalastusriided","publisher":{"@id":"https:\/\/rsrmoto.ee\/#organization"},"potentialAction":[{"@type":"SearchAction","target":{"@type":"EntryPoint","urlTemplate":"https:\/\/rsrmoto.ee\/?s={search_term_string}"},"query-input":{"@type":"PropertyValueSpecification","valueRequired":true,"valueName":"search_term_string"}}],"inLanguage":"en-GB"},{"@type":"Organization","@id":"https:\/\/rsrmoto.ee\/#organization","name":"RSR Moto","url":"https:\/\/rsrmoto.ee\/","logo":{"@type":"ImageObject","inLanguage":"en-GB","@id":"https:\/\/rsrmoto.ee\/#\/schema\/logo\/image\/","url":"https:\/\/www.rsrmoto.ee\/wp-content\/uploads\/2024\/05\/mountain-300x300-1.png","contentUrl":"https:\/\/www.rsrmoto.ee\/wp-content\/uploads\/2024\/05\/mountain-300x300-1.png","width":300,"height":300,"caption":"RSR Moto"},"image":{"@id":"https:\/\/rsrmoto.ee\/#\/schema\/logo\/image\/"}}]}},"_links":{"self":[{"href":"https:\/\/rsrmoto.ee\/en\/wp-json\/wp\/v2\/product\/830","targetHints":{"allow":["GET"]}}],"collection":[{"href":"https:\/\/rsrmoto.ee\/en\/wp-json\/wp\/v2\/product"}],"about":[{"href":"https:\/\/rsrmoto.ee\/en\/wp-json\/wp\/v2\/types\/product"}],"wp:featuredmedia":[{"embeddable":true,"href":"https:\/\/rsrmoto.ee\/en\/wp-json\/wp\/v2\/media\/841"}],"wp:attachment":[{"href":"https:\/\/rsrmoto.ee\/en\/wp-json\/wp\/v2\/media?parent=830"}],"wp:term":[{"taxonomy":"product_brand","embeddable":true,"href":"https:\/\/rsrmoto.ee\/en\/wp-json\/wp\/v2\/product_brand?post=830"},{"taxonomy":"product_cat","embeddable":true,"href":"https:\/\/rsrmoto.ee\/en\/wp-json\/wp\/v2\/product_cat?post=830"},{"taxonomy":"product_tag","embeddable":true,"href":"https:\/\/rsrmoto.ee\/en\/wp-json\/wp\/v2\/product_tag?post=830"}],"curies":[{"name":"wp","href":"https:\/\/api.w.org\/{rel}","templated":true}]}}