{"id":845,"date":"2024-04-25T20:07:08","date_gmt":"2024-04-25T17:07:08","guid":{"rendered":"https:\/\/www.rsrmoto.ee\/?post_type=product&#038;p=845"},"modified":"2024-05-16T14:29:52","modified_gmt":"2024-05-16T11:29:52","slug":"backcountry-graphite-3901-snow-overall","status":"publish","type":"product","link":"https:\/\/rsrmoto.ee\/en\/product\/backcountry-graphite-3901-snow-overall\/","title":{"rendered":"BACKCOUNTRY Graphite 3901 mootorsaani riided"},"content":{"rendered":"<p>FINNTRAIL Backcountry isoleerimata kombinesoon on m\u00f5eldud professionaalidele ja m\u00f5eldud ekstreemseks mootorsaanide ja ATV-ga s\u00f5itmiseks kuni -20\u00b0C temperatuuridel. Sellel kombinesoonil on anatoomiliselt kujundatud konstruktsioon, mis v\u00f5tab arvesse k\u00f5iki aktiivsete s\u00f5itjate liikumisi. P\u00fcksid on ergonoomilise l\u00f5ikega ning varrukad on m\u00f5eldud k\u00e4te piiramatuks liikumiseks, eriti kaitser\u00fc\u00fcde kandmisel. Kombinesoonil on ka niiskust imava mikrofliisiga vooderdatud mahukas krae, et kiivriga oleks mugav s\u00f5ita.<\/p>\n<p>Backcountry kombinesoon on valmistatud vastupidavast kulumiskindlast materjalist 2,5-kihilise HARD-TEX membraaniga. Veekindlusega kuni 12000mm ja hingavusega 8000g\/m2\/24h pakub see 100% kaitset tuule, m\u00e4rja lume ja vihma eest. Kiiresti kuivav v\u00f5rkvooder aitab niiskust kehalt eemale juhtida, hoides sportlase kuivana ja mugavalt. T\u00e4ielikult teibitud \u00f5mblused tagavad t\u00e4ieliku veekindluse.<\/p>\n<p>\u00dcldine sisaldab t\u00e4iendavaid Cordura-tugevdusi p\u00f5lvedel, istmel, sise\u00f5mblusel ja p\u00fcksimansettidel, et suurendada vastupidavust ja survekindlust. Sellel on elastsest Lycrast valmistatud p\u00f6idlaaukudega reguleeritavad v\u00e4limised ja sisemised mansetid. Integreeritud traksid on reguleeritava pikkusega ja kapuuts kahes suunas reguleeritav. P\u00fckstel on lume kedrid, et v\u00e4ltida lume ja niiskuse sattumist saabastesse ja kombinesooni. Traktori keskne kahesuunaline veekindel t\u00f5mblukk ja t\u00e4iendav tormiklapp pakuvad usaldusv\u00e4\u00e4rset kaitset niiskuse sissetungimise eest ning allalastav istme funktsioon v\u00f5imaldab kergeid puhkepause tualettruumis.<\/p>\n<p>Kombinesoonil on mugavuse huvides veekindlad t\u00f5mblukud piki p\u00fckste k\u00fclje\u00f5mblusi, reietasku ja k\u00fcljetasku, m\u00f5lemal veekindlad t\u00f5mblukud ning suusapassi varrukatasku spetsiaalse niiskust imava materjaliga kaitseprillide jaoks. Kombinesooni v\u00f6\u00f6alal on D-kujuliste poolringikujuliste r\u00f5ngastega v\u00f6\u00f6aasad mootorsaani turvan\u00f6\u00f6ri kinnitamiseks. Vasakul rinnal on mugav aas kahesuunalise raadio kinnitamiseks. Peegeldavad elemendid ees ja taga suurendavad n\u00e4htavust h\u00e4maras.<\/p>\n<p>&nbsp;<\/p>","protected":false},"excerpt":{"rendered":"<p>Kombinesoonil on \u00fcks lukuga sisetasku, lisaava, k\u00f5rvaklappide aas ja avar elastse servaga v\u00f5rktasku. See kombinesoon \u00fchendab endas agressiivse disaini, maksimaalse funktsionaalsuse ja k\u00f5rge tehnilise j\u00f5udluse, kasutades tippkvaliteediga materjale.<br \/>\nSpetsifikatsioon<br \/>\nMaterjal:<br \/>\nMembraan<br \/>\nMembraani kihid:<br \/>\n2.5<br \/>\nVeekindlus:<br \/>\n12 000 mm<br \/>\nHingavus:<br \/>\n8000 g.\/m2\/24h<\/p>","protected":false},"featured_media":853,"template":"","meta":[],"product_brand":[],"product_cat":[30,15,111],"product_tag":[],"class_list":{"0":"post-845","1":"product","2":"type-product","3":"status-publish","4":"has-post-thumbnail","6":"product_cat-lumi","7":"product_cat-meestele","8":"product_cat-mootorsaani-riided","10":"first","11":"instock","12":"taxable","13":"shipping-taxable","14":"purchasable","15":"product-type-simple"},"ct_brands":[],"yoast_head":"<!-- This site is optimized with the Yoast SEO plugin v27.3 - https:\/\/yoast.com\/product\/yoast-seo-wordpress\/ -->\n<title>BACKCOUNTRY Graphite 3901 mootorsaani riided - RSR Moto<\/title>\n<meta name=\"robots\" content=\"index, follow, max-snippet:-1, max-image-preview:large, max-video-preview:-1\" \/>\n<link rel=\"canonical\" href=\"https:\/\/rsrmoto.ee\/en\/product\/backcountry-graphite-3901-snow-overall\/\" \/>\n<meta property=\"og:locale\" content=\"en_GB\" \/>\n<meta property=\"og:type\" content=\"article\" \/>\n<meta property=\"og:title\" content=\"BACKCOUNTRY Graphite 3901 mootorsaani riided - RSR Moto\" \/>\n<meta property=\"og:description\" content=\"Kombinesoonil on \u00fcks lukuga sisetasku, lisaava, k\u00f5rvaklappide aas ja avar elastse servaga v\u00f5rktasku. See kombinesoon \u00fchendab endas agressiivse disaini, maksimaalse funktsionaalsuse ja k\u00f5rge tehnilise j\u00f5udluse, kasutades tippkvaliteediga materjale. Spetsifikatsioon Materjal: Membraan Membraani kihid: 2.5 Veekindlus: 12 000 mm Hingavus: 8000 g.\/m2\/24h\" \/>\n<meta property=\"og:url\" content=\"https:\/\/rsrmoto.ee\/en\/product\/backcountry-graphite-3901-snow-overall\/\" \/>\n<meta property=\"og:site_name\" content=\"RSR Moto\" \/>\n<meta property=\"article:modified_time\" content=\"2024-05-16T11:29:52+00:00\" \/>\n<meta property=\"og:image\" content=\"https:\/\/rsrmoto.ee\/wp-content\/uploads\/2024\/04\/g3edrmtfe6dm20lmcgpxwy4mvqnfwob9.png\" \/>\n\t<meta property=\"og:image:width\" content=\"1000\" \/>\n\t<meta property=\"og:image:height\" content=\"1000\" \/>\n\t<meta property=\"og:image:type\" content=\"image\/png\" \/>\n<meta name=\"twitter:card\" content=\"summary_large_image\" \/>\n<meta name=\"twitter:label1\" content=\"Estimated reading time\" \/>\n\t<meta name=\"twitter:data1\" content=\"1 minute\" \/>\n<script type=\"application\/ld+json\" class=\"yoast-schema-graph\">{\"@context\":\"https:\\\/\\\/schema.org\",\"@graph\":[{\"@type\":\"WebPage\",\"@id\":\"https:\\\/\\\/rsrmoto.ee\\\/toode\\\/backcountry-graphite-3901-snow-overall\\\/\",\"url\":\"https:\\\/\\\/rsrmoto.ee\\\/toode\\\/backcountry-graphite-3901-snow-overall\\\/\",\"name\":\"BACKCOUNTRY Graphite 3901 mootorsaani riided - RSR Moto\",\"isPartOf\":{\"@id\":\"https:\\\/\\\/rsrmoto.ee\\\/#website\"},\"primaryImageOfPage\":{\"@id\":\"https:\\\/\\\/rsrmoto.ee\\\/toode\\\/backcountry-graphite-3901-snow-overall\\\/#primaryimage\"},\"image\":{\"@id\":\"https:\\\/\\\/rsrmoto.ee\\\/toode\\\/backcountry-graphite-3901-snow-overall\\\/#primaryimage\"},\"thumbnailUrl\":\"https:\\\/\\\/rsrmoto.ee\\\/wp-content\\\/uploads\\\/2024\\\/04\\\/g3edrmtfe6dm20lmcgpxwy4mvqnfwob9.png\",\"datePublished\":\"2024-04-25T17:07:08+00:00\",\"dateModified\":\"2024-05-16T11:29:52+00:00\",\"breadcrumb\":{\"@id\":\"https:\\\/\\\/rsrmoto.ee\\\/toode\\\/backcountry-graphite-3901-snow-overall\\\/#breadcrumb\"},\"inLanguage\":\"en-GB\",\"potentialAction\":[{\"@type\":\"ReadAction\",\"target\":[\"https:\\\/\\\/rsrmoto.ee\\\/toode\\\/backcountry-graphite-3901-snow-overall\\\/\"]}]},{\"@type\":\"ImageObject\",\"inLanguage\":\"en-GB\",\"@id\":\"https:\\\/\\\/rsrmoto.ee\\\/toode\\\/backcountry-graphite-3901-snow-overall\\\/#primaryimage\",\"url\":\"https:\\\/\\\/rsrmoto.ee\\\/wp-content\\\/uploads\\\/2024\\\/04\\\/g3edrmtfe6dm20lmcgpxwy4mvqnfwob9.png\",\"contentUrl\":\"https:\\\/\\\/rsrmoto.ee\\\/wp-content\\\/uploads\\\/2024\\\/04\\\/g3edrmtfe6dm20lmcgpxwy4mvqnfwob9.png\",\"width\":1000,\"height\":1000},{\"@type\":\"BreadcrumbList\",\"@id\":\"https:\\\/\\\/rsrmoto.ee\\\/toode\\\/backcountry-graphite-3901-snow-overall\\\/#breadcrumb\",\"itemListElement\":[{\"@type\":\"ListItem\",\"position\":1,\"name\":\"Esileht\",\"item\":\"https:\\\/\\\/rsrmoto.ee\\\/\"},{\"@type\":\"ListItem\",\"position\":2,\"name\":\"Pood\",\"item\":\"https:\\\/\\\/rsrmoto.ee\\\/pood\\\/\"},{\"@type\":\"ListItem\",\"position\":3,\"name\":\"BACKCOUNTRY Graphite 3901 mootorsaani riided\"}]},{\"@type\":\"WebSite\",\"@id\":\"https:\\\/\\\/rsrmoto.ee\\\/#website\",\"url\":\"https:\\\/\\\/rsrmoto.ee\\\/\",\"name\":\"RSR Moto\",\"description\":\"Kvalitseetsed matka- ja kalastusriided\",\"publisher\":{\"@id\":\"https:\\\/\\\/rsrmoto.ee\\\/#organization\"},\"potentialAction\":[{\"@type\":\"SearchAction\",\"target\":{\"@type\":\"EntryPoint\",\"urlTemplate\":\"https:\\\/\\\/rsrmoto.ee\\\/?s={search_term_string}\"},\"query-input\":{\"@type\":\"PropertyValueSpecification\",\"valueRequired\":true,\"valueName\":\"search_term_string\"}}],\"inLanguage\":\"en-GB\"},{\"@type\":\"Organization\",\"@id\":\"https:\\\/\\\/rsrmoto.ee\\\/#organization\",\"name\":\"RSR Moto\",\"url\":\"https:\\\/\\\/rsrmoto.ee\\\/\",\"logo\":{\"@type\":\"ImageObject\",\"inLanguage\":\"en-GB\",\"@id\":\"https:\\\/\\\/rsrmoto.ee\\\/#\\\/schema\\\/logo\\\/image\\\/\",\"url\":\"https:\\\/\\\/www.rsrmoto.ee\\\/wp-content\\\/uploads\\\/2024\\\/05\\\/mountain-300x300-1.png\",\"contentUrl\":\"https:\\\/\\\/www.rsrmoto.ee\\\/wp-content\\\/uploads\\\/2024\\\/05\\\/mountain-300x300-1.png\",\"width\":300,\"height\":300,\"caption\":\"RSR Moto\"},\"image\":{\"@id\":\"https:\\\/\\\/rsrmoto.ee\\\/#\\\/schema\\\/logo\\\/image\\\/\"}}]}<\/script>\n<!-- \/ Yoast SEO plugin. -->","yoast_head_json":{"title":"BACKCOUNTRY Graphite 3901 mootorsaani riided - RSR Moto","robots":{"index":"index","follow":"follow","max-snippet":"max-snippet:-1","max-image-preview":"max-image-preview:large","max-video-preview":"max-video-preview:-1"},"canonical":"https:\/\/rsrmoto.ee\/en\/product\/backcountry-graphite-3901-snow-overall\/","og_locale":"en_GB","og_type":"article","og_title":"BACKCOUNTRY Graphite 3901 mootorsaani riided - RSR Moto","og_description":"Kombinesoonil on \u00fcks lukuga sisetasku, lisaava, k\u00f5rvaklappide aas ja avar elastse servaga v\u00f5rktasku. See kombinesoon \u00fchendab endas agressiivse disaini, maksimaalse funktsionaalsuse ja k\u00f5rge tehnilise j\u00f5udluse, kasutades tippkvaliteediga materjale. Spetsifikatsioon Materjal: Membraan Membraani kihid: 2.5 Veekindlus: 12 000 mm Hingavus: 8000 g.\/m2\/24h","og_url":"https:\/\/rsrmoto.ee\/en\/product\/backcountry-graphite-3901-snow-overall\/","og_site_name":"RSR Moto","article_modified_time":"2024-05-16T11:29:52+00:00","og_image":[{"width":1000,"height":1000,"url":"https:\/\/rsrmoto.ee\/wp-content\/uploads\/2024\/04\/g3edrmtfe6dm20lmcgpxwy4mvqnfwob9.png","type":"image\/png"}],"twitter_card":"summary_large_image","twitter_misc":{"Estimated reading time":"1 minute"},"schema":{"@context":"https:\/\/schema.org","@graph":[{"@type":"WebPage","@id":"https:\/\/rsrmoto.ee\/toode\/backcountry-graphite-3901-snow-overall\/","url":"https:\/\/rsrmoto.ee\/toode\/backcountry-graphite-3901-snow-overall\/","name":"BACKCOUNTRY Graphite 3901 mootorsaani riided - RSR Moto","isPartOf":{"@id":"https:\/\/rsrmoto.ee\/#website"},"primaryImageOfPage":{"@id":"https:\/\/rsrmoto.ee\/toode\/backcountry-graphite-3901-snow-overall\/#primaryimage"},"image":{"@id":"https:\/\/rsrmoto.ee\/toode\/backcountry-graphite-3901-snow-overall\/#primaryimage"},"thumbnailUrl":"https:\/\/rsrmoto.ee\/wp-content\/uploads\/2024\/04\/g3edrmtfe6dm20lmcgpxwy4mvqnfwob9.png","datePublished":"2024-04-25T17:07:08+00:00","dateModified":"2024-05-16T11:29:52+00:00","breadcrumb":{"@id":"https:\/\/rsrmoto.ee\/toode\/backcountry-graphite-3901-snow-overall\/#breadcrumb"},"inLanguage":"en-GB","potentialAction":[{"@type":"ReadAction","target":["https:\/\/rsrmoto.ee\/toode\/backcountry-graphite-3901-snow-overall\/"]}]},{"@type":"ImageObject","inLanguage":"en-GB","@id":"https:\/\/rsrmoto.ee\/toode\/backcountry-graphite-3901-snow-overall\/#primaryimage","url":"https:\/\/rsrmoto.ee\/wp-content\/uploads\/2024\/04\/g3edrmtfe6dm20lmcgpxwy4mvqnfwob9.png","contentUrl":"https:\/\/rsrmoto.ee\/wp-content\/uploads\/2024\/04\/g3edrmtfe6dm20lmcgpxwy4mvqnfwob9.png","width":1000,"height":1000},{"@type":"BreadcrumbList","@id":"https:\/\/rsrmoto.ee\/toode\/backcountry-graphite-3901-snow-overall\/#breadcrumb","itemListElement":[{"@type":"ListItem","position":1,"name":"Esileht","item":"https:\/\/rsrmoto.ee\/"},{"@type":"ListItem","position":2,"name":"Pood","item":"https:\/\/rsrmoto.ee\/pood\/"},{"@type":"ListItem","position":3,"name":"BACKCOUNTRY Graphite 3901 mootorsaani riided"}]},{"@type":"WebSite","@id":"https:\/\/rsrmoto.ee\/#website","url":"https:\/\/rsrmoto.ee\/","name":"RSR Moto","description":"Kvalitseetsed matka- ja kalastusriided","publisher":{"@id":"https:\/\/rsrmoto.ee\/#organization"},"potentialAction":[{"@type":"SearchAction","target":{"@type":"EntryPoint","urlTemplate":"https:\/\/rsrmoto.ee\/?s={search_term_string}"},"query-input":{"@type":"PropertyValueSpecification","valueRequired":true,"valueName":"search_term_string"}}],"inLanguage":"en-GB"},{"@type":"Organization","@id":"https:\/\/rsrmoto.ee\/#organization","name":"RSR Moto","url":"https:\/\/rsrmoto.ee\/","logo":{"@type":"ImageObject","inLanguage":"en-GB","@id":"https:\/\/rsrmoto.ee\/#\/schema\/logo\/image\/","url":"https:\/\/www.rsrmoto.ee\/wp-content\/uploads\/2024\/05\/mountain-300x300-1.png","contentUrl":"https:\/\/www.rsrmoto.ee\/wp-content\/uploads\/2024\/05\/mountain-300x300-1.png","width":300,"height":300,"caption":"RSR Moto"},"image":{"@id":"https:\/\/rsrmoto.ee\/#\/schema\/logo\/image\/"}}]}},"_links":{"self":[{"href":"https:\/\/rsrmoto.ee\/en\/wp-json\/wp\/v2\/product\/845","targetHints":{"allow":["GET"]}}],"collection":[{"href":"https:\/\/rsrmoto.ee\/en\/wp-json\/wp\/v2\/product"}],"about":[{"href":"https:\/\/rsrmoto.ee\/en\/wp-json\/wp\/v2\/types\/product"}],"wp:featuredmedia":[{"embeddable":true,"href":"https:\/\/rsrmoto.ee\/en\/wp-json\/wp\/v2\/media\/853"}],"wp:attachment":[{"href":"https:\/\/rsrmoto.ee\/en\/wp-json\/wp\/v2\/media?parent=845"}],"wp:term":[{"taxonomy":"product_brand","embeddable":true,"href":"https:\/\/rsrmoto.ee\/en\/wp-json\/wp\/v2\/product_brand?post=845"},{"taxonomy":"product_cat","embeddable":true,"href":"https:\/\/rsrmoto.ee\/en\/wp-json\/wp\/v2\/product_cat?post=845"},{"taxonomy":"product_tag","embeddable":true,"href":"https:\/\/rsrmoto.ee\/en\/wp-json\/wp\/v2\/product_tag?post=845"}],"curies":[{"name":"wp","href":"https:\/\/api.w.org\/{rel}","templated":true}]}}