{"id":870,"date":"2024-04-25T20:20:05","date_gmt":"2024-04-25T17:20:05","guid":{"rendered":"https:\/\/www.rsrmoto.ee\/?post_type=product&#038;p=870"},"modified":"2024-05-16T14:06:06","modified_gmt":"2024-05-16T11:06:06","slug":"wademan-light-petrol-set","status":"publish","type":"product","link":"https:\/\/rsrmoto.ee\/en\/product\/wademan-light-petrol-set\/","title":{"rendered":"WADEMAN LIGHT Petrol Kahlamisp\u00fcksid"},"content":{"rendered":"<p>WADERS WADEMAN 1524 BENSIIN<br \/>\nKerged Wademani kahlajad, mis on loodud k\u00f5iki \u00f5uehuvilisi silmas pidades, pakuvad klassikalist stiili, mis \u00fchendab endas mugavuse ja funktsionaalsuse. Minimaalsete \u00f5mbluste ja tugevdatud alumise osaga kahlajad on ideaalne valik neile, kes eelistavad mugavat ja nauditavat \u00f5uekogemust.<\/p>\n<p>KAhlumissaapad URBAN 5090 SININE<br \/>\nLinnastiilis kerged saapad on valmistatud s\u00fcnteetilisest nahast ja vastupidavast Oxfordi kangast, mis tagavad maksimaalse mugavuse ja toetavad pahkluu. Uus kummist tald tagab suurep\u00e4rase haarduvuse igal pinnal, samas kui mudavaba turvisemuster takistab liiva ja muda kogunemist. Oma erakordse kvaliteedi ja taskukohase hinnaga on need saapad kuluefektiivsed jalatsid vees ja mudas kahlamiseks.<\/p>","protected":false},"excerpt":{"rendered":"<div class=\"element__details_title\">KAhlumissaapad URBAN 5090 SININE<br \/>\nLinnastiilis kerged saapad on valmistatud s\u00fcnteetilisest nahast ja vastupidavast Oxfordi kangast, mis tagavad maksimaalse mugavuse ja toetavad pahkluu. Uus kummist tald tagab suurep\u00e4rase haarduvuse igal pinnal, samas kui mudavaba turvisemuster takistab liiva ja muda kogunemist. Oma erakordse kvaliteedi ja taskukohase hinnaga on need saapad kuluefektiivsed jalatsid vees ja mudas kahlamiseks.<\/div>","protected":false},"featured_media":883,"template":"","meta":[],"product_brand":[],"product_cat":[26,15],"product_tag":[],"class_list":{"0":"post-870","1":"product","2":"type-product","3":"status-publish","4":"has-post-thumbnail","6":"product_cat-komplektid","7":"product_cat-meestele","9":"first","10":"instock","11":"taxable","12":"shipping-taxable","13":"purchasable","14":"product-type-simple"},"ct_brands":[],"yoast_head":"<!-- This site is optimized with the Yoast SEO plugin v27.3 - https:\/\/yoast.com\/product\/yoast-seo-wordpress\/ -->\n<title>WADEMAN LIGHT Petrol Kahlamisp\u00fcksid - RSR Moto<\/title>\n<meta name=\"robots\" content=\"index, follow, max-snippet:-1, max-image-preview:large, max-video-preview:-1\" \/>\n<link rel=\"canonical\" href=\"https:\/\/rsrmoto.ee\/en\/product\/wademan-light-petrol-set\/\" \/>\n<meta property=\"og:locale\" content=\"en_GB\" \/>\n<meta property=\"og:type\" content=\"article\" \/>\n<meta property=\"og:title\" content=\"WADEMAN LIGHT Petrol Kahlamisp\u00fcksid - RSR Moto\" \/>\n<meta property=\"og:description\" content=\"KAhlumissaapad URBAN 5090 SININE Linnastiilis kerged saapad on valmistatud s\u00fcnteetilisest nahast ja vastupidavast Oxfordi kangast, mis tagavad maksimaalse mugavuse ja toetavad pahkluu. Uus kummist tald tagab suurep\u00e4rase haarduvuse igal pinnal, samas kui mudavaba turvisemuster takistab liiva ja muda kogunemist. Oma erakordse kvaliteedi ja taskukohase hinnaga on need saapad kuluefektiivsed jalatsid vees ja mudas kahlamiseks.\" \/>\n<meta property=\"og:url\" content=\"https:\/\/rsrmoto.ee\/en\/product\/wademan-light-petrol-set\/\" \/>\n<meta property=\"og:site_name\" content=\"RSR Moto\" \/>\n<meta property=\"article:modified_time\" content=\"2024-05-16T11:06:06+00:00\" \/>\n<meta property=\"og:image\" content=\"https:\/\/rsrmoto.ee\/wp-content\/uploads\/2024\/04\/uzyasmknovxca05aw82pas1vd0jkeprm.jpg\" \/>\n\t<meta property=\"og:image:width\" content=\"1000\" \/>\n\t<meta property=\"og:image:height\" content=\"1000\" \/>\n\t<meta property=\"og:image:type\" content=\"image\/jpeg\" \/>\n<meta name=\"twitter:card\" content=\"summary_large_image\" \/>\n<script type=\"application\/ld+json\" class=\"yoast-schema-graph\">{\"@context\":\"https:\\\/\\\/schema.org\",\"@graph\":[{\"@type\":\"WebPage\",\"@id\":\"https:\\\/\\\/rsrmoto.ee\\\/toode\\\/wademan-light-petrol-set\\\/\",\"url\":\"https:\\\/\\\/rsrmoto.ee\\\/toode\\\/wademan-light-petrol-set\\\/\",\"name\":\"WADEMAN LIGHT Petrol Kahlamisp\u00fcksid - RSR Moto\",\"isPartOf\":{\"@id\":\"https:\\\/\\\/rsrmoto.ee\\\/#website\"},\"primaryImageOfPage\":{\"@id\":\"https:\\\/\\\/rsrmoto.ee\\\/toode\\\/wademan-light-petrol-set\\\/#primaryimage\"},\"image\":{\"@id\":\"https:\\\/\\\/rsrmoto.ee\\\/toode\\\/wademan-light-petrol-set\\\/#primaryimage\"},\"thumbnailUrl\":\"https:\\\/\\\/rsrmoto.ee\\\/wp-content\\\/uploads\\\/2024\\\/04\\\/uzyasmknovxca05aw82pas1vd0jkeprm.jpg\",\"datePublished\":\"2024-04-25T17:20:05+00:00\",\"dateModified\":\"2024-05-16T11:06:06+00:00\",\"breadcrumb\":{\"@id\":\"https:\\\/\\\/rsrmoto.ee\\\/toode\\\/wademan-light-petrol-set\\\/#breadcrumb\"},\"inLanguage\":\"en-GB\",\"potentialAction\":[{\"@type\":\"ReadAction\",\"target\":[\"https:\\\/\\\/rsrmoto.ee\\\/toode\\\/wademan-light-petrol-set\\\/\"]}]},{\"@type\":\"ImageObject\",\"inLanguage\":\"en-GB\",\"@id\":\"https:\\\/\\\/rsrmoto.ee\\\/toode\\\/wademan-light-petrol-set\\\/#primaryimage\",\"url\":\"https:\\\/\\\/rsrmoto.ee\\\/wp-content\\\/uploads\\\/2024\\\/04\\\/uzyasmknovxca05aw82pas1vd0jkeprm.jpg\",\"contentUrl\":\"https:\\\/\\\/rsrmoto.ee\\\/wp-content\\\/uploads\\\/2024\\\/04\\\/uzyasmknovxca05aw82pas1vd0jkeprm.jpg\",\"width\":1000,\"height\":1000},{\"@type\":\"BreadcrumbList\",\"@id\":\"https:\\\/\\\/rsrmoto.ee\\\/toode\\\/wademan-light-petrol-set\\\/#breadcrumb\",\"itemListElement\":[{\"@type\":\"ListItem\",\"position\":1,\"name\":\"Esileht\",\"item\":\"https:\\\/\\\/rsrmoto.ee\\\/\"},{\"@type\":\"ListItem\",\"position\":2,\"name\":\"Pood\",\"item\":\"https:\\\/\\\/rsrmoto.ee\\\/pood\\\/\"},{\"@type\":\"ListItem\",\"position\":3,\"name\":\"WADEMAN LIGHT Petrol Kahlamisp\u00fcksid\"}]},{\"@type\":\"WebSite\",\"@id\":\"https:\\\/\\\/rsrmoto.ee\\\/#website\",\"url\":\"https:\\\/\\\/rsrmoto.ee\\\/\",\"name\":\"RSR Moto\",\"description\":\"Kvalitseetsed matka- ja kalastusriided\",\"publisher\":{\"@id\":\"https:\\\/\\\/rsrmoto.ee\\\/#organization\"},\"potentialAction\":[{\"@type\":\"SearchAction\",\"target\":{\"@type\":\"EntryPoint\",\"urlTemplate\":\"https:\\\/\\\/rsrmoto.ee\\\/?s={search_term_string}\"},\"query-input\":{\"@type\":\"PropertyValueSpecification\",\"valueRequired\":true,\"valueName\":\"search_term_string\"}}],\"inLanguage\":\"en-GB\"},{\"@type\":\"Organization\",\"@id\":\"https:\\\/\\\/rsrmoto.ee\\\/#organization\",\"name\":\"RSR Moto\",\"url\":\"https:\\\/\\\/rsrmoto.ee\\\/\",\"logo\":{\"@type\":\"ImageObject\",\"inLanguage\":\"en-GB\",\"@id\":\"https:\\\/\\\/rsrmoto.ee\\\/#\\\/schema\\\/logo\\\/image\\\/\",\"url\":\"https:\\\/\\\/www.rsrmoto.ee\\\/wp-content\\\/uploads\\\/2024\\\/05\\\/mountain-300x300-1.png\",\"contentUrl\":\"https:\\\/\\\/www.rsrmoto.ee\\\/wp-content\\\/uploads\\\/2024\\\/05\\\/mountain-300x300-1.png\",\"width\":300,\"height\":300,\"caption\":\"RSR Moto\"},\"image\":{\"@id\":\"https:\\\/\\\/rsrmoto.ee\\\/#\\\/schema\\\/logo\\\/image\\\/\"}}]}<\/script>\n<!-- \/ Yoast SEO plugin. -->","yoast_head_json":{"title":"WADEMAN LIGHT Petrol Kahlamisp\u00fcksid - RSR Moto","robots":{"index":"index","follow":"follow","max-snippet":"max-snippet:-1","max-image-preview":"max-image-preview:large","max-video-preview":"max-video-preview:-1"},"canonical":"https:\/\/rsrmoto.ee\/en\/product\/wademan-light-petrol-set\/","og_locale":"en_GB","og_type":"article","og_title":"WADEMAN LIGHT Petrol Kahlamisp\u00fcksid - RSR Moto","og_description":"KAhlumissaapad URBAN 5090 SININE Linnastiilis kerged saapad on valmistatud s\u00fcnteetilisest nahast ja vastupidavast Oxfordi kangast, mis tagavad maksimaalse mugavuse ja toetavad pahkluu. Uus kummist tald tagab suurep\u00e4rase haarduvuse igal pinnal, samas kui mudavaba turvisemuster takistab liiva ja muda kogunemist. Oma erakordse kvaliteedi ja taskukohase hinnaga on need saapad kuluefektiivsed jalatsid vees ja mudas kahlamiseks.","og_url":"https:\/\/rsrmoto.ee\/en\/product\/wademan-light-petrol-set\/","og_site_name":"RSR Moto","article_modified_time":"2024-05-16T11:06:06+00:00","og_image":[{"width":1000,"height":1000,"url":"https:\/\/rsrmoto.ee\/wp-content\/uploads\/2024\/04\/uzyasmknovxca05aw82pas1vd0jkeprm.jpg","type":"image\/jpeg"}],"twitter_card":"summary_large_image","schema":{"@context":"https:\/\/schema.org","@graph":[{"@type":"WebPage","@id":"https:\/\/rsrmoto.ee\/toode\/wademan-light-petrol-set\/","url":"https:\/\/rsrmoto.ee\/toode\/wademan-light-petrol-set\/","name":"WADEMAN LIGHT Petrol Kahlamisp\u00fcksid - RSR Moto","isPartOf":{"@id":"https:\/\/rsrmoto.ee\/#website"},"primaryImageOfPage":{"@id":"https:\/\/rsrmoto.ee\/toode\/wademan-light-petrol-set\/#primaryimage"},"image":{"@id":"https:\/\/rsrmoto.ee\/toode\/wademan-light-petrol-set\/#primaryimage"},"thumbnailUrl":"https:\/\/rsrmoto.ee\/wp-content\/uploads\/2024\/04\/uzyasmknovxca05aw82pas1vd0jkeprm.jpg","datePublished":"2024-04-25T17:20:05+00:00","dateModified":"2024-05-16T11:06:06+00:00","breadcrumb":{"@id":"https:\/\/rsrmoto.ee\/toode\/wademan-light-petrol-set\/#breadcrumb"},"inLanguage":"en-GB","potentialAction":[{"@type":"ReadAction","target":["https:\/\/rsrmoto.ee\/toode\/wademan-light-petrol-set\/"]}]},{"@type":"ImageObject","inLanguage":"en-GB","@id":"https:\/\/rsrmoto.ee\/toode\/wademan-light-petrol-set\/#primaryimage","url":"https:\/\/rsrmoto.ee\/wp-content\/uploads\/2024\/04\/uzyasmknovxca05aw82pas1vd0jkeprm.jpg","contentUrl":"https:\/\/rsrmoto.ee\/wp-content\/uploads\/2024\/04\/uzyasmknovxca05aw82pas1vd0jkeprm.jpg","width":1000,"height":1000},{"@type":"BreadcrumbList","@id":"https:\/\/rsrmoto.ee\/toode\/wademan-light-petrol-set\/#breadcrumb","itemListElement":[{"@type":"ListItem","position":1,"name":"Esileht","item":"https:\/\/rsrmoto.ee\/"},{"@type":"ListItem","position":2,"name":"Pood","item":"https:\/\/rsrmoto.ee\/pood\/"},{"@type":"ListItem","position":3,"name":"WADEMAN LIGHT Petrol Kahlamisp\u00fcksid"}]},{"@type":"WebSite","@id":"https:\/\/rsrmoto.ee\/#website","url":"https:\/\/rsrmoto.ee\/","name":"RSR Moto","description":"Kvalitseetsed matka- ja kalastusriided","publisher":{"@id":"https:\/\/rsrmoto.ee\/#organization"},"potentialAction":[{"@type":"SearchAction","target":{"@type":"EntryPoint","urlTemplate":"https:\/\/rsrmoto.ee\/?s={search_term_string}"},"query-input":{"@type":"PropertyValueSpecification","valueRequired":true,"valueName":"search_term_string"}}],"inLanguage":"en-GB"},{"@type":"Organization","@id":"https:\/\/rsrmoto.ee\/#organization","name":"RSR Moto","url":"https:\/\/rsrmoto.ee\/","logo":{"@type":"ImageObject","inLanguage":"en-GB","@id":"https:\/\/rsrmoto.ee\/#\/schema\/logo\/image\/","url":"https:\/\/www.rsrmoto.ee\/wp-content\/uploads\/2024\/05\/mountain-300x300-1.png","contentUrl":"https:\/\/www.rsrmoto.ee\/wp-content\/uploads\/2024\/05\/mountain-300x300-1.png","width":300,"height":300,"caption":"RSR Moto"},"image":{"@id":"https:\/\/rsrmoto.ee\/#\/schema\/logo\/image\/"}}]}},"_links":{"self":[{"href":"https:\/\/rsrmoto.ee\/en\/wp-json\/wp\/v2\/product\/870","targetHints":{"allow":["GET"]}}],"collection":[{"href":"https:\/\/rsrmoto.ee\/en\/wp-json\/wp\/v2\/product"}],"about":[{"href":"https:\/\/rsrmoto.ee\/en\/wp-json\/wp\/v2\/types\/product"}],"wp:featuredmedia":[{"embeddable":true,"href":"https:\/\/rsrmoto.ee\/en\/wp-json\/wp\/v2\/media\/883"}],"wp:attachment":[{"href":"https:\/\/rsrmoto.ee\/en\/wp-json\/wp\/v2\/media?parent=870"}],"wp:term":[{"taxonomy":"product_brand","embeddable":true,"href":"https:\/\/rsrmoto.ee\/en\/wp-json\/wp\/v2\/product_brand?post=870"},{"taxonomy":"product_cat","embeddable":true,"href":"https:\/\/rsrmoto.ee\/en\/wp-json\/wp\/v2\/product_cat?post=870"},{"taxonomy":"product_tag","embeddable":true,"href":"https:\/\/rsrmoto.ee\/en\/wp-json\/wp\/v2\/product_tag?post=870"}],"curies":[{"name":"wp","href":"https:\/\/api.w.org\/{rel}","templated":true}]}}