{"id":896,"date":"2024-04-25T20:26:05","date_gmt":"2024-04-25T17:26:05","guid":{"rendered":"https:\/\/www.rsrmoto.ee\/?post_type=product&#038;p=896"},"modified":"2024-05-16T11:15:03","modified_gmt":"2024-05-16T08:15:03","slug":"aquamaster-light-red-set","status":"publish","type":"product","link":"https:\/\/rsrmoto.ee\/en\/product\/aquamaster-light-red-set\/","title":{"rendered":"AQUAMASTER LIGHT Punane komplekt"},"content":{"rendered":"<p>KAHLAD AQUAMASTER 1526 PUNANE<br \/>\nAquamasteri kahlajad on loodud teie \u00f5uem\u00e4ngu t\u00f5stmiseks oma ainulaadse l\u00f5ike, erakordse mugavuse ja kasutajas\u00f5bralike funktsioonidega. Tugevast viiekihilisest membraankangast valmistatud kahlajad peavad vastu rasketes tingimustes. Nende vastupidavuse veelgi suurendamiseks oleme tugevdanud p\u00f5lve- ja jalgevahepiirkondi \u2013 piirkondi, mis on altid suurenenud stressile ja pingele. See tugevdus lisab t\u00e4iendava kaitsekihi, tagades pikaajalise j\u00f5udluse teie seikluste ajal.<\/p>\n<p>&nbsp;<\/p>","protected":false},"excerpt":{"rendered":"<p>KAhlasaapad SPEEDMASTER 5200 BLACK<br \/>\n\u00dclimad kahlamissaapad pakuvad tipptasemel kaitset, mugavust ja vastupidavust. S\u00fcnteetilisest nahast ja tugevdatud kangast valmistatud saapad tagavad kogu p\u00e4eva stabiilsuse ja kauakestva j\u00f5udluse. Tugevad kummist v\u00e4listallad tagavad erinevatel pindadel suurep\u00e4rase haarduvuse, samas kui mudavaba turvisemuster hoiab \u00e4ra prahi kogunemise. Tugeva varbakaitse ja k\u00f5rge pahkluu toega kerged saapad pakuvad maksimaalset kaitset mugavust kahjustamata.<\/p>","protected":false},"featured_media":908,"template":"","meta":[],"product_brand":[],"product_cat":[107,26,15],"product_tag":[],"class_list":{"0":"post-896","1":"product","2":"type-product","3":"status-publish","4":"has-post-thumbnail","6":"product_cat-kahlamispuksid","7":"product_cat-komplektid","8":"product_cat-meestele","10":"first","11":"instock","12":"taxable","13":"shipping-taxable","14":"purchasable","15":"product-type-simple"},"ct_brands":[],"yoast_head":"<!-- This site is optimized with the Yoast SEO plugin v27.3 - https:\/\/yoast.com\/product\/yoast-seo-wordpress\/ -->\n<title>AQUAMASTER LIGHT Punane komplekt - RSR Moto<\/title>\n<meta name=\"robots\" content=\"index, follow, max-snippet:-1, max-image-preview:large, max-video-preview:-1\" \/>\n<link rel=\"canonical\" href=\"https:\/\/rsrmoto.ee\/en\/product\/aquamaster-light-red-set\/\" \/>\n<meta property=\"og:locale\" content=\"en_GB\" \/>\n<meta property=\"og:type\" content=\"article\" \/>\n<meta property=\"og:title\" content=\"AQUAMASTER LIGHT Punane komplekt - RSR Moto\" \/>\n<meta property=\"og:description\" content=\"KAhlasaapad SPEEDMASTER 5200 BLACK \u00dclimad kahlamissaapad pakuvad tipptasemel kaitset, mugavust ja vastupidavust. S\u00fcnteetilisest nahast ja tugevdatud kangast valmistatud saapad tagavad kogu p\u00e4eva stabiilsuse ja kauakestva j\u00f5udluse. Tugevad kummist v\u00e4listallad tagavad erinevatel pindadel suurep\u00e4rase haarduvuse, samas kui mudavaba turvisemuster hoiab \u00e4ra prahi kogunemise. Tugeva varbakaitse ja k\u00f5rge pahkluu toega kerged saapad pakuvad maksimaalset kaitset mugavust kahjustamata.\" \/>\n<meta property=\"og:url\" content=\"https:\/\/rsrmoto.ee\/en\/product\/aquamaster-light-red-set\/\" \/>\n<meta property=\"og:site_name\" content=\"RSR Moto\" \/>\n<meta property=\"article:modified_time\" content=\"2024-05-16T08:15:03+00:00\" \/>\n<meta property=\"og:image\" content=\"https:\/\/rsrmoto.ee\/wp-content\/uploads\/2024\/04\/9210fee8917058923fd4d530739068f8.webp\" \/>\n\t<meta property=\"og:image:width\" content=\"1000\" \/>\n\t<meta property=\"og:image:height\" content=\"1000\" \/>\n\t<meta property=\"og:image:type\" content=\"image\/webp\" \/>\n<meta name=\"twitter:card\" content=\"summary_large_image\" \/>\n<script type=\"application\/ld+json\" class=\"yoast-schema-graph\">{\"@context\":\"https:\\\/\\\/schema.org\",\"@graph\":[{\"@type\":\"WebPage\",\"@id\":\"https:\\\/\\\/rsrmoto.ee\\\/toode\\\/aquamaster-light-red-set\\\/\",\"url\":\"https:\\\/\\\/rsrmoto.ee\\\/toode\\\/aquamaster-light-red-set\\\/\",\"name\":\"AQUAMASTER LIGHT Punane komplekt - RSR Moto\",\"isPartOf\":{\"@id\":\"https:\\\/\\\/rsrmoto.ee\\\/#website\"},\"primaryImageOfPage\":{\"@id\":\"https:\\\/\\\/rsrmoto.ee\\\/toode\\\/aquamaster-light-red-set\\\/#primaryimage\"},\"image\":{\"@id\":\"https:\\\/\\\/rsrmoto.ee\\\/toode\\\/aquamaster-light-red-set\\\/#primaryimage\"},\"thumbnailUrl\":\"https:\\\/\\\/rsrmoto.ee\\\/wp-content\\\/uploads\\\/2024\\\/04\\\/9210fee8917058923fd4d530739068f8.webp\",\"datePublished\":\"2024-04-25T17:26:05+00:00\",\"dateModified\":\"2024-05-16T08:15:03+00:00\",\"breadcrumb\":{\"@id\":\"https:\\\/\\\/rsrmoto.ee\\\/toode\\\/aquamaster-light-red-set\\\/#breadcrumb\"},\"inLanguage\":\"en-GB\",\"potentialAction\":[{\"@type\":\"ReadAction\",\"target\":[\"https:\\\/\\\/rsrmoto.ee\\\/toode\\\/aquamaster-light-red-set\\\/\"]}]},{\"@type\":\"ImageObject\",\"inLanguage\":\"en-GB\",\"@id\":\"https:\\\/\\\/rsrmoto.ee\\\/toode\\\/aquamaster-light-red-set\\\/#primaryimage\",\"url\":\"https:\\\/\\\/rsrmoto.ee\\\/wp-content\\\/uploads\\\/2024\\\/04\\\/9210fee8917058923fd4d530739068f8.webp\",\"contentUrl\":\"https:\\\/\\\/rsrmoto.ee\\\/wp-content\\\/uploads\\\/2024\\\/04\\\/9210fee8917058923fd4d530739068f8.webp\",\"width\":1000,\"height\":1000},{\"@type\":\"BreadcrumbList\",\"@id\":\"https:\\\/\\\/rsrmoto.ee\\\/toode\\\/aquamaster-light-red-set\\\/#breadcrumb\",\"itemListElement\":[{\"@type\":\"ListItem\",\"position\":1,\"name\":\"Esileht\",\"item\":\"https:\\\/\\\/rsrmoto.ee\\\/\"},{\"@type\":\"ListItem\",\"position\":2,\"name\":\"Pood\",\"item\":\"https:\\\/\\\/rsrmoto.ee\\\/pood\\\/\"},{\"@type\":\"ListItem\",\"position\":3,\"name\":\"AQUAMASTER LIGHT Punane komplekt\"}]},{\"@type\":\"WebSite\",\"@id\":\"https:\\\/\\\/rsrmoto.ee\\\/#website\",\"url\":\"https:\\\/\\\/rsrmoto.ee\\\/\",\"name\":\"RSR Moto\",\"description\":\"Kvalitseetsed matka- ja kalastusriided\",\"publisher\":{\"@id\":\"https:\\\/\\\/rsrmoto.ee\\\/#organization\"},\"potentialAction\":[{\"@type\":\"SearchAction\",\"target\":{\"@type\":\"EntryPoint\",\"urlTemplate\":\"https:\\\/\\\/rsrmoto.ee\\\/?s={search_term_string}\"},\"query-input\":{\"@type\":\"PropertyValueSpecification\",\"valueRequired\":true,\"valueName\":\"search_term_string\"}}],\"inLanguage\":\"en-GB\"},{\"@type\":\"Organization\",\"@id\":\"https:\\\/\\\/rsrmoto.ee\\\/#organization\",\"name\":\"RSR Moto\",\"url\":\"https:\\\/\\\/rsrmoto.ee\\\/\",\"logo\":{\"@type\":\"ImageObject\",\"inLanguage\":\"en-GB\",\"@id\":\"https:\\\/\\\/rsrmoto.ee\\\/#\\\/schema\\\/logo\\\/image\\\/\",\"url\":\"https:\\\/\\\/www.rsrmoto.ee\\\/wp-content\\\/uploads\\\/2024\\\/05\\\/mountain-300x300-1.png\",\"contentUrl\":\"https:\\\/\\\/www.rsrmoto.ee\\\/wp-content\\\/uploads\\\/2024\\\/05\\\/mountain-300x300-1.png\",\"width\":300,\"height\":300,\"caption\":\"RSR Moto\"},\"image\":{\"@id\":\"https:\\\/\\\/rsrmoto.ee\\\/#\\\/schema\\\/logo\\\/image\\\/\"}}]}<\/script>\n<!-- \/ Yoast SEO plugin. -->","yoast_head_json":{"title":"AQUAMASTER LIGHT Punane komplekt - RSR Moto","robots":{"index":"index","follow":"follow","max-snippet":"max-snippet:-1","max-image-preview":"max-image-preview:large","max-video-preview":"max-video-preview:-1"},"canonical":"https:\/\/rsrmoto.ee\/en\/product\/aquamaster-light-red-set\/","og_locale":"en_GB","og_type":"article","og_title":"AQUAMASTER LIGHT Punane komplekt - RSR Moto","og_description":"KAhlasaapad SPEEDMASTER 5200 BLACK \u00dclimad kahlamissaapad pakuvad tipptasemel kaitset, mugavust ja vastupidavust. S\u00fcnteetilisest nahast ja tugevdatud kangast valmistatud saapad tagavad kogu p\u00e4eva stabiilsuse ja kauakestva j\u00f5udluse. Tugevad kummist v\u00e4listallad tagavad erinevatel pindadel suurep\u00e4rase haarduvuse, samas kui mudavaba turvisemuster hoiab \u00e4ra prahi kogunemise. Tugeva varbakaitse ja k\u00f5rge pahkluu toega kerged saapad pakuvad maksimaalset kaitset mugavust kahjustamata.","og_url":"https:\/\/rsrmoto.ee\/en\/product\/aquamaster-light-red-set\/","og_site_name":"RSR Moto","article_modified_time":"2024-05-16T08:15:03+00:00","og_image":[{"width":1000,"height":1000,"url":"https:\/\/rsrmoto.ee\/wp-content\/uploads\/2024\/04\/9210fee8917058923fd4d530739068f8.webp","type":"image\/webp"}],"twitter_card":"summary_large_image","schema":{"@context":"https:\/\/schema.org","@graph":[{"@type":"WebPage","@id":"https:\/\/rsrmoto.ee\/toode\/aquamaster-light-red-set\/","url":"https:\/\/rsrmoto.ee\/toode\/aquamaster-light-red-set\/","name":"AQUAMASTER LIGHT Punane komplekt - RSR Moto","isPartOf":{"@id":"https:\/\/rsrmoto.ee\/#website"},"primaryImageOfPage":{"@id":"https:\/\/rsrmoto.ee\/toode\/aquamaster-light-red-set\/#primaryimage"},"image":{"@id":"https:\/\/rsrmoto.ee\/toode\/aquamaster-light-red-set\/#primaryimage"},"thumbnailUrl":"https:\/\/rsrmoto.ee\/wp-content\/uploads\/2024\/04\/9210fee8917058923fd4d530739068f8.webp","datePublished":"2024-04-25T17:26:05+00:00","dateModified":"2024-05-16T08:15:03+00:00","breadcrumb":{"@id":"https:\/\/rsrmoto.ee\/toode\/aquamaster-light-red-set\/#breadcrumb"},"inLanguage":"en-GB","potentialAction":[{"@type":"ReadAction","target":["https:\/\/rsrmoto.ee\/toode\/aquamaster-light-red-set\/"]}]},{"@type":"ImageObject","inLanguage":"en-GB","@id":"https:\/\/rsrmoto.ee\/toode\/aquamaster-light-red-set\/#primaryimage","url":"https:\/\/rsrmoto.ee\/wp-content\/uploads\/2024\/04\/9210fee8917058923fd4d530739068f8.webp","contentUrl":"https:\/\/rsrmoto.ee\/wp-content\/uploads\/2024\/04\/9210fee8917058923fd4d530739068f8.webp","width":1000,"height":1000},{"@type":"BreadcrumbList","@id":"https:\/\/rsrmoto.ee\/toode\/aquamaster-light-red-set\/#breadcrumb","itemListElement":[{"@type":"ListItem","position":1,"name":"Esileht","item":"https:\/\/rsrmoto.ee\/"},{"@type":"ListItem","position":2,"name":"Pood","item":"https:\/\/rsrmoto.ee\/pood\/"},{"@type":"ListItem","position":3,"name":"AQUAMASTER LIGHT Punane komplekt"}]},{"@type":"WebSite","@id":"https:\/\/rsrmoto.ee\/#website","url":"https:\/\/rsrmoto.ee\/","name":"RSR Moto","description":"Kvalitseetsed matka- ja kalastusriided","publisher":{"@id":"https:\/\/rsrmoto.ee\/#organization"},"potentialAction":[{"@type":"SearchAction","target":{"@type":"EntryPoint","urlTemplate":"https:\/\/rsrmoto.ee\/?s={search_term_string}"},"query-input":{"@type":"PropertyValueSpecification","valueRequired":true,"valueName":"search_term_string"}}],"inLanguage":"en-GB"},{"@type":"Organization","@id":"https:\/\/rsrmoto.ee\/#organization","name":"RSR Moto","url":"https:\/\/rsrmoto.ee\/","logo":{"@type":"ImageObject","inLanguage":"en-GB","@id":"https:\/\/rsrmoto.ee\/#\/schema\/logo\/image\/","url":"https:\/\/www.rsrmoto.ee\/wp-content\/uploads\/2024\/05\/mountain-300x300-1.png","contentUrl":"https:\/\/www.rsrmoto.ee\/wp-content\/uploads\/2024\/05\/mountain-300x300-1.png","width":300,"height":300,"caption":"RSR Moto"},"image":{"@id":"https:\/\/rsrmoto.ee\/#\/schema\/logo\/image\/"}}]}},"_links":{"self":[{"href":"https:\/\/rsrmoto.ee\/en\/wp-json\/wp\/v2\/product\/896","targetHints":{"allow":["GET"]}}],"collection":[{"href":"https:\/\/rsrmoto.ee\/en\/wp-json\/wp\/v2\/product"}],"about":[{"href":"https:\/\/rsrmoto.ee\/en\/wp-json\/wp\/v2\/types\/product"}],"wp:featuredmedia":[{"embeddable":true,"href":"https:\/\/rsrmoto.ee\/en\/wp-json\/wp\/v2\/media\/908"}],"wp:attachment":[{"href":"https:\/\/rsrmoto.ee\/en\/wp-json\/wp\/v2\/media?parent=896"}],"wp:term":[{"taxonomy":"product_brand","embeddable":true,"href":"https:\/\/rsrmoto.ee\/en\/wp-json\/wp\/v2\/product_brand?post=896"},{"taxonomy":"product_cat","embeddable":true,"href":"https:\/\/rsrmoto.ee\/en\/wp-json\/wp\/v2\/product_cat?post=896"},{"taxonomy":"product_tag","embeddable":true,"href":"https:\/\/rsrmoto.ee\/en\/wp-json\/wp\/v2\/product_tag?post=896"}],"curies":[{"name":"wp","href":"https:\/\/api.w.org\/{rel}","templated":true}]}}