{"id":909,"date":"2024-04-25T20:31:47","date_gmt":"2024-04-25T17:31:47","guid":{"rendered":"https:\/\/www.rsrmoto.ee\/?post_type=product&#038;p=909"},"modified":"2024-05-16T11:15:08","modified_gmt":"2024-05-16T08:15:08","slug":"aquamaster-light-blue-set","status":"publish","type":"product","link":"https:\/\/rsrmoto.ee\/en\/product\/aquamaster-light-blue-set\/","title":{"rendered":"AQUAMASTER LIGHT Sinine komplekt"},"content":{"rendered":"<p>KAHLAD AQUAMASTER 1536 SININE<br \/>\nNeed kahlajad on ainulaadse l\u00f5ikega, mis tagab mugavuse ja vastupidavuse. P\u00f5lve- ja istmepiirkonnad on tugevdatud uue viiekihilise kangaga, millel on HARD-TEX membraan ja vastupidav Kevlar v\u00e4liskiht. S\u00e4\u00e4rte sisemine osa, mis tavaliselt kiiremini narmendub, on t\u00e4iesti \u00f5mblusteta. K\u00f5rgeim mugavuse ja vastupidavuse tase saavutatakse t\u00e4nu kombinatsioonile kerge kangaga. Uuel veekindlal rinnataskul on tugev t\u00f5mblukk ja klapp, mis kaitseb otsese vee ja muda sissep\u00e4\u00e4su eest. Stiilseim disain on tehtud erksates v\u00e4rvides neile, kes eelistavad teistest eristuda. K\u00f5ik selles mudelis kasutatud tehnoloogiad tagavad pika kasutusea ja mugavuse. Need kahlajad on varustatud kahe veekindla tasku, ergonoomilise istuvuse, D-aasade, kuivatusaasade, elastsete trakside ja YKK pandlaga v\u00f6\u00f6ga. Kaasas on veekindel nutitelefonikott ja kandekott.<\/p>\n<p>&nbsp;<\/p>","protected":false},"excerpt":{"rendered":"<p>KAhlumissaapad SPORTSMAN 5198 SININE<br \/>\nMudelil on v\u00e4ga eristatav disain ja k\u00f5ige j\u00e4medam tald. Kasutatakse k\u00f5ige kulumiskindlamat KEVLAR-kattega kangast. Saabastes on \u00fchendatud kulumiskindlus ja spordijalatsite t\u00e4iuslik mugavus. Mudel pakub tugevat pahkluu toetust. Saapad on varustatud ainulaadse klambriga kummist v\u00e4listallaga. Ideaalne ATV ja UTV s\u00f5itjatele.<\/p>","protected":false},"featured_media":919,"template":"","meta":[],"product_brand":[],"product_cat":[107,26,15],"product_tag":[],"class_list":{"0":"post-909","1":"product","2":"type-product","3":"status-publish","4":"has-post-thumbnail","6":"product_cat-kahlamispuksid","7":"product_cat-komplektid","8":"product_cat-meestele","10":"first","11":"instock","12":"taxable","13":"shipping-taxable","14":"purchasable","15":"product-type-simple"},"ct_brands":[],"yoast_head":"<!-- This site is optimized with the Yoast SEO plugin v27.3 - https:\/\/yoast.com\/product\/yoast-seo-wordpress\/ -->\n<title>AQUAMASTER LIGHT Sinine komplekt - RSR Moto<\/title>\n<meta name=\"robots\" content=\"index, follow, max-snippet:-1, max-image-preview:large, max-video-preview:-1\" \/>\n<link rel=\"canonical\" href=\"https:\/\/rsrmoto.ee\/en\/product\/aquamaster-light-blue-set\/\" \/>\n<meta property=\"og:locale\" content=\"en_GB\" \/>\n<meta property=\"og:type\" content=\"article\" \/>\n<meta property=\"og:title\" content=\"AQUAMASTER LIGHT Sinine komplekt - RSR Moto\" \/>\n<meta property=\"og:description\" content=\"KAhlumissaapad SPORTSMAN 5198 SININE Mudelil on v\u00e4ga eristatav disain ja k\u00f5ige j\u00e4medam tald. Kasutatakse k\u00f5ige kulumiskindlamat KEVLAR-kattega kangast. Saabastes on \u00fchendatud kulumiskindlus ja spordijalatsite t\u00e4iuslik mugavus. Mudel pakub tugevat pahkluu toetust. Saapad on varustatud ainulaadse klambriga kummist v\u00e4listallaga. Ideaalne ATV ja UTV s\u00f5itjatele.\" \/>\n<meta property=\"og:url\" content=\"https:\/\/rsrmoto.ee\/en\/product\/aquamaster-light-blue-set\/\" \/>\n<meta property=\"og:site_name\" content=\"RSR Moto\" \/>\n<meta property=\"article:modified_time\" content=\"2024-05-16T08:15:08+00:00\" \/>\n<meta property=\"og:image\" content=\"https:\/\/rsrmoto.ee\/wp-content\/uploads\/2024\/04\/zs52wxod70wljcl4idd2wb3orqy2r7tf.jpg\" \/>\n\t<meta property=\"og:image:width\" content=\"1000\" \/>\n\t<meta property=\"og:image:height\" content=\"1000\" \/>\n\t<meta property=\"og:image:type\" content=\"image\/jpeg\" \/>\n<meta name=\"twitter:card\" content=\"summary_large_image\" \/>\n<meta name=\"twitter:label1\" content=\"Estimated reading time\" \/>\n\t<meta name=\"twitter:data1\" content=\"1 minute\" \/>\n<script type=\"application\/ld+json\" class=\"yoast-schema-graph\">{\"@context\":\"https:\\\/\\\/schema.org\",\"@graph\":[{\"@type\":\"WebPage\",\"@id\":\"https:\\\/\\\/rsrmoto.ee\\\/toode\\\/aquamaster-light-blue-set\\\/\",\"url\":\"https:\\\/\\\/rsrmoto.ee\\\/toode\\\/aquamaster-light-blue-set\\\/\",\"name\":\"AQUAMASTER LIGHT Sinine komplekt - RSR Moto\",\"isPartOf\":{\"@id\":\"https:\\\/\\\/rsrmoto.ee\\\/#website\"},\"primaryImageOfPage\":{\"@id\":\"https:\\\/\\\/rsrmoto.ee\\\/toode\\\/aquamaster-light-blue-set\\\/#primaryimage\"},\"image\":{\"@id\":\"https:\\\/\\\/rsrmoto.ee\\\/toode\\\/aquamaster-light-blue-set\\\/#primaryimage\"},\"thumbnailUrl\":\"https:\\\/\\\/rsrmoto.ee\\\/wp-content\\\/uploads\\\/2024\\\/04\\\/zs52wxod70wljcl4idd2wb3orqy2r7tf.jpg\",\"datePublished\":\"2024-04-25T17:31:47+00:00\",\"dateModified\":\"2024-05-16T08:15:08+00:00\",\"breadcrumb\":{\"@id\":\"https:\\\/\\\/rsrmoto.ee\\\/toode\\\/aquamaster-light-blue-set\\\/#breadcrumb\"},\"inLanguage\":\"en-GB\",\"potentialAction\":[{\"@type\":\"ReadAction\",\"target\":[\"https:\\\/\\\/rsrmoto.ee\\\/toode\\\/aquamaster-light-blue-set\\\/\"]}]},{\"@type\":\"ImageObject\",\"inLanguage\":\"en-GB\",\"@id\":\"https:\\\/\\\/rsrmoto.ee\\\/toode\\\/aquamaster-light-blue-set\\\/#primaryimage\",\"url\":\"https:\\\/\\\/rsrmoto.ee\\\/wp-content\\\/uploads\\\/2024\\\/04\\\/zs52wxod70wljcl4idd2wb3orqy2r7tf.jpg\",\"contentUrl\":\"https:\\\/\\\/rsrmoto.ee\\\/wp-content\\\/uploads\\\/2024\\\/04\\\/zs52wxod70wljcl4idd2wb3orqy2r7tf.jpg\",\"width\":1000,\"height\":1000},{\"@type\":\"BreadcrumbList\",\"@id\":\"https:\\\/\\\/rsrmoto.ee\\\/toode\\\/aquamaster-light-blue-set\\\/#breadcrumb\",\"itemListElement\":[{\"@type\":\"ListItem\",\"position\":1,\"name\":\"Esileht\",\"item\":\"https:\\\/\\\/rsrmoto.ee\\\/\"},{\"@type\":\"ListItem\",\"position\":2,\"name\":\"Pood\",\"item\":\"https:\\\/\\\/rsrmoto.ee\\\/pood\\\/\"},{\"@type\":\"ListItem\",\"position\":3,\"name\":\"AQUAMASTER LIGHT Sinine komplekt\"}]},{\"@type\":\"WebSite\",\"@id\":\"https:\\\/\\\/rsrmoto.ee\\\/#website\",\"url\":\"https:\\\/\\\/rsrmoto.ee\\\/\",\"name\":\"RSR Moto\",\"description\":\"Kvalitseetsed matka- ja kalastusriided\",\"publisher\":{\"@id\":\"https:\\\/\\\/rsrmoto.ee\\\/#organization\"},\"potentialAction\":[{\"@type\":\"SearchAction\",\"target\":{\"@type\":\"EntryPoint\",\"urlTemplate\":\"https:\\\/\\\/rsrmoto.ee\\\/?s={search_term_string}\"},\"query-input\":{\"@type\":\"PropertyValueSpecification\",\"valueRequired\":true,\"valueName\":\"search_term_string\"}}],\"inLanguage\":\"en-GB\"},{\"@type\":\"Organization\",\"@id\":\"https:\\\/\\\/rsrmoto.ee\\\/#organization\",\"name\":\"RSR Moto\",\"url\":\"https:\\\/\\\/rsrmoto.ee\\\/\",\"logo\":{\"@type\":\"ImageObject\",\"inLanguage\":\"en-GB\",\"@id\":\"https:\\\/\\\/rsrmoto.ee\\\/#\\\/schema\\\/logo\\\/image\\\/\",\"url\":\"https:\\\/\\\/www.rsrmoto.ee\\\/wp-content\\\/uploads\\\/2024\\\/05\\\/mountain-300x300-1.png\",\"contentUrl\":\"https:\\\/\\\/www.rsrmoto.ee\\\/wp-content\\\/uploads\\\/2024\\\/05\\\/mountain-300x300-1.png\",\"width\":300,\"height\":300,\"caption\":\"RSR Moto\"},\"image\":{\"@id\":\"https:\\\/\\\/rsrmoto.ee\\\/#\\\/schema\\\/logo\\\/image\\\/\"}}]}<\/script>\n<!-- \/ Yoast SEO plugin. -->","yoast_head_json":{"title":"AQUAMASTER LIGHT Sinine komplekt - RSR Moto","robots":{"index":"index","follow":"follow","max-snippet":"max-snippet:-1","max-image-preview":"max-image-preview:large","max-video-preview":"max-video-preview:-1"},"canonical":"https:\/\/rsrmoto.ee\/en\/product\/aquamaster-light-blue-set\/","og_locale":"en_GB","og_type":"article","og_title":"AQUAMASTER LIGHT Sinine komplekt - RSR Moto","og_description":"KAhlumissaapad SPORTSMAN 5198 SININE Mudelil on v\u00e4ga eristatav disain ja k\u00f5ige j\u00e4medam tald. Kasutatakse k\u00f5ige kulumiskindlamat KEVLAR-kattega kangast. Saabastes on \u00fchendatud kulumiskindlus ja spordijalatsite t\u00e4iuslik mugavus. Mudel pakub tugevat pahkluu toetust. Saapad on varustatud ainulaadse klambriga kummist v\u00e4listallaga. Ideaalne ATV ja UTV s\u00f5itjatele.","og_url":"https:\/\/rsrmoto.ee\/en\/product\/aquamaster-light-blue-set\/","og_site_name":"RSR Moto","article_modified_time":"2024-05-16T08:15:08+00:00","og_image":[{"width":1000,"height":1000,"url":"https:\/\/rsrmoto.ee\/wp-content\/uploads\/2024\/04\/zs52wxod70wljcl4idd2wb3orqy2r7tf.jpg","type":"image\/jpeg"}],"twitter_card":"summary_large_image","twitter_misc":{"Estimated reading time":"1 minute"},"schema":{"@context":"https:\/\/schema.org","@graph":[{"@type":"WebPage","@id":"https:\/\/rsrmoto.ee\/toode\/aquamaster-light-blue-set\/","url":"https:\/\/rsrmoto.ee\/toode\/aquamaster-light-blue-set\/","name":"AQUAMASTER LIGHT Sinine komplekt - RSR Moto","isPartOf":{"@id":"https:\/\/rsrmoto.ee\/#website"},"primaryImageOfPage":{"@id":"https:\/\/rsrmoto.ee\/toode\/aquamaster-light-blue-set\/#primaryimage"},"image":{"@id":"https:\/\/rsrmoto.ee\/toode\/aquamaster-light-blue-set\/#primaryimage"},"thumbnailUrl":"https:\/\/rsrmoto.ee\/wp-content\/uploads\/2024\/04\/zs52wxod70wljcl4idd2wb3orqy2r7tf.jpg","datePublished":"2024-04-25T17:31:47+00:00","dateModified":"2024-05-16T08:15:08+00:00","breadcrumb":{"@id":"https:\/\/rsrmoto.ee\/toode\/aquamaster-light-blue-set\/#breadcrumb"},"inLanguage":"en-GB","potentialAction":[{"@type":"ReadAction","target":["https:\/\/rsrmoto.ee\/toode\/aquamaster-light-blue-set\/"]}]},{"@type":"ImageObject","inLanguage":"en-GB","@id":"https:\/\/rsrmoto.ee\/toode\/aquamaster-light-blue-set\/#primaryimage","url":"https:\/\/rsrmoto.ee\/wp-content\/uploads\/2024\/04\/zs52wxod70wljcl4idd2wb3orqy2r7tf.jpg","contentUrl":"https:\/\/rsrmoto.ee\/wp-content\/uploads\/2024\/04\/zs52wxod70wljcl4idd2wb3orqy2r7tf.jpg","width":1000,"height":1000},{"@type":"BreadcrumbList","@id":"https:\/\/rsrmoto.ee\/toode\/aquamaster-light-blue-set\/#breadcrumb","itemListElement":[{"@type":"ListItem","position":1,"name":"Esileht","item":"https:\/\/rsrmoto.ee\/"},{"@type":"ListItem","position":2,"name":"Pood","item":"https:\/\/rsrmoto.ee\/pood\/"},{"@type":"ListItem","position":3,"name":"AQUAMASTER LIGHT Sinine komplekt"}]},{"@type":"WebSite","@id":"https:\/\/rsrmoto.ee\/#website","url":"https:\/\/rsrmoto.ee\/","name":"RSR Moto","description":"Kvalitseetsed matka- ja kalastusriided","publisher":{"@id":"https:\/\/rsrmoto.ee\/#organization"},"potentialAction":[{"@type":"SearchAction","target":{"@type":"EntryPoint","urlTemplate":"https:\/\/rsrmoto.ee\/?s={search_term_string}"},"query-input":{"@type":"PropertyValueSpecification","valueRequired":true,"valueName":"search_term_string"}}],"inLanguage":"en-GB"},{"@type":"Organization","@id":"https:\/\/rsrmoto.ee\/#organization","name":"RSR Moto","url":"https:\/\/rsrmoto.ee\/","logo":{"@type":"ImageObject","inLanguage":"en-GB","@id":"https:\/\/rsrmoto.ee\/#\/schema\/logo\/image\/","url":"https:\/\/www.rsrmoto.ee\/wp-content\/uploads\/2024\/05\/mountain-300x300-1.png","contentUrl":"https:\/\/www.rsrmoto.ee\/wp-content\/uploads\/2024\/05\/mountain-300x300-1.png","width":300,"height":300,"caption":"RSR Moto"},"image":{"@id":"https:\/\/rsrmoto.ee\/#\/schema\/logo\/image\/"}}]}},"_links":{"self":[{"href":"https:\/\/rsrmoto.ee\/en\/wp-json\/wp\/v2\/product\/909","targetHints":{"allow":["GET"]}}],"collection":[{"href":"https:\/\/rsrmoto.ee\/en\/wp-json\/wp\/v2\/product"}],"about":[{"href":"https:\/\/rsrmoto.ee\/en\/wp-json\/wp\/v2\/types\/product"}],"wp:featuredmedia":[{"embeddable":true,"href":"https:\/\/rsrmoto.ee\/en\/wp-json\/wp\/v2\/media\/919"}],"wp:attachment":[{"href":"https:\/\/rsrmoto.ee\/en\/wp-json\/wp\/v2\/media?parent=909"}],"wp:term":[{"taxonomy":"product_brand","embeddable":true,"href":"https:\/\/rsrmoto.ee\/en\/wp-json\/wp\/v2\/product_brand?post=909"},{"taxonomy":"product_cat","embeddable":true,"href":"https:\/\/rsrmoto.ee\/en\/wp-json\/wp\/v2\/product_cat?post=909"},{"taxonomy":"product_tag","embeddable":true,"href":"https:\/\/rsrmoto.ee\/en\/wp-json\/wp\/v2\/product_tag?post=909"}],"curies":[{"name":"wp","href":"https:\/\/api.w.org\/{rel}","templated":true}]}}