{"id":920,"date":"2024-04-25T20:34:03","date_gmt":"2024-04-25T17:34:03","guid":{"rendered":"https:\/\/www.rsrmoto.ee\/?post_type=product&#038;p=920"},"modified":"2024-05-16T11:25:56","modified_gmt":"2024-05-16T08:25:56","slug":"enduro-light-graphite-set","status":"publish","type":"product","link":"https:\/\/rsrmoto.ee\/en\/product\/enduro-light-graphite-set\/","title":{"rendered":"ENDURO LIGHT Graphite kahlamisp\u00fcksid"},"content":{"rendered":"<p>WADERS ENDURO 1525 GRAFIIT<br \/>\nVastupidamiseks ehitatud ENDURO kahlajad on spetsiaalselt loodud kartmatutele v\u00e4ljas seiklejatele, kes seisavad igal sammul silmitsi v\u00e4ljakutsuvate fordidega. Need vastupidavad kahlajad on konstrueeritud nii, et need peavad vastu ka k\u00f5ige raskemates tingimustes, tagades sellega, et saate iga seikluse enesekindlalt vallutada.<\/p>\n<p>&nbsp;<\/p>","protected":false},"excerpt":{"rendered":"<p>KAhlumissaapad SPORTSMAN 5198 SININE<br \/>\nVastupidavad ja stiilsed Sportsmani kahlamissaapad on loodud v\u00e4ljakutsuvatesse keskkondadesse. Erakordse j\u00f5udluse ja elegantse disainiga saapad tagavad suure kulumiskindluse ilma kaalust j\u00e4releandmisi tegemata. K\u00f5rge l\u00f5ikega disain pakub suurep\u00e4rast pahkluu toestust, samas kui vastupidav kummist v\u00e4listald tagab kindla haardumise m\u00e4rgadel pindadel.<\/p>","protected":false},"featured_media":932,"template":"","meta":[],"product_brand":[],"product_cat":[26,15],"product_tag":[],"class_list":{"0":"post-920","1":"product","2":"type-product","3":"status-publish","4":"has-post-thumbnail","6":"product_cat-komplektid","7":"product_cat-meestele","9":"first","10":"instock","11":"taxable","12":"shipping-taxable","13":"purchasable","14":"product-type-simple"},"ct_brands":[],"yoast_head":"<!-- This site is optimized with the Yoast SEO plugin v27.3 - https:\/\/yoast.com\/product\/yoast-seo-wordpress\/ -->\n<title>ENDURO LIGHT Graphite kahlamisp\u00fcksid - RSR Moto<\/title>\n<meta name=\"robots\" content=\"index, follow, max-snippet:-1, max-image-preview:large, max-video-preview:-1\" \/>\n<link rel=\"canonical\" href=\"https:\/\/rsrmoto.ee\/en\/product\/enduro-light-graphite-set\/\" \/>\n<meta property=\"og:locale\" content=\"en_GB\" \/>\n<meta property=\"og:type\" content=\"article\" \/>\n<meta property=\"og:title\" content=\"ENDURO LIGHT Graphite kahlamisp\u00fcksid - RSR Moto\" \/>\n<meta property=\"og:description\" content=\"KAhlumissaapad SPORTSMAN 5198 SININE Vastupidavad ja stiilsed Sportsmani kahlamissaapad on loodud v\u00e4ljakutsuvatesse keskkondadesse. Erakordse j\u00f5udluse ja elegantse disainiga saapad tagavad suure kulumiskindluse ilma kaalust j\u00e4releandmisi tegemata. K\u00f5rge l\u00f5ikega disain pakub suurep\u00e4rast pahkluu toestust, samas kui vastupidav kummist v\u00e4listald tagab kindla haardumise m\u00e4rgadel pindadel.\" \/>\n<meta property=\"og:url\" content=\"https:\/\/rsrmoto.ee\/en\/product\/enduro-light-graphite-set\/\" \/>\n<meta property=\"og:site_name\" content=\"RSR Moto\" \/>\n<meta property=\"article:modified_time\" content=\"2024-05-16T08:25:56+00:00\" \/>\n<meta property=\"og:image\" content=\"https:\/\/rsrmoto.ee\/wp-content\/uploads\/2024\/04\/zgci1b0lys58xnih2cd2ppgq7533plb2.jpg\" \/>\n\t<meta property=\"og:image:width\" content=\"1000\" \/>\n\t<meta property=\"og:image:height\" content=\"1000\" \/>\n\t<meta property=\"og:image:type\" content=\"image\/jpeg\" \/>\n<meta name=\"twitter:card\" content=\"summary_large_image\" \/>\n<script type=\"application\/ld+json\" class=\"yoast-schema-graph\">{\"@context\":\"https:\\\/\\\/schema.org\",\"@graph\":[{\"@type\":\"WebPage\",\"@id\":\"https:\\\/\\\/rsrmoto.ee\\\/toode\\\/enduro-light-graphite-set\\\/\",\"url\":\"https:\\\/\\\/rsrmoto.ee\\\/toode\\\/enduro-light-graphite-set\\\/\",\"name\":\"ENDURO LIGHT Graphite kahlamisp\u00fcksid - RSR Moto\",\"isPartOf\":{\"@id\":\"https:\\\/\\\/rsrmoto.ee\\\/#website\"},\"primaryImageOfPage\":{\"@id\":\"https:\\\/\\\/rsrmoto.ee\\\/toode\\\/enduro-light-graphite-set\\\/#primaryimage\"},\"image\":{\"@id\":\"https:\\\/\\\/rsrmoto.ee\\\/toode\\\/enduro-light-graphite-set\\\/#primaryimage\"},\"thumbnailUrl\":\"https:\\\/\\\/rsrmoto.ee\\\/wp-content\\\/uploads\\\/2024\\\/04\\\/zgci1b0lys58xnih2cd2ppgq7533plb2.jpg\",\"datePublished\":\"2024-04-25T17:34:03+00:00\",\"dateModified\":\"2024-05-16T08:25:56+00:00\",\"breadcrumb\":{\"@id\":\"https:\\\/\\\/rsrmoto.ee\\\/toode\\\/enduro-light-graphite-set\\\/#breadcrumb\"},\"inLanguage\":\"en-GB\",\"potentialAction\":[{\"@type\":\"ReadAction\",\"target\":[\"https:\\\/\\\/rsrmoto.ee\\\/toode\\\/enduro-light-graphite-set\\\/\"]}]},{\"@type\":\"ImageObject\",\"inLanguage\":\"en-GB\",\"@id\":\"https:\\\/\\\/rsrmoto.ee\\\/toode\\\/enduro-light-graphite-set\\\/#primaryimage\",\"url\":\"https:\\\/\\\/rsrmoto.ee\\\/wp-content\\\/uploads\\\/2024\\\/04\\\/zgci1b0lys58xnih2cd2ppgq7533plb2.jpg\",\"contentUrl\":\"https:\\\/\\\/rsrmoto.ee\\\/wp-content\\\/uploads\\\/2024\\\/04\\\/zgci1b0lys58xnih2cd2ppgq7533plb2.jpg\",\"width\":1000,\"height\":1000},{\"@type\":\"BreadcrumbList\",\"@id\":\"https:\\\/\\\/rsrmoto.ee\\\/toode\\\/enduro-light-graphite-set\\\/#breadcrumb\",\"itemListElement\":[{\"@type\":\"ListItem\",\"position\":1,\"name\":\"Esileht\",\"item\":\"https:\\\/\\\/rsrmoto.ee\\\/\"},{\"@type\":\"ListItem\",\"position\":2,\"name\":\"Pood\",\"item\":\"https:\\\/\\\/rsrmoto.ee\\\/pood\\\/\"},{\"@type\":\"ListItem\",\"position\":3,\"name\":\"ENDURO LIGHT Graphite kahlamisp\u00fcksid\"}]},{\"@type\":\"WebSite\",\"@id\":\"https:\\\/\\\/rsrmoto.ee\\\/#website\",\"url\":\"https:\\\/\\\/rsrmoto.ee\\\/\",\"name\":\"RSR Moto\",\"description\":\"Kvalitseetsed matka- ja kalastusriided\",\"publisher\":{\"@id\":\"https:\\\/\\\/rsrmoto.ee\\\/#organization\"},\"potentialAction\":[{\"@type\":\"SearchAction\",\"target\":{\"@type\":\"EntryPoint\",\"urlTemplate\":\"https:\\\/\\\/rsrmoto.ee\\\/?s={search_term_string}\"},\"query-input\":{\"@type\":\"PropertyValueSpecification\",\"valueRequired\":true,\"valueName\":\"search_term_string\"}}],\"inLanguage\":\"en-GB\"},{\"@type\":\"Organization\",\"@id\":\"https:\\\/\\\/rsrmoto.ee\\\/#organization\",\"name\":\"RSR Moto\",\"url\":\"https:\\\/\\\/rsrmoto.ee\\\/\",\"logo\":{\"@type\":\"ImageObject\",\"inLanguage\":\"en-GB\",\"@id\":\"https:\\\/\\\/rsrmoto.ee\\\/#\\\/schema\\\/logo\\\/image\\\/\",\"url\":\"https:\\\/\\\/www.rsrmoto.ee\\\/wp-content\\\/uploads\\\/2024\\\/05\\\/mountain-300x300-1.png\",\"contentUrl\":\"https:\\\/\\\/www.rsrmoto.ee\\\/wp-content\\\/uploads\\\/2024\\\/05\\\/mountain-300x300-1.png\",\"width\":300,\"height\":300,\"caption\":\"RSR Moto\"},\"image\":{\"@id\":\"https:\\\/\\\/rsrmoto.ee\\\/#\\\/schema\\\/logo\\\/image\\\/\"}}]}<\/script>\n<!-- \/ Yoast SEO plugin. -->","yoast_head_json":{"title":"ENDURO LIGHT Graphite kahlamisp\u00fcksid - RSR Moto","robots":{"index":"index","follow":"follow","max-snippet":"max-snippet:-1","max-image-preview":"max-image-preview:large","max-video-preview":"max-video-preview:-1"},"canonical":"https:\/\/rsrmoto.ee\/en\/product\/enduro-light-graphite-set\/","og_locale":"en_GB","og_type":"article","og_title":"ENDURO LIGHT Graphite kahlamisp\u00fcksid - RSR Moto","og_description":"KAhlumissaapad SPORTSMAN 5198 SININE Vastupidavad ja stiilsed Sportsmani kahlamissaapad on loodud v\u00e4ljakutsuvatesse keskkondadesse. Erakordse j\u00f5udluse ja elegantse disainiga saapad tagavad suure kulumiskindluse ilma kaalust j\u00e4releandmisi tegemata. K\u00f5rge l\u00f5ikega disain pakub suurep\u00e4rast pahkluu toestust, samas kui vastupidav kummist v\u00e4listald tagab kindla haardumise m\u00e4rgadel pindadel.","og_url":"https:\/\/rsrmoto.ee\/en\/product\/enduro-light-graphite-set\/","og_site_name":"RSR Moto","article_modified_time":"2024-05-16T08:25:56+00:00","og_image":[{"width":1000,"height":1000,"url":"https:\/\/rsrmoto.ee\/wp-content\/uploads\/2024\/04\/zgci1b0lys58xnih2cd2ppgq7533plb2.jpg","type":"image\/jpeg"}],"twitter_card":"summary_large_image","schema":{"@context":"https:\/\/schema.org","@graph":[{"@type":"WebPage","@id":"https:\/\/rsrmoto.ee\/toode\/enduro-light-graphite-set\/","url":"https:\/\/rsrmoto.ee\/toode\/enduro-light-graphite-set\/","name":"ENDURO LIGHT Graphite kahlamisp\u00fcksid - RSR Moto","isPartOf":{"@id":"https:\/\/rsrmoto.ee\/#website"},"primaryImageOfPage":{"@id":"https:\/\/rsrmoto.ee\/toode\/enduro-light-graphite-set\/#primaryimage"},"image":{"@id":"https:\/\/rsrmoto.ee\/toode\/enduro-light-graphite-set\/#primaryimage"},"thumbnailUrl":"https:\/\/rsrmoto.ee\/wp-content\/uploads\/2024\/04\/zgci1b0lys58xnih2cd2ppgq7533plb2.jpg","datePublished":"2024-04-25T17:34:03+00:00","dateModified":"2024-05-16T08:25:56+00:00","breadcrumb":{"@id":"https:\/\/rsrmoto.ee\/toode\/enduro-light-graphite-set\/#breadcrumb"},"inLanguage":"en-GB","potentialAction":[{"@type":"ReadAction","target":["https:\/\/rsrmoto.ee\/toode\/enduro-light-graphite-set\/"]}]},{"@type":"ImageObject","inLanguage":"en-GB","@id":"https:\/\/rsrmoto.ee\/toode\/enduro-light-graphite-set\/#primaryimage","url":"https:\/\/rsrmoto.ee\/wp-content\/uploads\/2024\/04\/zgci1b0lys58xnih2cd2ppgq7533plb2.jpg","contentUrl":"https:\/\/rsrmoto.ee\/wp-content\/uploads\/2024\/04\/zgci1b0lys58xnih2cd2ppgq7533plb2.jpg","width":1000,"height":1000},{"@type":"BreadcrumbList","@id":"https:\/\/rsrmoto.ee\/toode\/enduro-light-graphite-set\/#breadcrumb","itemListElement":[{"@type":"ListItem","position":1,"name":"Esileht","item":"https:\/\/rsrmoto.ee\/"},{"@type":"ListItem","position":2,"name":"Pood","item":"https:\/\/rsrmoto.ee\/pood\/"},{"@type":"ListItem","position":3,"name":"ENDURO LIGHT Graphite kahlamisp\u00fcksid"}]},{"@type":"WebSite","@id":"https:\/\/rsrmoto.ee\/#website","url":"https:\/\/rsrmoto.ee\/","name":"RSR Moto","description":"Kvalitseetsed matka- ja kalastusriided","publisher":{"@id":"https:\/\/rsrmoto.ee\/#organization"},"potentialAction":[{"@type":"SearchAction","target":{"@type":"EntryPoint","urlTemplate":"https:\/\/rsrmoto.ee\/?s={search_term_string}"},"query-input":{"@type":"PropertyValueSpecification","valueRequired":true,"valueName":"search_term_string"}}],"inLanguage":"en-GB"},{"@type":"Organization","@id":"https:\/\/rsrmoto.ee\/#organization","name":"RSR Moto","url":"https:\/\/rsrmoto.ee\/","logo":{"@type":"ImageObject","inLanguage":"en-GB","@id":"https:\/\/rsrmoto.ee\/#\/schema\/logo\/image\/","url":"https:\/\/www.rsrmoto.ee\/wp-content\/uploads\/2024\/05\/mountain-300x300-1.png","contentUrl":"https:\/\/www.rsrmoto.ee\/wp-content\/uploads\/2024\/05\/mountain-300x300-1.png","width":300,"height":300,"caption":"RSR Moto"},"image":{"@id":"https:\/\/rsrmoto.ee\/#\/schema\/logo\/image\/"}}]}},"_links":{"self":[{"href":"https:\/\/rsrmoto.ee\/en\/wp-json\/wp\/v2\/product\/920","targetHints":{"allow":["GET"]}}],"collection":[{"href":"https:\/\/rsrmoto.ee\/en\/wp-json\/wp\/v2\/product"}],"about":[{"href":"https:\/\/rsrmoto.ee\/en\/wp-json\/wp\/v2\/types\/product"}],"wp:featuredmedia":[{"embeddable":true,"href":"https:\/\/rsrmoto.ee\/en\/wp-json\/wp\/v2\/media\/932"}],"wp:attachment":[{"href":"https:\/\/rsrmoto.ee\/en\/wp-json\/wp\/v2\/media?parent=920"}],"wp:term":[{"taxonomy":"product_brand","embeddable":true,"href":"https:\/\/rsrmoto.ee\/en\/wp-json\/wp\/v2\/product_brand?post=920"},{"taxonomy":"product_cat","embeddable":true,"href":"https:\/\/rsrmoto.ee\/en\/wp-json\/wp\/v2\/product_cat?post=920"},{"taxonomy":"product_tag","embeddable":true,"href":"https:\/\/rsrmoto.ee\/en\/wp-json\/wp\/v2\/product_tag?post=920"}],"curies":[{"name":"wp","href":"https:\/\/api.w.org\/{rel}","templated":true}]}}