{"id":933,"date":"2024-04-25T20:39:40","date_gmt":"2024-04-25T17:39:40","guid":{"rendered":"https:\/\/www.rsrmoto.ee\/?post_type=product&#038;p=933"},"modified":"2024-05-16T13:50:50","modified_gmt":"2024-05-16T10:50:50","slug":"speedmaster-light-camolightgrey-set","status":"publish","type":"product","link":"https:\/\/rsrmoto.ee\/en\/product\/speedmaster-light-camolightgrey-set\/","title":{"rendered":"SPEEDMASTER &#8220;LIGHT Camolight&#8221; Hall"},"content":{"rendered":"<p>WADERS SPEEDMASTER 1528 CAMOLIGHTGREY<br \/>\nSpeedmasteri kahlajad on t\u00e4iustatud disaini, ohutuse ja funktsionaalsuse kehastus. Need on v\u00e4lja t\u00f6\u00f6tatud k\u00f5igile \u00f5ues\u00f5pradele, kes soovivad oma potentsiaali vallandada, teades, et neil on \u00fclim kaitse, mugavus ja mugavus. T\u00e4iendava tugevdusega v\u00f5tmepiirkondades ja sisemiste eemaldatavate p\u00f5lvekaitsmetega tagavad kahlajad suurep\u00e4rase kaitse elementide vastu ja v\u00f5imaldavad teil enesekindlalt navigeerida raskel maastikul.<\/p>","protected":false},"excerpt":{"rendered":"<p>KAhlumissaapad SPORTSMAN 5198 SININE<br \/>\nVastupidavad ja stiilsed Sportsmani kahlamissaapad on loodud v\u00e4ljakutsuvatesse keskkondadesse. Erakordse j\u00f5udluse ja elegantse disainiga saapad tagavad suure kulumiskindluse ilma kaalust j\u00e4releandmisi tegemata. K\u00f5rge l\u00f5ikega disain pakub suurep\u00e4rast pahkluu toestust, samas kui vastupidav kummist v\u00e4listald tagab kindla haardumise m\u00e4rgadel pindadel.<\/p>","protected":false},"featured_media":943,"template":"","meta":[],"product_brand":[],"product_cat":[26,15],"product_tag":[],"class_list":{"0":"post-933","1":"product","2":"type-product","3":"status-publish","4":"has-post-thumbnail","6":"product_cat-komplektid","7":"product_cat-meestele","9":"first","10":"instock","11":"taxable","12":"shipping-taxable","13":"purchasable","14":"product-type-simple"},"ct_brands":[],"yoast_head":"<!-- This site is optimized with the Yoast SEO plugin v27.3 - https:\/\/yoast.com\/product\/yoast-seo-wordpress\/ -->\n<title>SPEEDMASTER &quot;LIGHT Camolight&quot; Hall - RSR Moto<\/title>\n<meta name=\"robots\" content=\"index, follow, max-snippet:-1, max-image-preview:large, max-video-preview:-1\" \/>\n<link rel=\"canonical\" href=\"https:\/\/rsrmoto.ee\/en\/product\/speedmaster-light-camolightgrey-set\/\" \/>\n<meta property=\"og:locale\" content=\"en_GB\" \/>\n<meta property=\"og:type\" content=\"article\" \/>\n<meta property=\"og:title\" content=\"SPEEDMASTER &quot;LIGHT Camolight&quot; Hall - RSR Moto\" \/>\n<meta property=\"og:description\" content=\"KAhlumissaapad SPORTSMAN 5198 SININE Vastupidavad ja stiilsed Sportsmani kahlamissaapad on loodud v\u00e4ljakutsuvatesse keskkondadesse. Erakordse j\u00f5udluse ja elegantse disainiga saapad tagavad suure kulumiskindluse ilma kaalust j\u00e4releandmisi tegemata. K\u00f5rge l\u00f5ikega disain pakub suurep\u00e4rast pahkluu toestust, samas kui vastupidav kummist v\u00e4listald tagab kindla haardumise m\u00e4rgadel pindadel.\" \/>\n<meta property=\"og:url\" content=\"https:\/\/rsrmoto.ee\/en\/product\/speedmaster-light-camolightgrey-set\/\" \/>\n<meta property=\"og:site_name\" content=\"RSR Moto\" \/>\n<meta property=\"article:modified_time\" content=\"2024-05-16T10:50:50+00:00\" \/>\n<meta property=\"og:image\" content=\"https:\/\/rsrmoto.ee\/wp-content\/uploads\/2024\/04\/81dq50dmygohmnfw6gvx8la4hmon1526.webp\" \/>\n\t<meta property=\"og:image:width\" content=\"1000\" \/>\n\t<meta property=\"og:image:height\" content=\"1000\" \/>\n\t<meta property=\"og:image:type\" content=\"image\/webp\" \/>\n<meta name=\"twitter:card\" content=\"summary_large_image\" \/>\n<script type=\"application\/ld+json\" class=\"yoast-schema-graph\">{\"@context\":\"https:\\\/\\\/schema.org\",\"@graph\":[{\"@type\":\"WebPage\",\"@id\":\"https:\\\/\\\/rsrmoto.ee\\\/toode\\\/speedmaster-light-camolightgrey-set\\\/\",\"url\":\"https:\\\/\\\/rsrmoto.ee\\\/toode\\\/speedmaster-light-camolightgrey-set\\\/\",\"name\":\"SPEEDMASTER \\\"LIGHT Camolight\\\" Hall - RSR Moto\",\"isPartOf\":{\"@id\":\"https:\\\/\\\/rsrmoto.ee\\\/#website\"},\"primaryImageOfPage\":{\"@id\":\"https:\\\/\\\/rsrmoto.ee\\\/toode\\\/speedmaster-light-camolightgrey-set\\\/#primaryimage\"},\"image\":{\"@id\":\"https:\\\/\\\/rsrmoto.ee\\\/toode\\\/speedmaster-light-camolightgrey-set\\\/#primaryimage\"},\"thumbnailUrl\":\"https:\\\/\\\/rsrmoto.ee\\\/wp-content\\\/uploads\\\/2024\\\/04\\\/81dq50dmygohmnfw6gvx8la4hmon1526.webp\",\"datePublished\":\"2024-04-25T17:39:40+00:00\",\"dateModified\":\"2024-05-16T10:50:50+00:00\",\"breadcrumb\":{\"@id\":\"https:\\\/\\\/rsrmoto.ee\\\/toode\\\/speedmaster-light-camolightgrey-set\\\/#breadcrumb\"},\"inLanguage\":\"en-GB\",\"potentialAction\":[{\"@type\":\"ReadAction\",\"target\":[\"https:\\\/\\\/rsrmoto.ee\\\/toode\\\/speedmaster-light-camolightgrey-set\\\/\"]}]},{\"@type\":\"ImageObject\",\"inLanguage\":\"en-GB\",\"@id\":\"https:\\\/\\\/rsrmoto.ee\\\/toode\\\/speedmaster-light-camolightgrey-set\\\/#primaryimage\",\"url\":\"https:\\\/\\\/rsrmoto.ee\\\/wp-content\\\/uploads\\\/2024\\\/04\\\/81dq50dmygohmnfw6gvx8la4hmon1526.webp\",\"contentUrl\":\"https:\\\/\\\/rsrmoto.ee\\\/wp-content\\\/uploads\\\/2024\\\/04\\\/81dq50dmygohmnfw6gvx8la4hmon1526.webp\",\"width\":1000,\"height\":1000},{\"@type\":\"BreadcrumbList\",\"@id\":\"https:\\\/\\\/rsrmoto.ee\\\/toode\\\/speedmaster-light-camolightgrey-set\\\/#breadcrumb\",\"itemListElement\":[{\"@type\":\"ListItem\",\"position\":1,\"name\":\"Esileht\",\"item\":\"https:\\\/\\\/rsrmoto.ee\\\/\"},{\"@type\":\"ListItem\",\"position\":2,\"name\":\"Pood\",\"item\":\"https:\\\/\\\/rsrmoto.ee\\\/pood\\\/\"},{\"@type\":\"ListItem\",\"position\":3,\"name\":\"SPEEDMASTER &#8220;LIGHT Camolight&#8221; Hall\"}]},{\"@type\":\"WebSite\",\"@id\":\"https:\\\/\\\/rsrmoto.ee\\\/#website\",\"url\":\"https:\\\/\\\/rsrmoto.ee\\\/\",\"name\":\"RSR Moto\",\"description\":\"Kvalitseetsed matka- ja kalastusriided\",\"publisher\":{\"@id\":\"https:\\\/\\\/rsrmoto.ee\\\/#organization\"},\"potentialAction\":[{\"@type\":\"SearchAction\",\"target\":{\"@type\":\"EntryPoint\",\"urlTemplate\":\"https:\\\/\\\/rsrmoto.ee\\\/?s={search_term_string}\"},\"query-input\":{\"@type\":\"PropertyValueSpecification\",\"valueRequired\":true,\"valueName\":\"search_term_string\"}}],\"inLanguage\":\"en-GB\"},{\"@type\":\"Organization\",\"@id\":\"https:\\\/\\\/rsrmoto.ee\\\/#organization\",\"name\":\"RSR Moto\",\"url\":\"https:\\\/\\\/rsrmoto.ee\\\/\",\"logo\":{\"@type\":\"ImageObject\",\"inLanguage\":\"en-GB\",\"@id\":\"https:\\\/\\\/rsrmoto.ee\\\/#\\\/schema\\\/logo\\\/image\\\/\",\"url\":\"https:\\\/\\\/www.rsrmoto.ee\\\/wp-content\\\/uploads\\\/2024\\\/05\\\/mountain-300x300-1.png\",\"contentUrl\":\"https:\\\/\\\/www.rsrmoto.ee\\\/wp-content\\\/uploads\\\/2024\\\/05\\\/mountain-300x300-1.png\",\"width\":300,\"height\":300,\"caption\":\"RSR Moto\"},\"image\":{\"@id\":\"https:\\\/\\\/rsrmoto.ee\\\/#\\\/schema\\\/logo\\\/image\\\/\"}}]}<\/script>\n<!-- \/ Yoast SEO plugin. -->","yoast_head_json":{"title":"SPEEDMASTER \"LIGHT Camolight\" Hall - RSR Moto","robots":{"index":"index","follow":"follow","max-snippet":"max-snippet:-1","max-image-preview":"max-image-preview:large","max-video-preview":"max-video-preview:-1"},"canonical":"https:\/\/rsrmoto.ee\/en\/product\/speedmaster-light-camolightgrey-set\/","og_locale":"en_GB","og_type":"article","og_title":"SPEEDMASTER \"LIGHT Camolight\" Hall - RSR Moto","og_description":"KAhlumissaapad SPORTSMAN 5198 SININE Vastupidavad ja stiilsed Sportsmani kahlamissaapad on loodud v\u00e4ljakutsuvatesse keskkondadesse. Erakordse j\u00f5udluse ja elegantse disainiga saapad tagavad suure kulumiskindluse ilma kaalust j\u00e4releandmisi tegemata. K\u00f5rge l\u00f5ikega disain pakub suurep\u00e4rast pahkluu toestust, samas kui vastupidav kummist v\u00e4listald tagab kindla haardumise m\u00e4rgadel pindadel.","og_url":"https:\/\/rsrmoto.ee\/en\/product\/speedmaster-light-camolightgrey-set\/","og_site_name":"RSR Moto","article_modified_time":"2024-05-16T10:50:50+00:00","og_image":[{"width":1000,"height":1000,"url":"https:\/\/rsrmoto.ee\/wp-content\/uploads\/2024\/04\/81dq50dmygohmnfw6gvx8la4hmon1526.webp","type":"image\/webp"}],"twitter_card":"summary_large_image","schema":{"@context":"https:\/\/schema.org","@graph":[{"@type":"WebPage","@id":"https:\/\/rsrmoto.ee\/toode\/speedmaster-light-camolightgrey-set\/","url":"https:\/\/rsrmoto.ee\/toode\/speedmaster-light-camolightgrey-set\/","name":"SPEEDMASTER \"LIGHT Camolight\" Hall - RSR Moto","isPartOf":{"@id":"https:\/\/rsrmoto.ee\/#website"},"primaryImageOfPage":{"@id":"https:\/\/rsrmoto.ee\/toode\/speedmaster-light-camolightgrey-set\/#primaryimage"},"image":{"@id":"https:\/\/rsrmoto.ee\/toode\/speedmaster-light-camolightgrey-set\/#primaryimage"},"thumbnailUrl":"https:\/\/rsrmoto.ee\/wp-content\/uploads\/2024\/04\/81dq50dmygohmnfw6gvx8la4hmon1526.webp","datePublished":"2024-04-25T17:39:40+00:00","dateModified":"2024-05-16T10:50:50+00:00","breadcrumb":{"@id":"https:\/\/rsrmoto.ee\/toode\/speedmaster-light-camolightgrey-set\/#breadcrumb"},"inLanguage":"en-GB","potentialAction":[{"@type":"ReadAction","target":["https:\/\/rsrmoto.ee\/toode\/speedmaster-light-camolightgrey-set\/"]}]},{"@type":"ImageObject","inLanguage":"en-GB","@id":"https:\/\/rsrmoto.ee\/toode\/speedmaster-light-camolightgrey-set\/#primaryimage","url":"https:\/\/rsrmoto.ee\/wp-content\/uploads\/2024\/04\/81dq50dmygohmnfw6gvx8la4hmon1526.webp","contentUrl":"https:\/\/rsrmoto.ee\/wp-content\/uploads\/2024\/04\/81dq50dmygohmnfw6gvx8la4hmon1526.webp","width":1000,"height":1000},{"@type":"BreadcrumbList","@id":"https:\/\/rsrmoto.ee\/toode\/speedmaster-light-camolightgrey-set\/#breadcrumb","itemListElement":[{"@type":"ListItem","position":1,"name":"Esileht","item":"https:\/\/rsrmoto.ee\/"},{"@type":"ListItem","position":2,"name":"Pood","item":"https:\/\/rsrmoto.ee\/pood\/"},{"@type":"ListItem","position":3,"name":"SPEEDMASTER &#8220;LIGHT Camolight&#8221; Hall"}]},{"@type":"WebSite","@id":"https:\/\/rsrmoto.ee\/#website","url":"https:\/\/rsrmoto.ee\/","name":"RSR Moto","description":"Kvalitseetsed matka- ja kalastusriided","publisher":{"@id":"https:\/\/rsrmoto.ee\/#organization"},"potentialAction":[{"@type":"SearchAction","target":{"@type":"EntryPoint","urlTemplate":"https:\/\/rsrmoto.ee\/?s={search_term_string}"},"query-input":{"@type":"PropertyValueSpecification","valueRequired":true,"valueName":"search_term_string"}}],"inLanguage":"en-GB"},{"@type":"Organization","@id":"https:\/\/rsrmoto.ee\/#organization","name":"RSR Moto","url":"https:\/\/rsrmoto.ee\/","logo":{"@type":"ImageObject","inLanguage":"en-GB","@id":"https:\/\/rsrmoto.ee\/#\/schema\/logo\/image\/","url":"https:\/\/www.rsrmoto.ee\/wp-content\/uploads\/2024\/05\/mountain-300x300-1.png","contentUrl":"https:\/\/www.rsrmoto.ee\/wp-content\/uploads\/2024\/05\/mountain-300x300-1.png","width":300,"height":300,"caption":"RSR Moto"},"image":{"@id":"https:\/\/rsrmoto.ee\/#\/schema\/logo\/image\/"}}]}},"_links":{"self":[{"href":"https:\/\/rsrmoto.ee\/en\/wp-json\/wp\/v2\/product\/933","targetHints":{"allow":["GET"]}}],"collection":[{"href":"https:\/\/rsrmoto.ee\/en\/wp-json\/wp\/v2\/product"}],"about":[{"href":"https:\/\/rsrmoto.ee\/en\/wp-json\/wp\/v2\/types\/product"}],"wp:featuredmedia":[{"embeddable":true,"href":"https:\/\/rsrmoto.ee\/en\/wp-json\/wp\/v2\/media\/943"}],"wp:attachment":[{"href":"https:\/\/rsrmoto.ee\/en\/wp-json\/wp\/v2\/media?parent=933"}],"wp:term":[{"taxonomy":"product_brand","embeddable":true,"href":"https:\/\/rsrmoto.ee\/en\/wp-json\/wp\/v2\/product_brand?post=933"},{"taxonomy":"product_cat","embeddable":true,"href":"https:\/\/rsrmoto.ee\/en\/wp-json\/wp\/v2\/product_cat?post=933"},{"taxonomy":"product_tag","embeddable":true,"href":"https:\/\/rsrmoto.ee\/en\/wp-json\/wp\/v2\/product_tag?post=933"}],"curies":[{"name":"wp","href":"https:\/\/api.w.org\/{rel}","templated":true}]}}